{"id":6901,"date":"2025-09-20T19:26:09","date_gmt":"2025-09-20T19:26:09","guid":{"rendered":"https:\/\/dutchchemlabs.com\/?post_type=product&#038;p=6901"},"modified":"2025-11-08T07:39:06","modified_gmt":"2025-11-08T07:39:06","slug":"jacked-30ml-poppers","status":"publish","type":"product","link":"https:\/\/dutchchemlabs.com\/et\/product\/jacked-30ml-poppers\/","title":{"rendered":"Jacked 30ml poppers"},"content":{"rendered":"<h2>Lockerroom Poppers Jacked poppers bestellen<\/h2>\n<p>De Lockerroom Poppers Jacked 30ml is de beste popper voor beginnende, maar ook ervaren gebruikers. Poppers maken jouw intieme momenten nog leuker en spannender! Wanneer je direct uit het flesje snuift voel je direct het effect. Het effect duurt een aantal minuten. Lockerroom Poppers Jacked 30ml poppers zijn een aantal keren gedistilleerd, waardoor de kwaliteit zeer zuiver is. Let op: Gebruik dit product niet in combinatie met erectiemiddelen.<\/p>\n<p>Bent u op zoek naar een manier om poppers te kopen en te genieten van een intense en onvergetelijke ervaring? Dan is Lockerroom Poppers Jacked 30ml iets voor u! Deze krachtige en hoogwaardige formule is speciaal ontwikkeld om u te helpen ontspannen en uw grenzen te verleggen, en is beschikbaar om bij ons te kopen op dutchchemlabs.com.<\/p>\n<p>Kas soovite osta ka 3CMC? Dutchchemlabs.com, me m\u00fc\u00fcme ka <a href=\"https:\/\/dutchchemlabs.com\/product\/3cmc-kopen\/\">3CMC pulber<\/a>, <a href=\"https:\/\/dutchchemlabs.com\/product\/3cmc-kopen-kristallen\/\">3CMC kristallid<\/a> ja <a href=\"https:\/\/dutchchemlabs.com\/product\/3cmc-kopen-capsules\/\">3CMC kapslid<\/a>.<\/p>\n<h2>Lockerroom Poppers Jacked review<\/h2>\n<p>Jacked is een popper uit de Lockerroom Poppers-serie die bekend staat om zijn sterke en intense effecten. Deze krachtige popper is geliefd onder ervaren gebruikers die op zoek zijn naar een intense sensatie. Het flesje bevat een geconcentreerde formule die zorgt voor een snelle rush. Bij het openen komt er een krachtige geur vrij die direct een opwindend gevoel geeft. De effecten van Jacked zijn voelbaar in het hele lichaam, met een sterke headrush en een ontspannend gevoel van de spieren. De intensiteit van Jacked kan de ervaring van seksuele activiteiten versterken en de zintuigen verhogen. Het is belangrijk om deze popper met mate te gebruiken en de aanbevolen dosering te volgen. Voor gebruikers die op zoek zijn naar een krachtige en intense poppersensatie is Lockerroom Poppers Jacked een uitstekende keuze.<\/p>\n<h2>Osta poppereid aadressil dutchchemlabs.com<\/h2>\n<p>Veebilehel dutchchemlabs.com saate hiljuti tellida poppereid. Oleme endiselt h\u00f5ivatud oma tootevaliku laiendamisega. Kas teil on ettepanekuid, milliseid poppereid v\u00f5i muid tooteid v\u00f5iksime pakkuda? <a href=\"https:\/\/dutchchemlabs.com\/contact\">V\u00f5tke meiega \u00fchendust<\/a> op en laat het ons weten! Naast de Lockerroom Poppers Jacked 30ml poppers bieden wij <a href=\"https:\/\/dutchchemlabs.com\/product-categorie\/poppers\/\">mitut t\u00fc\u00fcpi poppereid.<\/a><\/p>\n<h2>Tellitud enne 18:00 = tarnitud homme!<\/h2>\n<p><strong>Tellitud enne 18:00 = tarnitud homme! <\/strong>Teie tellimus saadetakse anon\u00fc\u00fcmselt ja diskreetselt meie tavap\u00e4rase partneri PostNLi kaudu. Lisaks saate lihtsalt ja kiiresti maksta iDEALi v\u00f5i Bancontactiga. Tellige veebilehe kaudu v\u00f5i v\u00f5tke meiega \u00fchendust chat'i kaudu. Kui teil on k\u00fcsimusi ja\/v\u00f5i m\u00e4rkusi, v\u00f5ite alati helistada, saata meile e-kirja v\u00f5i helistada meile. Suuremate koguste tellimuste puhul saatke e-kiri aadressil info@dutchchemlabs.com. Ootame huviga teie tellimust!<\/p>\n<p>dutchchemlabs.com m\u00fc\u00fcb <a href=\"https:\/\/dutchchemlabs.com\/product-categorie\/research-chemicals\/\">Teadusuuringute kemikaalid<\/a> ja muud.<\/p>\n<div id=\"ConnectiveDocSignExtentionInstalled\" data-extension-version=\"1.0.4\"><\/div>","protected":false},"excerpt":{"rendered":"<ul>\n<li><strong>Diskreetne ja anon\u00fc\u00fcmne laevandus<\/strong><\/li>\n<li><strong>Tellitud enne 18:00 = tarnitud homme!<\/strong><\/li>\n<li><strong>Tasuta kohaletoimetamine \u00fcle 50 euro<\/strong><\/li>\n<\/ul>\n<div id=\"ConnectiveDocSignExtentionInstalled\" data-extension-version=\"1.0.4\"><\/div>","protected":false},"featured_media":6955,"comment_status":"open","ping_status":"closed","template":"","meta":[],"product_brand":[],"product_cat":[206,207],"product_tag":[],"class_list":{"0":"post-6901","1":"product","2":"type-product","3":"status-publish","4":"has-post-thumbnail","6":"product_cat-poppers","7":"product_cat-poppers-large","9":"first","10":"instock","11":"taxable","12":"shipping-taxable","13":"purchasable","14":"product-type-simple"},"jetpack_sharing_enabled":true,"_links":{"self":[{"href":"https:\/\/dutchchemlabs.com\/et\/wp-json\/wp\/v2\/product\/6901","targetHints":{"allow":["GET"]}}],"collection":[{"href":"https:\/\/dutchchemlabs.com\/et\/wp-json\/wp\/v2\/product"}],"about":[{"href":"https:\/\/dutchchemlabs.com\/et\/wp-json\/wp\/v2\/types\/product"}],"replies":[{"embeddable":true,"href":"https:\/\/dutchchemlabs.com\/et\/wp-json\/wp\/v2\/comments?post=6901"}],"version-history":[{"count":1,"href":"https:\/\/dutchchemlabs.com\/et\/wp-json\/wp\/v2\/product\/6901\/revisions"}],"predecessor-version":[{"id":6956,"href":"https:\/\/dutchchemlabs.com\/et\/wp-json\/wp\/v2\/product\/6901\/revisions\/6956"}],"wp:featuredmedia":[{"embeddable":true,"href":"https:\/\/dutchchemlabs.com\/et\/wp-json\/wp\/v2\/media\/6955"}],"wp:attachment":[{"href":"https:\/\/dutchchemlabs.com\/et\/wp-json\/wp\/v2\/media?parent=6901"}],"wp:term":[{"taxonomy":"product_brand","embeddable":true,"href":"https:\/\/dutchchemlabs.com\/et\/wp-json\/wp\/v2\/product_brand?post=6901"},{"taxonomy":"product_cat","embeddable":true,"href":"https:\/\/dutchchemlabs.com\/et\/wp-json\/wp\/v2\/product_cat?post=6901"},{"taxonomy":"product_tag","embeddable":true,"href":"https:\/\/dutchchemlabs.com\/et\/wp-json\/wp\/v2\/product_tag?post=6901"}],"curies":[{"name":"wp","href":"https:\/\/api.w.org\/{rel}","templated":true}]}}