{"id":7399,"date":"2025-09-20T19:27:49","date_gmt":"2025-09-20T19:27:49","guid":{"rendered":"https:\/\/dutchchemlabs.com\/?post_type=product&#038;p=7399"},"modified":"2025-11-08T07:39:04","modified_gmt":"2025-11-08T07:39:04","slug":"1p-lsd-blotters-100mcg","status":"publish","type":"product","link":"https:\/\/dutchchemlabs.com\/et\/product\/1p-lsd-blotters-100mcg\/","title":{"rendered":"1P-LSD Blotters (100mcg)"},"content":{"rendered":"<h2>1P-LSD Blotters kopen<\/h2>\n<p>1P-LSD is een onderzoekschemische stof en niet bedoeld voor menselijke consumptie. Je kunt 1P-LSD kopen bij dutchchemlabs.com. Als je v\u00f3\u00f3r 18:00 uur bestelt, wordt het de volgende dag al geleverd! Bij ons kun je veilig en gemakkelijk betalen met iDEAL, CreditCard, bankoverschrijving en crypto, zoals je gewend bent. 1P-LSD bestellen doe je bij dutchchemlabs.com. Wij bieden ook <a href=\"https:\/\/dutchchemlabs.com\/product-categorie\/research-chemicals\/cathinonen\/2mmc-kopen\/\">2MMC<\/a>, <a href=\"https:\/\/dutchchemlabs.com\/product-categorie\/research-chemicals\/cathinonen\/pentedrone-nep\/\">Pentedrone (NEP)<\/a>,\u00a0<a href=\"https:\/\/dutchchemlabs.com\/product-categorie\/research-chemicals\/cathinonen\/3fmc\/\">3FMC<\/a> ja muud uurimiskemikaalid.<\/p>\n<h2>Wat is 1P-LSD?<\/h2>\n<p>1-Propion\u00fc\u00fcl-d-l\u00fcserghappe diet\u00fc\u00fclamiid (1P-LSD), mis kuulub l\u00fcsergamiidide klassi, on saanud tuntuks kui uus ps\u00fchhedeelne ravim, mis on struktuuriliselt seotud LSD-ga. Arvatakse, et see suhtleb aju serotoniiniretseptoritega, ja kuigi selle t\u00e4pne s\u00fcnteesi kuup\u00e4ev on teadmata, j\u00f5udis see 2015. aastal veebiuuringute keemiaturule. Vaatamata eelneva ajaloo puudumisele teaduskirjanduses, turustati seda LSD legaalse alternatiivina. Seda on pakutud LSD eelravimina, mida toetab uuring, mis n\u00e4itas, et see metaboliseerub rottidel LSD-ks. Selle farmakoloogia, metabolismi ja toksilisuse kohta on v\u00e4he teavet, mist\u00f5ttu on vaja olla ettevaatlik ja rakendada kahju v\u00e4hendamise tavasid, kui seda oma uurimist\u00f6\u00f6s kasutatakse.<\/p>\n<h2>1P-LSD effecten<\/h2>\n<p>Paljude kasutajate s\u00f5nul on 1P-LSD subjektiivne m\u00f5ju nii sarnane LSD omaga, et neid praktiliselt ei ole v\u00f5imalik eristada. V\u00f5rreldes teiste ps\u00fchhedeelikumidega, nagu psiilots\u00fcbiin, LSA ja ayahuasca, on 1P-LSD oma spetsiifilise f\u00fc\u00fcsilise ja kognitiivse m\u00f5ju stiililt oluliselt stimuleerivam ja kiirem. M\u00f5ju h\u00f5lmab intensiivset eufooriat, t\u00f5hustatud enesevaatlust, kontseptuaalset m\u00f5tlemist, f\u00fc\u00fcsilist stimulatsiooni ja visuaalseid hallutsinatsioone. See toob kaasa f\u00fc\u00fcsilise mugavuse, soojuse, armastuse ja \u00f5ndsuse tunde, omades samas osaliselt stimuleerivaid omadusi, mis v\u00f5ivad ergutada f\u00fc\u00fcsilist tegevust, nagu jooksmine, k\u00f5ndimine, ronimine v\u00f5i tantsimine. Tundmishetked paranevad ja v\u00f5ib toimuda vastupidavuse paranemine.<\/p>\n<p>Ettevaatust! Siiski on oluline olla teadlik v\u00f5imalikest riskidest uuringu l\u00e4biviimisel, nagu s\u00fcdame l\u00f6\u00f6gisageduse t\u00f5us, vasokonstriktsioon, iiveldus ning s\u00f5ltuvuse ja t\u00f5siste \u00f5nnetuste tekkimise v\u00f5imalus suurte annuste puhul. 1P-LSD visuaalsed m\u00f5jud ulatuvad v\u00e4rvitaju, mustrite \u00e4ratundmise ja n\u00e4gemisteravuse suurenemisest kuni visuaalsete moonutusteni, nagu liikuvad mustrid, v\u00e4rvimuutused ja j\u00e4ljed.<\/p>\n<h2>Tellitud enne 18:00 = tarnitud homme!<\/h2>\n<p><strong>Tellitud enne 18:00 = tarnitud homme! <\/strong>Teie tellimus saadetakse anon\u00fc\u00fcmselt ja diskreetselt meie tavap\u00e4rase partneri PostNLi kaudu. Lisaks saate lihtsalt ja kiiresti maksta iDEALi v\u00f5i Bancontactiga. Tellige veebilehe kaudu v\u00f5i v\u00f5tke meiega \u00fchendust chat'i kaudu. Kui teil on k\u00fcsimusi ja\/v\u00f5i m\u00e4rkusi, v\u00f5ite alati helistada, saata meile e-kirja v\u00f5i helistada meile. Suuremate koguste tellimuste puhul saatke e-kiri aadressil info@dutchchemlabs.com. Ootame huviga teie tellimust!<\/p>\n<h2>Pakume ka suurtes kogustes<\/h2>\n<p>1P-LSD wordt verkocht in verschillende hoeveelheden. Wil je graag 1P-LSD bestellen in grotere hoeveelheden? Neem dan via de chat contact met ons op. dutchchemlabs.com bied scherpe tarieven voor grotere hoeveelheden. Wacht niet langer en neem vandaag nog contact op.<\/p>\n<div id=\"ConnectiveDocSignExtentionInstalled\" data-extension-version=\"1.0.4\"><\/div>","protected":false},"excerpt":{"rendered":"<ul>\n<li><strong>Diskreetne ja anon\u00fc\u00fcmne laevandus<\/strong><\/li>\n<li><strong>Tellitud enne 18:00 = tarnitud homme!<\/strong><\/li>\n<li><strong>Tasuta kohaletoimetamine \u00fcle 50 euro<\/strong><\/li>\n<\/ul>\n<div id=\"ConnectiveDocSignExtentionInstalled\" data-extension-version=\"1.0.4\"><\/div>","protected":false},"featured_media":8970,"comment_status":"open","ping_status":"closed","template":"","meta":[],"product_brand":[],"product_cat":[232,574,91,187],"product_tag":[],"class_list":{"0":"post-7399","1":"product","2":"type-product","3":"status-publish","4":"has-post-thumbnail","6":"product_cat-1p-lsd","7":"product_cat-blotters","8":"product_cat-lysergamides","9":"product_cat-populair","11":"first","12":"instock","13":"taxable","14":"shipping-taxable","15":"purchasable","16":"product-type-variable"},"jetpack_sharing_enabled":true,"_links":{"self":[{"href":"https:\/\/dutchchemlabs.com\/et\/wp-json\/wp\/v2\/product\/7399","targetHints":{"allow":["GET"]}}],"collection":[{"href":"https:\/\/dutchchemlabs.com\/et\/wp-json\/wp\/v2\/product"}],"about":[{"href":"https:\/\/dutchchemlabs.com\/et\/wp-json\/wp\/v2\/types\/product"}],"replies":[{"embeddable":true,"href":"https:\/\/dutchchemlabs.com\/et\/wp-json\/wp\/v2\/comments?post=7399"}],"version-history":[{"count":2,"href":"https:\/\/dutchchemlabs.com\/et\/wp-json\/wp\/v2\/product\/7399\/revisions"}],"predecessor-version":[{"id":8971,"href":"https:\/\/dutchchemlabs.com\/et\/wp-json\/wp\/v2\/product\/7399\/revisions\/8971"}],"wp:featuredmedia":[{"embeddable":true,"href":"https:\/\/dutchchemlabs.com\/et\/wp-json\/wp\/v2\/media\/8970"}],"wp:attachment":[{"href":"https:\/\/dutchchemlabs.com\/et\/wp-json\/wp\/v2\/media?parent=7399"}],"wp:term":[{"taxonomy":"product_brand","embeddable":true,"href":"https:\/\/dutchchemlabs.com\/et\/wp-json\/wp\/v2\/product_brand?post=7399"},{"taxonomy":"product_cat","embeddable":true,"href":"https:\/\/dutchchemlabs.com\/et\/wp-json\/wp\/v2\/product_cat?post=7399"},{"taxonomy":"product_tag","embeddable":true,"href":"https:\/\/dutchchemlabs.com\/et\/wp-json\/wp\/v2\/product_tag?post=7399"}],"curies":[{"name":"wp","href":"https:\/\/api.w.org\/{rel}","templated":true}]}}