{"id":7879,"date":"2025-09-20T19:29:06","date_gmt":"2025-09-20T19:29:06","guid":{"rendered":"https:\/\/dutchchemlabs.com\/?post_type=product&#038;p=7879"},"modified":"2025-11-08T07:39:02","modified_gmt":"2025-11-08T07:39:02","slug":"purasolaami-graanulid-3mg","status":"publish","type":"product","link":"https:\/\/dutchchemlabs.com\/et\/product\/purasolaami-graanulid-3mg\/","title":{"rendered":"P\u00fcrasolaami tabletid (3mg)"},"content":{"rendered":"<h1>Osta Pyrazolaami graanuleid<\/h1>\n<p>P\u00fcrasolaam on uurimiskemikaal ja ei ole ette n\u00e4htud inimtoiduks. Pyrazolaami saab osta dutchchemlabs.com. Kui tellite enne kella 18:00, siis toimetatakse see kohale juba j\u00e4rgmisel p\u00e4eval! Meie juures saate turvaliselt ja lihtsalt maksta iDEALi, krediitkaardi, panga\u00fclekande ja kr\u00fcpto abil, nagu olete harjunud. Tellige Pyrazolam dutchchemlabs.com. Pakume ka <a href=\"https:\/\/dutchchemlabs.com\/product-categorie\/research-chemicals\/cathinonen\/2mmc-kopen\/\">2MMC<\/a>, <a href=\"https:\/\/dutchchemlabs.com\/product-categorie\/research-chemicals\/cathinonen\/pentedrone-nep\/\">Pentedrone (NEP)<\/a>,\u00a0<a href=\"https:\/\/dutchchemlabs.com\/product-categorie\/research-chemicals\/cathinonen\/3fmc\/\">3FMC<\/a> ja muud uurimiskemikaalid.<\/p>\n<h2>Mis on p\u00fcrasolaam?<\/h2>\n<p>P\u00fcrasolaam, hiljutine bensodiasepiinide klassi kuuluv depressant, t\u00f6\u00f6tati algselt v\u00e4lja Hoffman-La Roche'i poolt 1970ndatel ja hiljem p\u00e4lvis t\u00e4helepanu uurimiskemikaalina alates 2012. aastast. V\u00f5rreldes teiste bensodiasepiinidega on p\u00fcrasolaam tuntud oma r\u00f5huasetusega rahustusele ja v\u00e4hendatud eufoorilise toime poolest, mis muudab selle uurimise huvitavaks.<\/p>\n<h2>Pyrazolaami m\u00f5ju<\/h2>\n<p>P\u00fcrasolaami m\u00f5ju kirjeldatakse sageli kui m\u00e4rkimisv\u00e4\u00e4rset rahustamist ja \u00e4revuse v\u00e4hendamist. Inimesed, kes jagavad oma kogemusi internetis, kogevad sageli l\u00f5dvestumistunnet ja v\u00e4henenud \u00e4revust, mis v\u00f5ib viia meeleolu paranemiseni ja rahulikkuse tunnetamiseni. Lisaks on p\u00fcrasolaam tuntud oma v\u00f5ime poolest l\u00f5dvestada lihaseid, mis v\u00f5ib aidata kaasa f\u00fc\u00fcsilise mugavuse tundele ja pingetest vabanemisele.<\/p>\n<p>Ettevaatust! Siiski on v\u00e4ga oluline m\u00e4rkida, et p\u00fcrasolaam ei ole riskivaba. M\u00f5nel juhul v\u00f5ivad tekkida paradoksaalsed reaktsioonid, kui te uurite, n\u00e4iteks suurenenud \u00e4revus, agressiivsus, impulsside kontrolli kaotamine ja isegi enesetapukalduvused. Kuigi need reaktsioonid on \u00fcldpopulatsioonis haruldased, v\u00f5ivad need olla sagedasemad meelelahutuslikel kasutajatel, ps\u00fc\u00fchikah\u00e4iretega isikutel, lastel ja suurte annuste kasutajatel. Seet\u00f5ttu on p\u00fcrasolaami kasutamisel laboris soovitatav olla ettevaatlik ning seda tuleb alati v\u00f5tta vastavalt etten\u00e4htud annusele ja arsti j\u00e4relevalve all, et minimeerida v\u00f5imalikke k\u00f5rvaltoimeid ja terviseriske.<\/p>\n<h2>Tellitud enne 18:00 = tarnitud homme!<\/h2>\n<p><strong>Tellitud enne 18:00 = tarnitud homme! <\/strong>Teie tellimus saadetakse anon\u00fc\u00fcmselt ja diskreetselt. Lisaks saate lihtsalt ja kiiresti maksta iDEALi v\u00f5i Bancontactiga. Tellige veebilehe kaudu v\u00f5i v\u00f5tke meiega \u00fchendust chat'i kaudu. Kui teil on k\u00fcsimusi v\u00f5i m\u00e4rkusi, v\u00f5ite alati helistada, saata meile e-kirja v\u00f5i helistada meile e-posti teel. Suuremate koguste tellimuste puhul saatke e-kiri aadressile info@dutchchemlabs.com. Ootame huviga teie tellimust!<\/p>\n<h2>Pakume ka suurtes kogustes<\/h2>\n<p>Kas soovite tellida Pyrazolam Pelletid suuremates kogustes? Siis v\u00f5tke meiega \u00fchendust chati kaudu. dutchchemlabs.com pakub suuremate koguste puhul konkurentsiv\u00f5imelisi hindu. \u00c4rge oodake enam ja v\u00f5tke \u00fchendust juba t\u00e4na.<\/p>\n<div id=\"ConnectiveDocSignExtentionInstalled\" data-extension-version=\"1.0.4\"><\/div>","protected":false},"excerpt":{"rendered":"<ul>\n<li><strong>Diskreetne ja anon\u00fc\u00fcmne laevandus<\/strong><\/li>\n<li><strong>Tellitud enne 18:00 = tarnitud homme!<\/strong><\/li>\n<li><strong>Tasuta kohaletoimetamine \u00fcle 50 euro<\/strong><\/li>\n<\/ul>\n<div id=\"ConnectiveDocSignExtentionInstalled\" data-extension-version=\"1.0.4\"><\/div>","protected":false},"featured_media":8792,"comment_status":"open","ping_status":"closed","template":"","meta":[],"product_brand":[],"product_cat":[323,573,187,358],"product_tag":[],"class_list":{"0":"post-7879","1":"product","2":"type-product","3":"status-publish","4":"has-post-thumbnail","6":"product_cat-benzodiazepinen","7":"product_cat-pellets","8":"product_cat-populair","9":"product_cat-pyrazolam","11":"first","12":"instock","13":"taxable","14":"shipping-taxable","15":"purchasable","16":"product-type-variable"},"jetpack_sharing_enabled":true,"_links":{"self":[{"href":"https:\/\/dutchchemlabs.com\/et\/wp-json\/wp\/v2\/product\/7879","targetHints":{"allow":["GET"]}}],"collection":[{"href":"https:\/\/dutchchemlabs.com\/et\/wp-json\/wp\/v2\/product"}],"about":[{"href":"https:\/\/dutchchemlabs.com\/et\/wp-json\/wp\/v2\/types\/product"}],"replies":[{"embeddable":true,"href":"https:\/\/dutchchemlabs.com\/et\/wp-json\/wp\/v2\/comments?post=7879"}],"version-history":[{"count":2,"href":"https:\/\/dutchchemlabs.com\/et\/wp-json\/wp\/v2\/product\/7879\/revisions"}],"predecessor-version":[{"id":8793,"href":"https:\/\/dutchchemlabs.com\/et\/wp-json\/wp\/v2\/product\/7879\/revisions\/8793"}],"wp:featuredmedia":[{"embeddable":true,"href":"https:\/\/dutchchemlabs.com\/et\/wp-json\/wp\/v2\/media\/8792"}],"wp:attachment":[{"href":"https:\/\/dutchchemlabs.com\/et\/wp-json\/wp\/v2\/media?parent=7879"}],"wp:term":[{"taxonomy":"product_brand","embeddable":true,"href":"https:\/\/dutchchemlabs.com\/et\/wp-json\/wp\/v2\/product_brand?post=7879"},{"taxonomy":"product_cat","embeddable":true,"href":"https:\/\/dutchchemlabs.com\/et\/wp-json\/wp\/v2\/product_cat?post=7879"},{"taxonomy":"product_tag","embeddable":true,"href":"https:\/\/dutchchemlabs.com\/et\/wp-json\/wp\/v2\/product_tag?post=7879"}],"curies":[{"name":"wp","href":"https:\/\/api.w.org\/{rel}","templated":true}]}}