{"id":3659,"date":"2025-09-20T09:20:23","date_gmt":"2025-09-20T09:20:23","guid":{"rendered":"https:\/\/dutchchemlabs.com\/?post_type=product&#038;p=3659"},"modified":"2025-11-08T07:39:12","modified_gmt":"2025-11-08T07:39:12","slug":"gold-extra-strong-10ml","status":"publish","type":"product","link":"https:\/\/dutchchemlabs.com\/fi\/product\/gold-extra-strong-10ml\/","title":{"rendered":"Gold Extra Strong 10ml"},"content":{"rendered":"<h1><strong>Poppers Gold Extra Strong 10ml<\/strong><\/h1>\n<p>Laat je betoveren door de kracht van genot met Poppers Gold Extra Strong 10ml, verkrijgbaar bij dutchchemlabs.com! Deze hoogwaardige poppers zijn speciaal ontworpen om je te laten genieten van een intense rush die je naar nieuwe hoogten van plezier zal brengen.<\/p>\n<p>Met zijn unieke formule van isopropyl nitriet biedt Poppers Gold Extra Strong een snelle en intense rush die je zintuigen zal prikkelen en je zal laten genieten van een onvergetelijke ervaring. Of je nu op zoek bent naar een extra stimulans tijdens intieme momenten of naar een spannende toevoeging aan je feestjes, deze poppers zijn jouw ultieme metgezel.<\/p>\n<p>Dankzij de handige fles van 10ml is Poppers Gold Extra Strong perfect voor onderweg. Of je nu een avondje uitgaat met vrienden, een feestje hebt of gewoon wat extra pit wilt toevoegen aan je priv\u00e9momenten, deze poppers zijn altijd binnen handbereik.<\/p>\n<p>Ervaar de ultieme sensatie met Poppers Gold Extra Strong 10ml van dutchchemlabs.com. Bestel vandaag nog en laat je verleiden door de sensationele sensaties van deze opwindende poppers!<\/p>\n<h2>Tilattu ennen klo 18:00 = toimitettu huomenna!<\/h2>\n<p><strong>Tilattu ennen klo 18:00 = toimitettu huomenna! <\/strong>Tilauksesi l\u00e4hetet\u00e4\u00e4n anonyymisti ja huomaamattomasti vakituisen kumppanimme PostNL:n kautta. Lis\u00e4ksi voit maksaa helposti ja nopeasti iDEALilla tai Bancontactilla. Tilaa sivuston kautta tai ota meihin yhteytt\u00e4 chatin kautta. Jos sinulla on kysymyksi\u00e4 ja\/tai kommentteja, voit aina soittaa, l\u00e4hett\u00e4\u00e4 s\u00e4hk\u00f6postia tai soittaa meille. Suurempien m\u00e4\u00e4rien tilauksia varten l\u00e4het\u00e4 s\u00e4hk\u00f6postia osoitteeseen info@dutchchemlabs.com. Odotamme innolla tilaustasi!<\/p>\n<p>Wij bieden meerdere soorten<a href=\"https:\/\/dutchchemlabs.com\/product-categorie\/poppers\/\">\u00a0Poppers<\/a>\u00a0aan. Ook zijn wij\u00a0<a href=\"https:\/\/dutchchemlabs.com\/product-categorie\/research-chemicals\/\">Tutkimuskemikaalit<\/a>\u00a0Specialist.<\/p>\n<div id=\"ConnectiveDocSignExtentionInstalled\" data-extension-version=\"1.0.4\"><\/div>","protected":false},"excerpt":{"rendered":"<ul>\n<li><strong>Hienovarainen &amp; anonyymi toimitus<\/strong><\/li>\n<li><strong>Tilattu ennen klo 18:00 = toimitettu huomenna!<\/strong><\/li>\n<li><strong>Ilmainen toimitus yli 50 \u20ac<\/strong><\/li>\n<\/ul>\n<div id=\"ConnectiveDocSignExtentionInstalled\" data-extension-version=\"1.0.4\"><\/div>","protected":false},"featured_media":3708,"comment_status":"open","ping_status":"closed","template":"","meta":[],"product_brand":[],"product_cat":[206,209],"product_tag":[],"class_list":{"0":"post-3659","1":"product","2":"type-product","3":"status-publish","4":"has-post-thumbnail","6":"product_cat-poppers","7":"product_cat-poppers-small","9":"first","10":"instock","11":"taxable","12":"shipping-taxable","13":"purchasable","14":"product-type-simple"},"jetpack_sharing_enabled":true,"_links":{"self":[{"href":"https:\/\/dutchchemlabs.com\/fi\/wp-json\/wp\/v2\/product\/3659","targetHints":{"allow":["GET"]}}],"collection":[{"href":"https:\/\/dutchchemlabs.com\/fi\/wp-json\/wp\/v2\/product"}],"about":[{"href":"https:\/\/dutchchemlabs.com\/fi\/wp-json\/wp\/v2\/types\/product"}],"replies":[{"embeddable":true,"href":"https:\/\/dutchchemlabs.com\/fi\/wp-json\/wp\/v2\/comments?post=3659"}],"version-history":[{"count":1,"href":"https:\/\/dutchchemlabs.com\/fi\/wp-json\/wp\/v2\/product\/3659\/revisions"}],"predecessor-version":[{"id":3709,"href":"https:\/\/dutchchemlabs.com\/fi\/wp-json\/wp\/v2\/product\/3659\/revisions\/3709"}],"wp:featuredmedia":[{"embeddable":true,"href":"https:\/\/dutchchemlabs.com\/fi\/wp-json\/wp\/v2\/media\/3708"}],"wp:attachment":[{"href":"https:\/\/dutchchemlabs.com\/fi\/wp-json\/wp\/v2\/media?parent=3659"}],"wp:term":[{"taxonomy":"product_brand","embeddable":true,"href":"https:\/\/dutchchemlabs.com\/fi\/wp-json\/wp\/v2\/product_brand?post=3659"},{"taxonomy":"product_cat","embeddable":true,"href":"https:\/\/dutchchemlabs.com\/fi\/wp-json\/wp\/v2\/product_cat?post=3659"},{"taxonomy":"product_tag","embeddable":true,"href":"https:\/\/dutchchemlabs.com\/fi\/wp-json\/wp\/v2\/product_tag?post=3659"}],"curies":[{"name":"wp","href":"https:\/\/api.w.org\/{rel}","templated":true}]}}