{"id":3762,"date":"2025-09-20T09:20:38","date_gmt":"2025-09-20T09:20:38","guid":{"rendered":"https:\/\/dutchchemlabs.com\/?post_type=product&#038;p=3762"},"modified":"2025-11-08T07:39:12","modified_gmt":"2025-11-08T07:39:12","slug":"poppers-fist-tall-30ml","status":"publish","type":"product","link":"https:\/\/dutchchemlabs.com\/fi\/product\/poppers-fist-tall-30ml\/","title":{"rendered":"Poppers Fist Tall 30ml"},"content":{"rendered":"<h1><strong>Poppers Fist Tall 30ml<\/strong><\/h1>\n<p>Duik in een wereld van intens plezier en opwinding met de Poppers Fist Tall 30ml, verkrijgbaar bij dutchchemlabs.com! Deze krachtige poppers zijn ontworpen om je te verrassen met een explosie van sensaties, waardoor je avonturen naar nieuwe hoogten worden gestuwd.<\/p>\n<p>Met zijn unieke formule van isopropyl nitriet, biedt de Poppers Fist Tall een snelle en krachtige rush die je zal verbluffen met zijn intensiteit. Of je nu op zoek bent naar een extra stimulans tijdens intieme momenten of naar een spannende toevoeging aan je feestjes, deze poppers bieden een onge\u00ebvenaarde sensatie.<\/p>\n<p>De handige fles van 30ml zorgt ervoor dat je altijd genoeg poppers bij de hand hebt voor al je avonturen. Of je nu een nachtje uitgaat met vrienden, een feestje hebt of gewoon wat extra plezier wilt toevoegen aan je priv\u00e9momenten, de Poppers Fist Tall is jouw ultieme metgezel.<\/p>\n<p>Kies voor plezier en opwinding met de Poppers Fist Tall 30ml van dutchchemlabs.com. Bestel vandaag nog en ontdek de grenzeloze mogelijkheden van genot en stimulatie met deze sensationele poppers!<\/p>\n<h2>Poppers kopen bij dutchchemlabs.com?<\/h2>\n<p>We zijn nog druk bezig ons assortiment uit te breiden. Heb je nog suggesties over welke poppers of overige producten wij nog meer aan kunnen bieden? <a href=\"https:\/\/dutchchemlabs.com\/contact\">Ota yhteytt\u00e4<\/a> op en laat het ons weten!<\/p>\n<h2>Tilattu ennen klo 18:00 = toimitettu huomenna!<\/h2>\n<p><strong>Tilattu ennen klo 18:00 = toimitettu huomenna! <\/strong>Tilauksesi l\u00e4hetet\u00e4\u00e4n anonyymisti ja huomaamattomasti vakituisen kumppanimme PostNL:n kautta. Lis\u00e4ksi voit maksaa helposti ja nopeasti iDEALilla tai Bancontactilla. Suurempien m\u00e4\u00e4rien tilauksia varten l\u00e4het\u00e4 s\u00e4hk\u00f6postia osoitteeseen info@dutchchemlabs.com. Odotamme innolla tilaustasi!<\/p>\n<p>dutchchemlabs.com myy <a href=\"https:\/\/dutchchemlabs.com\/product-categorie\/research-chemicals\/\">Tutkimuskemikaalit<\/a> ja muuta.<\/p>\n<div id=\"ConnectiveDocSignExtentionInstalled\" data-extension-version=\"1.0.4\"><\/div>","protected":false},"excerpt":{"rendered":"<ul>\n<li><strong>Hienovarainen &amp; anonyymi toimitus<\/strong><\/li>\n<li><strong>Tilattu ennen klo 18:00 = toimitettu huomenna!<\/strong><\/li>\n<li><strong>Ilmainen toimitus yli 50 \u20ac<\/strong><\/li>\n<\/ul>\n<div id=\"ConnectiveDocSignExtentionInstalled\" data-extension-version=\"1.0.4\"><\/div>","protected":false},"featured_media":3803,"comment_status":"open","ping_status":"closed","template":"","meta":[],"product_brand":[],"product_cat":[206,207],"product_tag":[],"class_list":{"0":"post-3762","1":"product","2":"type-product","3":"status-publish","4":"has-post-thumbnail","6":"product_cat-poppers","7":"product_cat-poppers-large","9":"first","10":"instock","11":"taxable","12":"shipping-taxable","13":"purchasable","14":"product-type-simple"},"jetpack_sharing_enabled":true,"_links":{"self":[{"href":"https:\/\/dutchchemlabs.com\/fi\/wp-json\/wp\/v2\/product\/3762","targetHints":{"allow":["GET"]}}],"collection":[{"href":"https:\/\/dutchchemlabs.com\/fi\/wp-json\/wp\/v2\/product"}],"about":[{"href":"https:\/\/dutchchemlabs.com\/fi\/wp-json\/wp\/v2\/types\/product"}],"replies":[{"embeddable":true,"href":"https:\/\/dutchchemlabs.com\/fi\/wp-json\/wp\/v2\/comments?post=3762"}],"version-history":[{"count":1,"href":"https:\/\/dutchchemlabs.com\/fi\/wp-json\/wp\/v2\/product\/3762\/revisions"}],"predecessor-version":[{"id":3804,"href":"https:\/\/dutchchemlabs.com\/fi\/wp-json\/wp\/v2\/product\/3762\/revisions\/3804"}],"wp:featuredmedia":[{"embeddable":true,"href":"https:\/\/dutchchemlabs.com\/fi\/wp-json\/wp\/v2\/media\/3803"}],"wp:attachment":[{"href":"https:\/\/dutchchemlabs.com\/fi\/wp-json\/wp\/v2\/media?parent=3762"}],"wp:term":[{"taxonomy":"product_brand","embeddable":true,"href":"https:\/\/dutchchemlabs.com\/fi\/wp-json\/wp\/v2\/product_brand?post=3762"},{"taxonomy":"product_cat","embeddable":true,"href":"https:\/\/dutchchemlabs.com\/fi\/wp-json\/wp\/v2\/product_cat?post=3762"},{"taxonomy":"product_tag","embeddable":true,"href":"https:\/\/dutchchemlabs.com\/fi\/wp-json\/wp\/v2\/product_tag?post=3762"}],"curies":[{"name":"wp","href":"https:\/\/api.w.org\/{rel}","templated":true}]}}