{"id":5522,"date":"2025-09-20T11:29:53","date_gmt":"2025-09-20T11:29:53","guid":{"rendered":"https:\/\/dutchchemlabs.com\/?post_type=product&#038;p=5522"},"modified":"2025-11-08T07:39:10","modified_gmt":"2025-11-08T07:39:10","slug":"4fma-pellets-100mg","status":"publish","type":"product","link":"https:\/\/dutchchemlabs.com\/fi\/product\/4fma-pellets-100mg\/","title":{"rendered":"4FMA Pellets (100mg)"},"content":{"rendered":"<h1>4FMA pellets kopen<\/h1>\n<p>4FMA is een onderzoekschemische stof en niet bedoeld voor menselijke consumptie. Je kunt 4FMA kopen bij dutchchemlabs.com. Als je v\u00f3\u00f3r 18:00 uur bestelt, wordt het de volgende dag al geleverd! Bij ons kun je veilig en gemakkelijk betalen met iDEAL, CreditCard, bankoverschrijving en crypto, zoals je gewend bent. 4FMA bestellen doe je bij dutchchemlabs.com. Wij bieden ook <a href=\"https:\/\/dutchchemlabs.com\/product-categorie\/research-chemicals\/cathinonen\/2mmc-kopen\/\">2MMC<\/a>, <a href=\"https:\/\/dutchchemlabs.com\/product-categorie\/research-chemicals\/cathinonen\/pentedrone-nep\/\">Pentedrone (NEP)<\/a>,\u00a0<a href=\"https:\/\/dutchchemlabs.com\/product-categorie\/research-chemicals\/cathinonen\/3fmc\/\">3FMC<\/a> ja muita tutkimuskemikaaleja.<\/p>\n<h2>4FMA pellets effecten<\/h2>\n<p>De effecten van 4-FMA pellets zijn onderwerp van discussie, maar er zijn enkele rapporten die suggereren dat het enkele aantrekkelijke eigenschappen heeft. In lage doses wordt 4-FMA pellets beschreven als een no\u00f6tropisch middel dat de algemene productiviteit kan verbeteren. Sommige gebruikers melden een verhoogde motivatie, verbeterde focus en een zekere mate van empathie en sociabiliteit. De euforische golven die sporadisch optreden, kunnen als plezierig worden ervaren. Het biedt ook een zekere mate van fysieke euforie, die echter intenser kan zijn dan de fysieke stimulatie zelf.<\/p>\n<p>Let op! Desondanks is het van cruciaal belang om te benadrukken dat frequent gebruik van enig entactogeen, inclusief 4-FMA, als gevaarlijk wordt beschouwd. Het kan leiden tot neurotoxiciteit en andere schadelijke bijwerkingen. Bovendien kunnen bij hogere doseringen disfunctie en recreatieve effecten optreden. Het is essentieel om de mogelijke risico\u2019s in overweging te nemen en verantwoordelijkheid te tonen bij het uitvoeren van jouw onderzoek. Het misbruik ervan kan leiden tot verslaving, ernstige schade of zelfs de dood. Gebruik met mate en wees je bewust van de mogelijke gevaren.<\/p>\n<h2>Tilattu ennen klo 18:00 = toimitettu huomenna!<\/h2>\n<p><strong>Tilattu ennen klo 18:00 = toimitettu huomenna! <\/strong>Tilauksesi l\u00e4hetet\u00e4\u00e4n anonyymisti ja huomaamattomasti vakituisen kumppanimme PostNL:n kautta. Lis\u00e4ksi voit maksaa helposti ja nopeasti iDEALilla tai Bancontactilla. Tilaa sivuston kautta tai ota meihin yhteytt\u00e4 chatin kautta. Jos sinulla on kysymyksi\u00e4 ja\/tai kommentteja, voit aina soittaa, l\u00e4hett\u00e4\u00e4 s\u00e4hk\u00f6postia tai soittaa meille. Suurempien m\u00e4\u00e4rien tilauksia varten l\u00e4het\u00e4 s\u00e4hk\u00f6postia osoitteeseen info@dutchchemlabs.com. Odotamme innolla tilaustasi!<\/p>\n<h2>Toimitamme my\u00f6s suuria m\u00e4\u00e4ri\u00e4<\/h2>\n<p>Wil je graag 4FMA Pellets bestellen in grotere hoeveelheden? Neem dan via de chat contact met ons op. dutchchemlabs.com bied scherpe tarieven voor grotere hoeveelheden. Wacht niet langer en neem vandaag nog contact op.<\/p>\n<div id=\"ConnectiveDocSignExtentionInstalled\" data-extension-version=\"1.0.4\"><\/div>","protected":false},"excerpt":{"rendered":"<ul>\n<li><strong>Hienovarainen &amp; anonyymi toimitus<\/strong><\/li>\n<li><strong>Tilattu ennen klo 18:00 = toimitettu huomenna!<\/strong><\/li>\n<li><strong>Ilmainen toimitus yli 50 \u20ac<\/strong><\/li>\n<\/ul>\n<div id=\"ConnectiveDocSignExtentionInstalled\" data-extension-version=\"1.0.4\"><\/div>","protected":false},"featured_media":8775,"comment_status":"open","ping_status":"closed","template":"","meta":[],"product_brand":[],"product_cat":[137,89,573],"product_tag":[],"class_list":{"0":"post-5522","1":"product","2":"type-product","3":"status-publish","4":"has-post-thumbnail","6":"product_cat-4fma","7":"product_cat-gefluoreerden","8":"product_cat-pellets","10":"first","11":"instock","12":"taxable","13":"shipping-taxable","14":"purchasable","15":"product-type-variable"},"jetpack_sharing_enabled":true,"_links":{"self":[{"href":"https:\/\/dutchchemlabs.com\/fi\/wp-json\/wp\/v2\/product\/5522","targetHints":{"allow":["GET"]}}],"collection":[{"href":"https:\/\/dutchchemlabs.com\/fi\/wp-json\/wp\/v2\/product"}],"about":[{"href":"https:\/\/dutchchemlabs.com\/fi\/wp-json\/wp\/v2\/types\/product"}],"replies":[{"embeddable":true,"href":"https:\/\/dutchchemlabs.com\/fi\/wp-json\/wp\/v2\/comments?post=5522"}],"version-history":[{"count":2,"href":"https:\/\/dutchchemlabs.com\/fi\/wp-json\/wp\/v2\/product\/5522\/revisions"}],"predecessor-version":[{"id":8777,"href":"https:\/\/dutchchemlabs.com\/fi\/wp-json\/wp\/v2\/product\/5522\/revisions\/8777"}],"wp:featuredmedia":[{"embeddable":true,"href":"https:\/\/dutchchemlabs.com\/fi\/wp-json\/wp\/v2\/media\/8775"}],"wp:attachment":[{"href":"https:\/\/dutchchemlabs.com\/fi\/wp-json\/wp\/v2\/media?parent=5522"}],"wp:term":[{"taxonomy":"product_brand","embeddable":true,"href":"https:\/\/dutchchemlabs.com\/fi\/wp-json\/wp\/v2\/product_brand?post=5522"},{"taxonomy":"product_cat","embeddable":true,"href":"https:\/\/dutchchemlabs.com\/fi\/wp-json\/wp\/v2\/product_cat?post=5522"},{"taxonomy":"product_tag","embeddable":true,"href":"https:\/\/dutchchemlabs.com\/fi\/wp-json\/wp\/v2\/product_tag?post=5522"}],"curies":[{"name":"wp","href":"https:\/\/api.w.org\/{rel}","templated":true}]}}