{"id":5820,"date":"2025-09-20T11:31:37","date_gmt":"2025-09-20T11:31:37","guid":{"rendered":"https:\/\/dutchchemlabs.com\/?post_type=product&#038;p=5820"},"modified":"2025-11-08T07:39:10","modified_gmt":"2025-11-08T07:39:10","slug":"toiminta-ystavat-paketti-2mmc","status":"publish","type":"product","link":"https:\/\/dutchchemlabs.com\/fi\/product\/toiminta-ystavat-paketti-2mmc\/","title":{"rendered":"TOIMINTA: Yst\u00e4v\u00e4paketti 2MMC"},"content":{"rendered":"<p>TOIMINTA: yst\u00e4v\u00e4t paketti 2MMC, korkea alennus! Tilaa korkealaatuinen 2MMC osoitteessa dutchchemlabs.com. Tilattu ennen 18:00 toimitetaan huomenna!<\/p>\n<h2>Yst\u00e4v\u00e4paketti 2MMC, mit\u00e4 siin\u00e4 on?<\/h2>\n<h4><strong>Pieni: <\/strong>5 x 1 gramma 2MMC-jauhetta<br \/>\n<strong>Medium: <\/strong>10 x 1 gramma 2MMC-jauhetta<\/h4>\n<h2>Mik\u00e4 on 2MMC?<\/h2>\n<p>2MMC on synteettinen stimulantti, joka on kemiallisesti sukua amfetamiinille ja katinonille. Se on tunnettu stimuloivista vaikutuksistaan, ja sit\u00e4 etsiv\u00e4t usein ihmiset, jotka etsiv\u00e4t vauhtia tutkimukseensa. 2MMC on katinonin johdannainen, ja se muistuttaa vahvasti muita tunnettuja yhdisteit\u00e4, kuten 3-metyylimetkatinonia ja 4-metyylimetkatinonia (mefedroni). Vaikka 2MMC tunnistettiin ensimm\u00e4isen kerran Ruotsissa vuonna 2014, se on sittemmin saavuttanut suosiota tutkimuskemikaalina.<\/p>\n<p>Tarjoamme my\u00f6s <a href=\"https:\/\/dutchchemlabs.com\/product-categorie\/research-chemicals\/cathinonen\/pentedrone-nep\/\" data-cke-saved-href=\"https:\/\/dutchchemlabs.com\/product-categorie\/research-chemicals\/cathinonen\/pentedrone-nep\/\">Pentedrone (NEP)<\/a>,\u00a0<a href=\"https:\/\/dutchchemlabs.com\/product-categorie\/research-chemicals\/cathinonen\/3fmc\/\" data-cke-saved-href=\"https:\/\/dutchchemlabs.com\/product-categorie\/research-chemicals\/cathinonen\/3fmc\/\">3FMC<\/a> ja muita tutkimuskemikaaleja.<\/p>\n<h2>Tilattu ennen klo 18:00 = toimitettu huomenna!<\/h2>\n<p><strong>Tilattu ennen klo 18:00 = toimitettu huomenna! <\/strong>Tilauksesi l\u00e4hetet\u00e4\u00e4n anonyymisti ja huomaamattomasti vakituisen kumppanimme PostNL:n kautta. Lis\u00e4ksi voit maksaa helposti ja nopeasti iDEALilla tai Bancontactilla. Tilaa sivuston kautta tai ota meihin yhteytt\u00e4 chatin kautta. Jos sinulla on kysymyksi\u00e4 ja\/tai kommentteja, voit aina soittaa, l\u00e4hett\u00e4\u00e4 s\u00e4hk\u00f6postia tai soittaa meille. Suurempien m\u00e4\u00e4rien tilauksia varten l\u00e4het\u00e4 s\u00e4hk\u00f6postia osoitteeseen info@dutchchemlabs.com. Odotamme innolla tilaustasi!<\/p>\n<h2>Toimitamme my\u00f6s suuria m\u00e4\u00e4ri\u00e4<\/h2>\n<p>Haluatko tilata 2MMC-jauhetta suurempia m\u00e4\u00e4ri\u00e4? Ota sitten yhteytt\u00e4 chatin kautta. dutchchemlabs.com tarjoaa kilpailukykyiset hinnat suuremmille m\u00e4\u00e4rille. \u00c4l\u00e4 odota en\u00e4\u00e4 ja ota meihin yhteytt\u00e4 jo t\u00e4n\u00e4\u00e4n.<\/p>\n<p>&nbsp;<\/p>","protected":false},"excerpt":{"rendered":"<ul>\n<li><strong>Hienovarainen &amp; anonyymi toimitus<\/strong><\/li>\n<li><strong>Tilattu ennen klo 18:00 = toimitettu huomenna!<\/strong><\/li>\n<li><strong>Ilmainen toimitus yli 50 \u20ac<\/strong><\/li>\n<\/ul>","protected":false},"featured_media":8751,"comment_status":"open","ping_status":"closed","template":"","meta":[],"product_brand":[],"product_cat":[320,102,190,189,187,84],"product_tag":[],"class_list":{"0":"post-5820","1":"product","2":"type-product","3":"status-publish","4":"has-post-thumbnail","6":"product_cat-2mmc","7":"product_cat-cathinonen","8":"product_cat-combi-packs","9":"product_cat-overig","10":"product_cat-populair","11":"product_cat-sale","13":"first","14":"instock","15":"sale","16":"taxable","17":"shipping-taxable","18":"purchasable","19":"product-type-variable"},"jetpack_sharing_enabled":true,"_links":{"self":[{"href":"https:\/\/dutchchemlabs.com\/fi\/wp-json\/wp\/v2\/product\/5820","targetHints":{"allow":["GET"]}}],"collection":[{"href":"https:\/\/dutchchemlabs.com\/fi\/wp-json\/wp\/v2\/product"}],"about":[{"href":"https:\/\/dutchchemlabs.com\/fi\/wp-json\/wp\/v2\/types\/product"}],"replies":[{"embeddable":true,"href":"https:\/\/dutchchemlabs.com\/fi\/wp-json\/wp\/v2\/comments?post=5820"}],"version-history":[{"count":2,"href":"https:\/\/dutchchemlabs.com\/fi\/wp-json\/wp\/v2\/product\/5820\/revisions"}],"predecessor-version":[{"id":8752,"href":"https:\/\/dutchchemlabs.com\/fi\/wp-json\/wp\/v2\/product\/5820\/revisions\/8752"}],"wp:featuredmedia":[{"embeddable":true,"href":"https:\/\/dutchchemlabs.com\/fi\/wp-json\/wp\/v2\/media\/8751"}],"wp:attachment":[{"href":"https:\/\/dutchchemlabs.com\/fi\/wp-json\/wp\/v2\/media?parent=5820"}],"wp:term":[{"taxonomy":"product_brand","embeddable":true,"href":"https:\/\/dutchchemlabs.com\/fi\/wp-json\/wp\/v2\/product_brand?post=5820"},{"taxonomy":"product_cat","embeddable":true,"href":"https:\/\/dutchchemlabs.com\/fi\/wp-json\/wp\/v2\/product_cat?post=5820"},{"taxonomy":"product_tag","embeddable":true,"href":"https:\/\/dutchchemlabs.com\/fi\/wp-json\/wp\/v2\/product_tag?post=5820"}],"curies":[{"name":"wp","href":"https:\/\/api.w.org\/{rel}","templated":true}]}}