{"id":6374,"date":"2025-09-20T11:34:09","date_gmt":"2025-09-20T11:34:09","guid":{"rendered":"https:\/\/dutchchemlabs.com\/?post_type=product&#038;p=6374"},"modified":"2025-11-08T07:39:08","modified_gmt":"2025-11-08T07:39:08","slug":"fluorattu-yhdistelmapakkaus","status":"publish","type":"product","link":"https:\/\/dutchchemlabs.com\/fi\/product\/fluorattu-yhdistelmapakkaus\/","title":{"rendered":"Fluorattu yhdistelm\u00e4pakkaus"},"content":{"rendered":"<p><strong>Haluatko ostaa Fluoratut Combi Pack? Etk\u00f6 tied\u00e4, mik\u00e4 Gefluori sopii sinulle parhaiten? Tilaa sitten Fluoresens Combi Pack jo t\u00e4n\u00e4\u00e4n. Kombipakkauksesta l\u00f6yd\u00e4t 5 erilaista Fluoresenssia.<br \/>\n<\/strong><\/p>\n<p>Fluoratut aineet ovat tutkimuskemikaaleja, eiv\u00e4tk\u00e4 ne sovellu ihmisravinnoksi. Tilattu ennen klo 18:00 toimitetaan huomenna! Voit maksaa helposti ja turvallisesti iDEALilla, kuten olet tottunut. Osta fluoratut kemikaalit osoitteesta dutchchemlabs.com, Alankomaiden nopein, paras ja halvin tutkimuskemikaalien asiantuntija! Tarjoamme my\u00f6s muita <a href=\"https:\/\/dutchchemlabs.com\/product-categorie\/research-chemicals\/\"> Tutkimuskemikaalit<\/a> to.<\/p>\n<p>Tarjoamme my\u00f6s <a href=\"https:\/\/dutchchemlabs.com\/product-categorie\/research-chemicals\/cathinonen\/2mmc-kopen\/\">2MMC<\/a>, <a href=\"https:\/\/dutchchemlabs.com\/product-categorie\/research-chemicals\/cathinonen\/pentedrone-nep\/\">Pentedrone (NEP)<\/a>,\u00a0<a href=\"https:\/\/dutchchemlabs.com\/product\/dck-deschloroketamine-kristallen-kopen\/\">DCK jauhe<\/a>\u00a0ja muita tutkimuskemikaaleja.<\/p>\n<h2>Fluorattu Combi Pack, mit\u00e4 siin\u00e4 on?<\/h2>\n<h4>Fluorattu Combi Pack Small:<\/h4>\n<ul>\n<li>1 gramma 4F-MPH-jauhetta<\/li>\n<li>1 gramma 2-FEA-jauhetta<\/li>\n<li>1 gramma 3-MMA-jauhetta<\/li>\n<li>5x 4F-MPH 25mg Pelletit<\/li>\n<li>5x 3-FPM 60mg Pelletit<\/li>\n<\/ul>\n<h4>Fluorattu Combi Pack Medium:<\/h4>\n<ul>\n<li>2 grammaa 4F-MPH-jauhetta<\/li>\n<li>2 grammaa 2-FEA-jauhetta<\/li>\n<li>2 grammaa 3-MMA-jauhetta<\/li>\n<li>10x 4F-MPH 25mg Pelletit<\/li>\n<li>10x 3-FPM 60mg Pelletit<\/li>\n<\/ul>\n<h4>Fluorattu Combi Pack Large:<\/h4>\n<ul>\n<li>5 grammaa 4F-MPH-jauhetta<\/li>\n<li>5 grammaa 2-FEA-jauhetta<\/li>\n<li>5 grammaa 3-MMA-jauhetta<\/li>\n<li>20x 4F-MPH 25mg Pelletit<\/li>\n<li>20x 3-FPM 60mg Pelletit<\/li>\n<\/ul>\n<h2>Osta Fluoratut<\/h2>\n<p>Fluoripakkaus on loistava ratkaisu ihmisille, jotka haluavat tutustua erilaisiin Fluoripakkauksiin. T\u00e4m\u00e4 pakkaus sis\u00e4lt\u00e4\u00e4 useita eri tuoksuja, joten voit kokeilla useita l\u00f6yt\u00e4\u00e4ksesi itsellesi parhaiten sopivan. Fluorinated Combi Packin avulla voit l\u00f6yt\u00e4\u00e4 sinulle parhaiten sopivan Fluorinatedin ilman, ett\u00e4 sinun tarvitsee tilata eri pakkauksia.<\/p>\n<h2>Tilattu ennen klo 18:00 = toimitettu huomenna!<\/h2>\n<p><strong>Tilattu ennen klo 18:00 = toimitettu huomenna! <\/strong>Tilauksesi l\u00e4hetet\u00e4\u00e4n nimett\u00f6m\u00e4n\u00e4 ja huomaamattomasti. Lis\u00e4ksi voit maksaa helposti ja nopeasti iDEALilla tai Bancontactilla. Tilaa sivuston kautta tai ota meihin yhteytt\u00e4 chatin kautta. Jos sinulla on kysymyksi\u00e4 ja\/tai kommentteja, voit aina soittaa, l\u00e4hett\u00e4\u00e4 s\u00e4hk\u00f6postia tai soittaa meille. Suurempien m\u00e4\u00e4rien tilauksia varten l\u00e4het\u00e4 s\u00e4hk\u00f6postia osoitteeseen info@dutchchemlabs.com. Odotamme innolla tilaustasi! Bentsodiatsepiinimme ovat laboratoriotestattuja ja 100%-puhtaita.<\/p>\n<h2>Toimitamme my\u00f6s suuria m\u00e4\u00e4ri\u00e4<\/h2>\n<p>Haluatko tilata bentsodiatsepiinej\u00e4 suuremmissa eriss\u00e4? Ota sitten yhteytt\u00e4 chatin kautta. dutchchemlabs.com tarjoaa kilpailukykyiset hinnat suuremmille m\u00e4\u00e4rille. \u00c4l\u00e4 odota en\u00e4\u00e4 ja ota meihin yhteytt\u00e4 jo t\u00e4n\u00e4\u00e4n. <a href=\"https:\/\/dutchchemlabs.com\/contact\">Ota meihin suoraan yhteytt\u00e4 klikkaamalla t\u00e4st\u00e4.<\/a><\/p>\n<div id=\"ConnectiveDocSignExtentionInstalled\" data-extension-version=\"1.0.4\"><\/div>","protected":false},"excerpt":{"rendered":"<ul>\n<li><strong>Hienovarainen &amp; anonyymi toimitus<\/strong><\/li>\n<li><strong>Tilattu ennen klo 18:00 = toimitettu huomenna!<\/strong><\/li>\n<li><strong>Ilmainen toimitus yli 50 \u20ac<\/strong><\/li>\n<\/ul>\n<div id=\"ConnectiveDocSignExtentionInstalled\" data-extension-version=\"1.0.4\"><\/div>","protected":false},"featured_media":8768,"comment_status":"open","ping_status":"closed","template":"","meta":[],"product_brand":[],"product_cat":[216,325,336,326,190,89,189,187,84],"product_tag":[],"class_list":{"0":"post-6374","1":"product","2":"type-product","3":"status-publish","4":"has-post-thumbnail","6":"product_cat-2fea","7":"product_cat-3fpm","8":"product_cat-3mma","9":"product_cat-4fmph","10":"product_cat-combi-packs","11":"product_cat-gefluoreerden","12":"product_cat-overig","13":"product_cat-populair","14":"product_cat-sale","16":"first","17":"instock","18":"sale","19":"taxable","20":"shipping-taxable","21":"purchasable","22":"product-type-variable"},"jetpack_sharing_enabled":true,"_links":{"self":[{"href":"https:\/\/dutchchemlabs.com\/fi\/wp-json\/wp\/v2\/product\/6374","targetHints":{"allow":["GET"]}}],"collection":[{"href":"https:\/\/dutchchemlabs.com\/fi\/wp-json\/wp\/v2\/product"}],"about":[{"href":"https:\/\/dutchchemlabs.com\/fi\/wp-json\/wp\/v2\/types\/product"}],"replies":[{"embeddable":true,"href":"https:\/\/dutchchemlabs.com\/fi\/wp-json\/wp\/v2\/comments?post=6374"}],"version-history":[{"count":2,"href":"https:\/\/dutchchemlabs.com\/fi\/wp-json\/wp\/v2\/product\/6374\/revisions"}],"predecessor-version":[{"id":8772,"href":"https:\/\/dutchchemlabs.com\/fi\/wp-json\/wp\/v2\/product\/6374\/revisions\/8772"}],"wp:featuredmedia":[{"embeddable":true,"href":"https:\/\/dutchchemlabs.com\/fi\/wp-json\/wp\/v2\/media\/8768"}],"wp:attachment":[{"href":"https:\/\/dutchchemlabs.com\/fi\/wp-json\/wp\/v2\/media?parent=6374"}],"wp:term":[{"taxonomy":"product_brand","embeddable":true,"href":"https:\/\/dutchchemlabs.com\/fi\/wp-json\/wp\/v2\/product_brand?post=6374"},{"taxonomy":"product_cat","embeddable":true,"href":"https:\/\/dutchchemlabs.com\/fi\/wp-json\/wp\/v2\/product_cat?post=6374"},{"taxonomy":"product_tag","embeddable":true,"href":"https:\/\/dutchchemlabs.com\/fi\/wp-json\/wp\/v2\/product_tag?post=6374"}],"curies":[{"name":"wp","href":"https:\/\/api.w.org\/{rel}","templated":true}]}}