{"id":6883,"date":"2025-09-20T19:26:08","date_gmt":"2025-09-20T19:26:08","guid":{"rendered":"https:\/\/dutchchemlabs.com\/?post_type=product&#038;p=6883"},"modified":"2025-11-08T07:39:06","modified_gmt":"2025-11-08T07:39:06","slug":"amsterdam-platinum-poppers-10ml","status":"publish","type":"product","link":"https:\/\/dutchchemlabs.com\/fi\/product\/amsterdam-platinum-poppers-10ml\/","title":{"rendered":"Amsterdam Platinum Poppers (10ml)"},"content":{"rendered":"<h2>Amsterdam Platinum 10 ml<\/h2>\n<p>Poppers kopen? De Amsterdam Platinum popper is een van de favoriete poppers van vele popper fans. Poppers maken je intieme momenten nog leuker en spannender! Wanneer je direct uit het flesje snuift voel je direct het effect. Het effect duurt enkele minuten. Amsterdam Platinum 10 ml poppers zijn enkele keren gedistilleerd, waardoor de kwaliteit zeer zuiver is. Let op: Gebruik dit product niet in combinatie met erectiemiddelen.<\/p>\n<p>Wil je ook <a href=\"https:\/\/dutchchemlabs.com\/product-categorie\/research-chemicals\/cathinonen\/pentedrone-nep\/\"><span class=\"breadcrumb_last\" aria-current=\"page\">Pentedrone (NEP)<\/span><\/a> of <a href=\"https:\/\/dutchchemlabs.com\/product-categorie\/research-chemicals\/cathinonen\/2mmc-kopen\/\">2MMC kopen<\/a> of? Bij dutchchemlabs.com verkopen we ook meerdere types research chemicals.<\/p>\n<h2>Amsterdam Platinum review<\/h2>\n<p>Ben je toe aan iets nieuws en op zoek naar een spannende ervaring? Dan is de bestseller Poppers Amsterdam Platinum absoluut iets voor jou. Deze poppers staan garant voor een onge\u00ebvenaarde sensatie die je zintuigen prikkelt en je naar ongekende hoogten van plezier brengt. Of je nu alleen op ontdekkingstocht gaat of samen met een partner, de Amsterdam Platinum poppers zullen je zeker niet teleurstellen. Ze hebben een krachtige formule en een intense geur die direct een opwindend effect heeft. Ze zijn de ideale keuze voor wie op zoek is naar een nieuwe dimensie in genot.<\/p>\n<h2>Osta poppereita osoitteesta dutchchemlabs.com<\/h2>\n<p>osoitteessa dutchchemlabs.com voit \u00e4skett\u00e4in tilata poppers. Laajennamme tuotevalikoimaamme edelleen ahkerasti. Onko sinulla ehdotuksia siit\u00e4, mit\u00e4 poppereita tai muita tuotteita voisimme tarjota? <a href=\"https:\/\/dutchchemlabs.com\/contact\">Ota yhteytt\u00e4<\/a> op en laat het ons weten!<\/p>\n<h2>Tilattu ennen klo 18:00 = toimitettu huomenna!<\/h2>\n<p><strong>Tilattu ennen klo 18:00 = toimitettu huomenna! <\/strong>Tilauksesi l\u00e4hetet\u00e4\u00e4n anonyymisti ja huomaamattomasti vakituisen kumppanimme PostNL:n kautta. Lis\u00e4ksi voit maksaa helposti ja nopeasti iDEALilla tai Bancontactilla. Tilaa sivuston kautta tai ota meihin yhteytt\u00e4 chatin kautta. Jos sinulla on kysymyksi\u00e4 ja\/tai kommentteja, voit aina soittaa, l\u00e4hett\u00e4\u00e4 s\u00e4hk\u00f6postia tai soittaa meille. Suurempien m\u00e4\u00e4rien tilauksia varten l\u00e4het\u00e4 s\u00e4hk\u00f6postia osoitteeseen info@dutchchemlabs.com. Odotamme innolla tilaustasi!<\/p>\n<p>Wij bieden meerdere soorten<a href=\"https:\/\/dutchchemlabs.com\/product-categorie\/poppers\/\">\u00a0Poppers<\/a>\u00a0aan. Ook zijn wij\u00a0<a href=\"https:\/\/dutchchemlabs.com\/product-categorie\/research-chemicals\/\">Tutkimuskemikaalit<\/a>\u00a0Specialist.<\/p>\n<div id=\"ConnectiveDocSignExtentionInstalled\" data-extension-version=\"1.0.4\"><\/div>","protected":false},"excerpt":{"rendered":"<ul>\n<li><strong>Hienovarainen &amp; anonyymi toimitus<\/strong><\/li>\n<li><strong>Tilattu ennen klo 18:00 = toimitettu huomenna!<\/strong><\/li>\n<li><strong>Ilmainen toimitus yli 50 \u20ac<\/strong><\/li>\n<\/ul>\n<div id=\"ConnectiveDocSignExtentionInstalled\" data-extension-version=\"1.0.4\"><\/div>","protected":false},"featured_media":6914,"comment_status":"open","ping_status":"closed","template":"","meta":[],"product_brand":[],"product_cat":[206,209],"product_tag":[],"class_list":{"0":"post-6883","1":"product","2":"type-product","3":"status-publish","4":"has-post-thumbnail","6":"product_cat-poppers","7":"product_cat-poppers-small","9":"first","10":"instock","11":"taxable","12":"shipping-taxable","13":"purchasable","14":"product-type-simple"},"jetpack_sharing_enabled":true,"_links":{"self":[{"href":"https:\/\/dutchchemlabs.com\/fi\/wp-json\/wp\/v2\/product\/6883","targetHints":{"allow":["GET"]}}],"collection":[{"href":"https:\/\/dutchchemlabs.com\/fi\/wp-json\/wp\/v2\/product"}],"about":[{"href":"https:\/\/dutchchemlabs.com\/fi\/wp-json\/wp\/v2\/types\/product"}],"replies":[{"embeddable":true,"href":"https:\/\/dutchchemlabs.com\/fi\/wp-json\/wp\/v2\/comments?post=6883"}],"version-history":[{"count":1,"href":"https:\/\/dutchchemlabs.com\/fi\/wp-json\/wp\/v2\/product\/6883\/revisions"}],"predecessor-version":[{"id":6915,"href":"https:\/\/dutchchemlabs.com\/fi\/wp-json\/wp\/v2\/product\/6883\/revisions\/6915"}],"wp:featuredmedia":[{"embeddable":true,"href":"https:\/\/dutchchemlabs.com\/fi\/wp-json\/wp\/v2\/media\/6914"}],"wp:attachment":[{"href":"https:\/\/dutchchemlabs.com\/fi\/wp-json\/wp\/v2\/media?parent=6883"}],"wp:term":[{"taxonomy":"product_brand","embeddable":true,"href":"https:\/\/dutchchemlabs.com\/fi\/wp-json\/wp\/v2\/product_brand?post=6883"},{"taxonomy":"product_cat","embeddable":true,"href":"https:\/\/dutchchemlabs.com\/fi\/wp-json\/wp\/v2\/product_cat?post=6883"},{"taxonomy":"product_tag","embeddable":true,"href":"https:\/\/dutchchemlabs.com\/fi\/wp-json\/wp\/v2\/product_tag?post=6883"}],"curies":[{"name":"wp","href":"https:\/\/api.w.org\/{rel}","templated":true}]}}