{"id":6901,"date":"2025-09-20T19:26:09","date_gmt":"2025-09-20T19:26:09","guid":{"rendered":"https:\/\/dutchchemlabs.com\/?post_type=product&#038;p=6901"},"modified":"2025-11-08T07:39:06","modified_gmt":"2025-11-08T07:39:06","slug":"jacked-30ml-poppers","status":"publish","type":"product","link":"https:\/\/dutchchemlabs.com\/fi\/product\/jacked-30ml-poppers\/","title":{"rendered":"Jacked 30ml poppers"},"content":{"rendered":"<h2>Lockerroom Poppers Jacked poppers bestellen<\/h2>\n<p>De Lockerroom Poppers Jacked 30ml is de beste popper voor beginnende, maar ook ervaren gebruikers. Poppers maken jouw intieme momenten nog leuker en spannender! Wanneer je direct uit het flesje snuift voel je direct het effect. Het effect duurt een aantal minuten. Lockerroom Poppers Jacked 30ml poppers zijn een aantal keren gedistilleerd, waardoor de kwaliteit zeer zuiver is. Let op: Gebruik dit product niet in combinatie met erectiemiddelen.<\/p>\n<p>Bent u op zoek naar een manier om poppers te kopen en te genieten van een intense en onvergetelijke ervaring? Dan is Lockerroom Poppers Jacked 30ml iets voor u! Deze krachtige en hoogwaardige formule is speciaal ontwikkeld om u te helpen ontspannen en uw grenzen te verleggen, en is beschikbaar om bij ons te kopen op dutchchemlabs.com.<\/p>\n<p>Haluatko my\u00f6s ostaa 3CMC:t\u00e4? Dutchchemlabs.com-sivustolla myymme my\u00f6s seuraavia tuotteita. <a href=\"https:\/\/dutchchemlabs.com\/product\/3cmc-kopen\/\">3CMC-jauhe<\/a>, <a href=\"https:\/\/dutchchemlabs.com\/product\/3cmc-kopen-kristallen\/\">3CMC-kiteet<\/a> ja <a href=\"https:\/\/dutchchemlabs.com\/product\/3cmc-kopen-capsules\/\">3CMC-kapselit<\/a>.<\/p>\n<h2>Lockerroom Poppers Jacked review<\/h2>\n<p>Jacked is een popper uit de Lockerroom Poppers-serie die bekend staat om zijn sterke en intense effecten. Deze krachtige popper is geliefd onder ervaren gebruikers die op zoek zijn naar een intense sensatie. Het flesje bevat een geconcentreerde formule die zorgt voor een snelle rush. Bij het openen komt er een krachtige geur vrij die direct een opwindend gevoel geeft. De effecten van Jacked zijn voelbaar in het hele lichaam, met een sterke headrush en een ontspannend gevoel van de spieren. De intensiteit van Jacked kan de ervaring van seksuele activiteiten versterken en de zintuigen verhogen. Het is belangrijk om deze popper met mate te gebruiken en de aanbevolen dosering te volgen. Voor gebruikers die op zoek zijn naar een krachtige en intense poppersensatie is Lockerroom Poppers Jacked een uitstekende keuze.<\/p>\n<h2>Osta poppereita osoitteesta dutchchemlabs.com<\/h2>\n<p>osoitteessa dutchchemlabs.com voit \u00e4skett\u00e4in tilata poppers. Laajennamme tuotevalikoimaamme edelleen ahkerasti. Onko sinulla ehdotuksia siit\u00e4, mit\u00e4 poppereita tai muita tuotteita voisimme tarjota? <a href=\"https:\/\/dutchchemlabs.com\/contact\">Ota yhteytt\u00e4<\/a> op en laat het ons weten! Naast de Lockerroom Poppers Jacked 30ml poppers bieden wij <a href=\"https:\/\/dutchchemlabs.com\/product-categorie\/poppers\/\">meerdere soorten poppers aan.<\/a><\/p>\n<h2>Tilattu ennen klo 18:00 = toimitettu huomenna!<\/h2>\n<p><strong>Tilattu ennen klo 18:00 = toimitettu huomenna! <\/strong>Tilauksesi l\u00e4hetet\u00e4\u00e4n anonyymisti ja huomaamattomasti vakituisen kumppanimme PostNL:n kautta. Lis\u00e4ksi voit maksaa helposti ja nopeasti iDEALilla tai Bancontactilla. Tilaa sivuston kautta tai ota meihin yhteytt\u00e4 chatin kautta. Jos sinulla on kysymyksi\u00e4 ja\/tai kommentteja, voit aina soittaa, l\u00e4hett\u00e4\u00e4 s\u00e4hk\u00f6postia tai soittaa meille. Suurempien m\u00e4\u00e4rien tilauksia varten l\u00e4het\u00e4 s\u00e4hk\u00f6postia osoitteeseen info@dutchchemlabs.com. Odotamme innolla tilaustasi!<\/p>\n<p>dutchchemlabs.com myy <a href=\"https:\/\/dutchchemlabs.com\/product-categorie\/research-chemicals\/\">Tutkimuskemikaalit<\/a> ja muuta.<\/p>\n<div id=\"ConnectiveDocSignExtentionInstalled\" data-extension-version=\"1.0.4\"><\/div>","protected":false},"excerpt":{"rendered":"<ul>\n<li><strong>Hienovarainen &amp; anonyymi toimitus<\/strong><\/li>\n<li><strong>Tilattu ennen klo 18:00 = toimitettu huomenna!<\/strong><\/li>\n<li><strong>Ilmainen toimitus yli 50 \u20ac<\/strong><\/li>\n<\/ul>\n<div id=\"ConnectiveDocSignExtentionInstalled\" data-extension-version=\"1.0.4\"><\/div>","protected":false},"featured_media":6955,"comment_status":"open","ping_status":"closed","template":"","meta":[],"product_brand":[],"product_cat":[206,207],"product_tag":[],"class_list":{"0":"post-6901","1":"product","2":"type-product","3":"status-publish","4":"has-post-thumbnail","6":"product_cat-poppers","7":"product_cat-poppers-large","9":"first","10":"instock","11":"taxable","12":"shipping-taxable","13":"purchasable","14":"product-type-simple"},"jetpack_sharing_enabled":true,"_links":{"self":[{"href":"https:\/\/dutchchemlabs.com\/fi\/wp-json\/wp\/v2\/product\/6901","targetHints":{"allow":["GET"]}}],"collection":[{"href":"https:\/\/dutchchemlabs.com\/fi\/wp-json\/wp\/v2\/product"}],"about":[{"href":"https:\/\/dutchchemlabs.com\/fi\/wp-json\/wp\/v2\/types\/product"}],"replies":[{"embeddable":true,"href":"https:\/\/dutchchemlabs.com\/fi\/wp-json\/wp\/v2\/comments?post=6901"}],"version-history":[{"count":1,"href":"https:\/\/dutchchemlabs.com\/fi\/wp-json\/wp\/v2\/product\/6901\/revisions"}],"predecessor-version":[{"id":6956,"href":"https:\/\/dutchchemlabs.com\/fi\/wp-json\/wp\/v2\/product\/6901\/revisions\/6956"}],"wp:featuredmedia":[{"embeddable":true,"href":"https:\/\/dutchchemlabs.com\/fi\/wp-json\/wp\/v2\/media\/6955"}],"wp:attachment":[{"href":"https:\/\/dutchchemlabs.com\/fi\/wp-json\/wp\/v2\/media?parent=6901"}],"wp:term":[{"taxonomy":"product_brand","embeddable":true,"href":"https:\/\/dutchchemlabs.com\/fi\/wp-json\/wp\/v2\/product_brand?post=6901"},{"taxonomy":"product_cat","embeddable":true,"href":"https:\/\/dutchchemlabs.com\/fi\/wp-json\/wp\/v2\/product_cat?post=6901"},{"taxonomy":"product_tag","embeddable":true,"href":"https:\/\/dutchchemlabs.com\/fi\/wp-json\/wp\/v2\/product_tag?post=6901"}],"curies":[{"name":"wp","href":"https:\/\/api.w.org\/{rel}","templated":true}]}}