{"id":7269,"date":"2025-09-20T19:27:24","date_gmt":"2025-09-20T19:27:24","guid":{"rendered":"https:\/\/dutchchemlabs.com\/?post_type=product&#038;p=7269"},"modified":"2025-11-08T07:39:04","modified_gmt":"2025-11-08T07:39:04","slug":"blue-boy-extreme-poppers-30ml","status":"publish","type":"product","link":"https:\/\/dutchchemlabs.com\/fi\/product\/blue-boy-extreme-poppers-30ml\/","title":{"rendered":"Blue Boy Extreme Poppers 30ml"},"content":{"rendered":"<h2>Blue Boy Extreme poppers bestellen<\/h2>\n<p>De Blue Boy Extreme 30 ml is een krachtige popper en is leuk voor beginnende, maar ook ervaren gebruikers. Poppers maken jouw intieme momenten nog leuker en spannender! Wanneer je direct uit het flesje snuift voel je direct het effect. Het effect duurt enkele minuten. Blue Boy Extreme 30ml poppers zijn drie keer gedistilleerd, waardoor de kwaliteit zeer zuiver is. Let op: Gebruik dit product niet in combinatie met erectiemiddelen.<\/p>\n<p>Haluatko my\u00f6s ostaa 3CMC:t\u00e4? Dutchchemlabs.com-sivustolla myymme my\u00f6s seuraavia tuotteita. <a href=\"https:\/\/dutchchemlabs.com\/product\/3cmc-kopen\/\">3CMC-jauhe<\/a>, <a href=\"https:\/\/dutchchemlabs.com\/product\/3cmc-kopen-kristallen\/\">3CMC-kiteet<\/a> ja <a href=\"https:\/\/dutchchemlabs.com\/product\/3cmc-kopen-capsules\/\">3CMC-kapselit<\/a>.<\/p>\n<h2>Blue Boy Extreme review<\/h2>\n<p>Blue Boy Extreme Formula poppers, afkomstig uit Canada, zijn geliefd vanwege hun krachtige en directe effecten zonder bijwerkingen. Met een aangename geur en een rijke geschiedenis als een van de oudste poppersmerken, hebben Blue Boy poppers wereldwijd een grote populariteit verworven. Deze poppers nemen je mee op een nostalgische reis naar plezier, of het nu op de dansvloer is voor een tijdelijke rush of tussen de lakens voor intensere seksuele ervaringen. Het gebruik van Blue Boy poppers moet echter verantwoordelijk gebeuren, en het is belangrijk om de aanbevolen richtlijnen te volgen. Geniet van de krachtige sensaties en herontdek het plezier met Blue Boy Extreme Formula poppers.<\/p>\n<h2>Osta poppereita osoitteesta dutchchemlabs.com<\/h2>\n<p>Bij dutchchemlabs.com kun je sinds kort ook poppers bestellen. We zijn nog druk bezig ons assortiment uit te breiden. Heb je nog suggesties over welke poppers of overige producten we nog meer aan kunnen bieden? <a href=\"https:\/\/dutchchemlabs.com\/contact\">Ota yhteytt\u00e4<\/a> op en laat het ons weten! Naast de Blue Boy Extreme 30 ml poppers bieden we <a href=\"https:\/\/dutchchemlabs.com\/product-categorie\/poppers\/\">meerdere soorten poppers aan.<\/a><\/p>\n<h2>Tilattu ennen klo 18:00 = toimitettu huomenna!<\/h2>\n<p><strong>Tilattu ennen klo 18:00 = toimitettu huomenna! <\/strong>Tilauksesi l\u00e4hetet\u00e4\u00e4n anonyymisti ja huomaamattomasti vakituisen kumppanimme PostNL:n kautta. Lis\u00e4ksi voit maksaa helposti ja nopeasti iDEALilla tai Bancontactilla. Tilaa sivuston kautta tai ota meihin yhteytt\u00e4 chatin kautta. Jos sinulla on kysymyksi\u00e4 ja\/tai kommentteja, voit aina soittaa, l\u00e4hett\u00e4\u00e4 s\u00e4hk\u00f6postia tai soittaa meille. Suurempien m\u00e4\u00e4rien tilauksia varten l\u00e4het\u00e4 s\u00e4hk\u00f6postia osoitteeseen info@dutchchemlabs.com. Odotamme innolla tilaustasi!<\/p>\n<p>dutchchemlabs.com myy <a href=\"https:\/\/dutchchemlabs.com\/product-categorie\/research-chemicals\/\">Tutkimuskemikaalit<\/a> ja muuta.<\/p>\n<div id=\"ConnectiveDocSignExtentionInstalled\" data-extension-version=\"1.0.4\"><\/div>","protected":false},"excerpt":{"rendered":"<ul>\n<li><strong>Hienovarainen &amp; anonyymi toimitus<\/strong><\/li>\n<li><strong>Tilattu ennen klo 18:00 = toimitettu huomenna!<\/strong><\/li>\n<li><strong>Ilmainen toimitus yli 50 \u20ac<\/strong><\/li>\n<\/ul>\n<div id=\"ConnectiveDocSignExtentionInstalled\" data-extension-version=\"1.0.4\"><\/div>","protected":false},"featured_media":7330,"comment_status":"open","ping_status":"closed","template":"","meta":[],"product_brand":[],"product_cat":[206,207],"product_tag":[],"class_list":{"0":"post-7269","1":"product","2":"type-product","3":"status-publish","4":"has-post-thumbnail","6":"product_cat-poppers","7":"product_cat-poppers-large","9":"first","10":"instock","11":"taxable","12":"shipping-taxable","13":"purchasable","14":"product-type-simple"},"jetpack_sharing_enabled":true,"_links":{"self":[{"href":"https:\/\/dutchchemlabs.com\/fi\/wp-json\/wp\/v2\/product\/7269","targetHints":{"allow":["GET"]}}],"collection":[{"href":"https:\/\/dutchchemlabs.com\/fi\/wp-json\/wp\/v2\/product"}],"about":[{"href":"https:\/\/dutchchemlabs.com\/fi\/wp-json\/wp\/v2\/types\/product"}],"replies":[{"embeddable":true,"href":"https:\/\/dutchchemlabs.com\/fi\/wp-json\/wp\/v2\/comments?post=7269"}],"version-history":[{"count":1,"href":"https:\/\/dutchchemlabs.com\/fi\/wp-json\/wp\/v2\/product\/7269\/revisions"}],"predecessor-version":[{"id":7331,"href":"https:\/\/dutchchemlabs.com\/fi\/wp-json\/wp\/v2\/product\/7269\/revisions\/7331"}],"wp:featuredmedia":[{"embeddable":true,"href":"https:\/\/dutchchemlabs.com\/fi\/wp-json\/wp\/v2\/media\/7330"}],"wp:attachment":[{"href":"https:\/\/dutchchemlabs.com\/fi\/wp-json\/wp\/v2\/media?parent=7269"}],"wp:term":[{"taxonomy":"product_brand","embeddable":true,"href":"https:\/\/dutchchemlabs.com\/fi\/wp-json\/wp\/v2\/product_brand?post=7269"},{"taxonomy":"product_cat","embeddable":true,"href":"https:\/\/dutchchemlabs.com\/fi\/wp-json\/wp\/v2\/product_cat?post=7269"},{"taxonomy":"product_tag","embeddable":true,"href":"https:\/\/dutchchemlabs.com\/fi\/wp-json\/wp\/v2\/product_tag?post=7269"}],"curies":[{"name":"wp","href":"https:\/\/api.w.org\/{rel}","templated":true}]}}