{"id":7477,"date":"2025-09-20T19:28:01","date_gmt":"2025-09-20T19:28:01","guid":{"rendered":"https:\/\/dutchchemlabs.com\/?post_type=product&#038;p=7477"},"modified":"2025-11-08T07:39:03","modified_gmt":"2025-11-08T07:39:03","slug":"highrise-blue-tall-30ml-poppers","status":"publish","type":"product","link":"https:\/\/dutchchemlabs.com\/fi\/product\/highrise-blue-tall-30ml-poppers\/","title":{"rendered":"Highrise Sininen pitk\u00e4 30ml Poppers 30ml"},"content":{"rendered":"<h2>Highrise Blue Tall poppers bestellen<\/h2>\n<p>Ben je op zoek naar een sterke rush? De Highrise Blue Tall 30 ml Poppers hebben een sterk effect en een ontspannend aroma. Een van de beste poppers van de marktleider Lockerroom. Dat is leuk voor op feestjes of tussen de lakens. Poppers maken je intieme momenten nog leuker en spannender! Wanneer je direct uit het flesje snuift voel je direct het effect. Het effect duurt enkele minuten. Let op: Gebruik dit product niet in combinatie met erectiemiddelen.<\/p>\n<p>Haluatko my\u00f6s ostaa 3CMC:t\u00e4? Dutchchemlabs.com-sivustolla myymme my\u00f6s seuraavia tuotteita. <a href=\"https:\/\/dutchchemlabs.com\/product\/3cmc-kopen\/\">3CMC-jauhe<\/a>, <a href=\"https:\/\/dutchchemlabs.com\/product\/3cmc-kopen-kristallen\/\">3CMC-kiteet<\/a> ja <a href=\"https:\/\/dutchchemlabs.com\/product\/3cmc-kopen-capsules\/\">3CMC-kapselit<\/a>.<\/p>\n<h2>Highrise Blue Tall poppers review<\/h2>\n<p>De Highrise Blue Tall poppers worden volgens online-rapporten gebruikt net voor een orgasme om zo nog een beter hoogtepunt te bereiken. De poppers van Highrise Blue Tall geven je een ontspannen gevoel waardoor seks nog beter wordt voor jou en je partner. Maak je seksleven spannender met deze poppers en experimenteer wat tussen de lakens. De poppers van Highrise Blue Tall hebben hebben volgens online-rapporten een ontspannend aroma en een sterk effect en zullen je plezier garanderen.<\/p>\n<p>Dit type poppers is relatief nieuw, maar die zijn wel snel populair geworden vanwege hun intense en langdurige effecten. De intense effecten die gebruikers ervaren, zijn onder meer een sterke golf van plezier en euforie, visuele en auditieve vervormingen, verhoogde hartslag en bloeddruk, en een ontspannen en open ademhaling.<\/p>\n<h2>Tilattu ennen klo 18:00 = toimitettu huomenna!<\/h2>\n<p><strong>Tilattu ennen klo 18:00 = toimitettu huomenna! <\/strong>Tilauksesi l\u00e4hetet\u00e4\u00e4n anonyymisti ja huomaamattomasti vakituisen kumppanimme PostNL:n kautta. Lis\u00e4ksi voit maksaa helposti ja nopeasti iDEALilla tai Bancontactilla. Suurempien m\u00e4\u00e4rien tilauksia varten l\u00e4het\u00e4 s\u00e4hk\u00f6postia osoitteeseen info@dutchchemlabs.com. Odotamme innolla tilaustasi!<\/p>\n<p>dutchchemlabs.com myy <a href=\"https:\/\/dutchchemlabs.com\/product-categorie\/research-chemicals\/\">Tutkimuskemikaalit<\/a> ja muuta.<\/p>\n<div id=\"ConnectiveDocSignExtentionInstalled\" data-extension-version=\"1.0.4\"><\/div>","protected":false},"excerpt":{"rendered":"<ul>\n<li><strong>Hienovarainen &amp; anonyymi toimitus<\/strong><\/li>\n<li><strong>Tilattu ennen klo 18:00 = toimitettu huomenna!<\/strong><\/li>\n<li><strong>Ilmainen toimitus yli 50 \u20ac<\/strong><\/li>\n<\/ul>\n<div id=\"ConnectiveDocSignExtentionInstalled\" data-extension-version=\"1.0.4\"><\/div>","protected":false},"featured_media":7516,"comment_status":"open","ping_status":"closed","template":"","meta":[],"product_brand":[],"product_cat":[206,207],"product_tag":[],"class_list":{"0":"post-7477","1":"product","2":"type-product","3":"status-publish","4":"has-post-thumbnail","6":"product_cat-poppers","7":"product_cat-poppers-large","9":"first","10":"instock","11":"taxable","12":"shipping-taxable","13":"purchasable","14":"product-type-simple"},"jetpack_sharing_enabled":true,"_links":{"self":[{"href":"https:\/\/dutchchemlabs.com\/fi\/wp-json\/wp\/v2\/product\/7477","targetHints":{"allow":["GET"]}}],"collection":[{"href":"https:\/\/dutchchemlabs.com\/fi\/wp-json\/wp\/v2\/product"}],"about":[{"href":"https:\/\/dutchchemlabs.com\/fi\/wp-json\/wp\/v2\/types\/product"}],"replies":[{"embeddable":true,"href":"https:\/\/dutchchemlabs.com\/fi\/wp-json\/wp\/v2\/comments?post=7477"}],"version-history":[{"count":1,"href":"https:\/\/dutchchemlabs.com\/fi\/wp-json\/wp\/v2\/product\/7477\/revisions"}],"predecessor-version":[{"id":7517,"href":"https:\/\/dutchchemlabs.com\/fi\/wp-json\/wp\/v2\/product\/7477\/revisions\/7517"}],"wp:featuredmedia":[{"embeddable":true,"href":"https:\/\/dutchchemlabs.com\/fi\/wp-json\/wp\/v2\/media\/7516"}],"wp:attachment":[{"href":"https:\/\/dutchchemlabs.com\/fi\/wp-json\/wp\/v2\/media?parent=7477"}],"wp:term":[{"taxonomy":"product_brand","embeddable":true,"href":"https:\/\/dutchchemlabs.com\/fi\/wp-json\/wp\/v2\/product_brand?post=7477"},{"taxonomy":"product_cat","embeddable":true,"href":"https:\/\/dutchchemlabs.com\/fi\/wp-json\/wp\/v2\/product_cat?post=7477"},{"taxonomy":"product_tag","embeddable":true,"href":"https:\/\/dutchchemlabs.com\/fi\/wp-json\/wp\/v2\/product_tag?post=7477"}],"curies":[{"name":"wp","href":"https:\/\/api.w.org\/{rel}","templated":true}]}}