{"id":7797,"date":"2025-09-20T19:28:56","date_gmt":"2025-09-20T19:28:56","guid":{"rendered":"https:\/\/dutchchemlabs.com\/?post_type=product&#038;p=7797"},"modified":"2025-11-08T07:39:03","modified_gmt":"2025-11-08T07:39:03","slug":"eutylone-kristallen-ed-db-verboden-nooit-meer-leverbaar","status":"publish","type":"product","link":"https:\/\/dutchchemlabs.com\/fi\/product\/eutylone-kristallen-ed-db-verboden-nooit-meer-leverbaar\/","title":{"rendered":"Eutylone Kristallen (ED-DB) (Verboden, nooit meer leverbaar)"},"content":{"rendered":"<p><strong>Eutylone (ED-DB) kopen? Eutylone (ED-DB) is een synthetisch cathinon dat behoort tot de \u03b2-keto-familie van verbindingen, en heeft stimulerende en empathogene effecten, vergelijkbaar met MDMA.<br \/>\n<\/strong><\/p>\n<p>Bestel vandaag nog de allerhoogste kwaliteit Eutylone Kristallen bij dutchchemlabs.com. Eutylone is een stof die valt onder de groep cathinonen. Eutylone is een Research Chemical en is niet voor menselijke consumptie geschikt. Voor 18:00 besteld is morgen al in huis! Je kunt bij ons gemakkelijk en veilig betalen met iDEAL, zoals je gewend bent. Eutylone Kristallen kopen doe je bij dutchchemlabs.com, de snelste, beste en goedkoopste Research Chemicals specialist van Nederland! Daarnaast bieden we ook andere <a href=\"https:\/\/dutchchemlabs.com\/product-categorie\/research-chemicals\/\"> Tutkimuskemikaalit<\/a> to.<\/p>\n<p>Haluatko my\u00f6s ostaa 3CMC:t\u00e4? Dutchchemlabs.com-sivustolla myymme my\u00f6s seuraavia tuotteita. <a href=\"https:\/\/dutchchemlabs.com\/product\/3cmc-kopen\/\">3CMC-jauhe<\/a>, <a href=\"https:\/\/dutchchemlabs.com\/product\/3cmc-kopen-kristallen\/\">3CMC-kiteet<\/a> ja <a href=\"https:\/\/dutchchemlabs.com\/product\/3cmc-kopen-capsules\/\">3CMC-kapselit<\/a>.<\/p>\n<h2>Eutylone effecten<\/h2>\n<p>Binnen de online gemeenschap delen gebruikers online hun ervaringen met Eutylone, ook bekend als ED-DB, waarbij ze wijzen op enkele verleidelijke positieve effecten. Sommige rapporten beschrijven een kortstondige toename van energie en alertheid, evenals een gevoel van euforie en verhoogde sociale interactie. Enkele gebruikers hebben melding gemaakt van een tijdelijke verbetering van de stemming en het gevoel van welzijn, wat hen mogelijk aantrekt tot deze stof.<\/p>\n<p>Let op! Hoewel deze positieve ervaringen worden gedeeld, is het cruciaal om te benadrukken dat ze een vertekend beeld kunnen geven van de werkelijke risico\u2019s en bijwerkingen van Eutylone. De schijnbaar gunstige effecten kunnen overschaduwd worden door onvoorspelbare reacties, gezondheidsgevaren en mogelijke negatieve consequenties op de lange termijn. Gezien het gebrek aan wetenschappelijk onderzoek en betrouwbare informatie, is het van het grootste belang om voorzichtig te zijn bij het gebruik van deze stof in jouw onderzoek, aangezien de ware aard en impact ervan nog steeds grotendeels onbekend zijn.<\/p>\n<p>Meid\u00e4n kanssamme voit tietysti my\u00f6s <a href=\"https:\/\/dutchchemlabs.com\/product-categorie\/research-chemicals\/3cmc-kopen\/\">3CMC bestellen,<\/a><\/p>\n<h2>Voor 18:00 besteld, morgen in huis!<\/h2>\n<p><strong>Tilattu ennen klo 18:00 = toimitettu huomenna! <\/strong>Tilauksesi l\u00e4hetet\u00e4\u00e4n anonyymisti ja huomaamattomasti vakituisen kumppanimme PostNL:n kautta. Lis\u00e4ksi voit maksaa helposti ja nopeasti iDEALilla tai Bancontactilla. Tilaa sivuston kautta tai ota meihin yhteytt\u00e4 chatin kautta. Jos sinulla on kysymyksi\u00e4 ja\/tai kommentteja, voit aina soittaa, l\u00e4hett\u00e4\u00e4 s\u00e4hk\u00f6postia tai soittaa meille. Suurempien m\u00e4\u00e4rien tilauksia varten l\u00e4het\u00e4 s\u00e4hk\u00f6postia osoitteeseen info@dutchchemlabs.com. Odotamme innolla tilaustasi!<\/p>\n<h2>Toimitamme my\u00f6s suuria m\u00e4\u00e4ri\u00e4<\/h2>\n<p>Wil je 3CMC kopen of Eutylone bestellen in grote hoeveelheden? Bestel vandaag nog de allerhoogste kwaliteit Eutylone bij dutchchemlabs.com. Eutylone is een Research Chemical en is niet voor menselijke consumptie geschikt. ED-DB wordt gezien als een van de vervangers van 3-MMC. Bij dutchchemlabs.com kun je ED-DB bestellen in de vorm van <a href=\"https:\/\/dutchchemlabs.com\/product\/eutylone-kristallen-kopen\/\">Eutylone Kristallen,<\/a> maar je kunt ook een Cathinonen Combi Pack kopen met daarin <a href=\"https:\/\/dutchchemlabs.com\/product-categorie\/research-chemicals\/cathinonen\/3cmc-kopen\/\">3CMC Poeder,<\/a> <a href=\"https:\/\/dutchchemlabs.com\/product\/2mmc-poeder-kopen-3mmc-vervanger\/\">2MMC Poeder<\/a>, Eutylone Kristallen en <a href=\"https:\/\/dutchchemlabs.com\/product\/a-pihp-kristalbrokken-kopen\/\">PiHP Kristalbrokken<\/a>.<\/p>\n<div id=\"ConnectiveDocSignExtentionInstalled\" data-extension-version=\"1.0.4\"><\/div>","protected":false},"excerpt":{"rendered":"<ul>\n<li><strong>Hienovarainen &amp; anonyymi toimitus<\/strong><\/li>\n<li><strong>Tilattu ennen klo 18:00 = toimitettu huomenna!<\/strong><\/li>\n<li><strong>Ilmainen toimitus yli 50 \u20ac<\/strong><\/li>\n<\/ul>\n<div id=\"ConnectiveDocSignExtentionInstalled\" data-extension-version=\"1.0.4\"><\/div>","protected":false},"featured_media":8974,"comment_status":"open","ping_status":"closed","template":"","meta":[],"product_brand":[],"product_cat":[102,346],"product_tag":[],"class_list":{"0":"post-7797","1":"product","2":"type-product","3":"status-publish","4":"has-post-thumbnail","6":"product_cat-cathinonen","7":"product_cat-eutylone-ed-db","9":"first","10":"instock","11":"taxable","12":"shipping-taxable","13":"purchasable","14":"product-type-variable"},"jetpack_sharing_enabled":true,"_links":{"self":[{"href":"https:\/\/dutchchemlabs.com\/fi\/wp-json\/wp\/v2\/product\/7797","targetHints":{"allow":["GET"]}}],"collection":[{"href":"https:\/\/dutchchemlabs.com\/fi\/wp-json\/wp\/v2\/product"}],"about":[{"href":"https:\/\/dutchchemlabs.com\/fi\/wp-json\/wp\/v2\/types\/product"}],"replies":[{"embeddable":true,"href":"https:\/\/dutchchemlabs.com\/fi\/wp-json\/wp\/v2\/comments?post=7797"}],"version-history":[{"count":2,"href":"https:\/\/dutchchemlabs.com\/fi\/wp-json\/wp\/v2\/product\/7797\/revisions"}],"predecessor-version":[{"id":8975,"href":"https:\/\/dutchchemlabs.com\/fi\/wp-json\/wp\/v2\/product\/7797\/revisions\/8975"}],"wp:featuredmedia":[{"embeddable":true,"href":"https:\/\/dutchchemlabs.com\/fi\/wp-json\/wp\/v2\/media\/8974"}],"wp:attachment":[{"href":"https:\/\/dutchchemlabs.com\/fi\/wp-json\/wp\/v2\/media?parent=7797"}],"wp:term":[{"taxonomy":"product_brand","embeddable":true,"href":"https:\/\/dutchchemlabs.com\/fi\/wp-json\/wp\/v2\/product_brand?post=7797"},{"taxonomy":"product_cat","embeddable":true,"href":"https:\/\/dutchchemlabs.com\/fi\/wp-json\/wp\/v2\/product_cat?post=7797"},{"taxonomy":"product_tag","embeddable":true,"href":"https:\/\/dutchchemlabs.com\/fi\/wp-json\/wp\/v2\/product_tag?post=7797"}],"curies":[{"name":"wp","href":"https:\/\/api.w.org\/{rel}","templated":true}]}}