{"id":7857,"date":"2025-09-20T19:29:05","date_gmt":"2025-09-20T19:29:05","guid":{"rendered":"https:\/\/dutchchemlabs.com\/?post_type=product&#038;p=7857"},"modified":"2025-11-08T07:39:02","modified_gmt":"2025-11-08T07:39:02","slug":"benzo-combi-pack","status":"publish","type":"product","link":"https:\/\/dutchchemlabs.com\/fi\/product\/benzo-combi-pack\/","title":{"rendered":"Bentso Combi Pack"},"content":{"rendered":"<p><strong>Benzo Combi Pack kopen? Weet jij niet welke Benzo\u2019s het beste bij jou passen? Bestel dan vandaag nog het Benzo Combi Pack. In de combi pack vind je 5 verschillende benzodiazepinen terug.<br \/>\n<\/strong><\/p>\n<p>Benzodiazepinen zijn zijn een Research Chemical en is niet voor menselijke consumptie geschikt. Voor 18:00 besteld is morgen al in huis! Je kan bij ons gemakkelijk en veilig betalen met iDEAL, zoals je gewend bent. Benzodiazepinen kopen doe je bij dutchchemlabs.com, de snelste, beste en goedkoopste Research Chemicals specialist van Nederland! Daarnaast bieden wij ook andere <a href=\"https:\/\/dutchchemlabs.com\/product-categorie\/research-chemicals\/\"> Tutkimuskemikaalit<\/a> to.<\/p>\n<h2>Benzo Combi Pack,\u00a0wat zit er in?<\/h2>\n<h4>Benzo Combi Pack Small:<\/h4>\n<ul>\n<li>5x Pyrazolam Pellets 3mg<\/li>\n<li>5x Norflurazepam Pellets 5mg<\/li>\n<li>5x Gidazepam Pellets 3mg<\/li>\n<li>5x Flubromazepam Pellets 8mg<\/li>\n<li>5x Bromazolam Pellets 3mg<\/li>\n<\/ul>\n<h4>Benzo Combi Pack Large:<\/h4>\n<ul>\n<li>10x Pyrazolam Pellets 3mg<\/li>\n<li>10x Norflurazepam Pellets 5mg<\/li>\n<li>10x Gidazepam Pellets 3mg<\/li>\n<li>10x Flubromazepam Pellets 8mg<\/li>\n<li>10x Bromazolam Pellets 3mg<\/li>\n<\/ul>\n<h2>Benzodiazepinen kopen<\/h2>\n<p>Het Benzo Combi Pack is een geweldige oplossing voor mensen die verschillende soorten Benzodiazepinen willen ontdekken. Dit pakket bevat een verscheidenheid aan verschillende benzodiazepines, zo kun je er meerdere proberen om degene te vinden die het beste bij je past. Met de Benzo Combi Pack vind je de benzodiazepine die het beste bij je past, zonder dat je verschillende pakketten hoeft te bestellen.<\/p>\n<h2>Tilattu ennen klo 18:00 = toimitettu huomenna!<\/h2>\n<p><strong>Tilattu ennen klo 18:00 = toimitettu huomenna! <\/strong>Tilauksesi l\u00e4hetet\u00e4\u00e4n nimett\u00f6m\u00e4n\u00e4 ja huomaamattomasti. Lis\u00e4ksi voit maksaa helposti ja nopeasti iDEALilla tai Bancontactilla. Tilaa sivuston kautta tai ota meihin yhteytt\u00e4 chatin kautta. Jos sinulla on kysymyksi\u00e4 ja\/tai kommentteja, voit aina soittaa, l\u00e4hett\u00e4\u00e4 s\u00e4hk\u00f6postia tai soittaa meille. Suurempien m\u00e4\u00e4rien tilauksia varten l\u00e4het\u00e4 s\u00e4hk\u00f6postia osoitteeseen info@dutchchemlabs.com. Odotamme innolla tilaustasi! Bentsodiatsepiinimme ovat laboratoriotestattuja ja 100%-puhtaita.<\/p>\n<h2>Toimitamme my\u00f6s suuria m\u00e4\u00e4ri\u00e4<\/h2>\n<p>Wil je graag benzodiazepinen bestellen in grotere hoeveelheden? Neem dan via de chat contact met ons op. dutchchemlabs.com bied scherpe tarieven voor grotere hoeveelheden.Neem dan via de chat contact met ons op. dutchchemlabs.com bied scherpe tarieven voor grotere hoeveelheden. Wacht niet langer en neem vandaag nog contact op.<\/p>\n<div id=\"ConnectiveDocSignExtentionInstalled\" data-extension-version=\"1.0.4\"><\/div>","protected":false},"excerpt":{"rendered":"<ul>\n<li><strong>Hienovarainen &amp; anonyymi toimitus<\/strong><\/li>\n<li><strong>Tilattu ennen klo 18:00 = toimitettu huomenna!<\/strong><\/li>\n<li><strong>Ilmainen toimitus yli 50 \u20ac<\/strong><\/li>\n<\/ul>\n<div id=\"ConnectiveDocSignExtentionInstalled\" data-extension-version=\"1.0.4\"><\/div>","protected":false},"featured_media":8794,"comment_status":"open","ping_status":"closed","template":"","meta":[],"product_brand":[],"product_cat":[323,354,190,355,356,357,189,573,187,358,84],"product_tag":[],"class_list":{"0":"post-7857","1":"product","2":"type-product","3":"status-publish","4":"has-post-thumbnail","6":"product_cat-benzodiazepinen","7":"product_cat-bromazolam","8":"product_cat-combi-packs","9":"product_cat-flubromazepam","10":"product_cat-gidazepam","11":"product_cat-norflurazepam","12":"product_cat-overig","13":"product_cat-pellets","14":"product_cat-populair","15":"product_cat-pyrazolam","16":"product_cat-sale","18":"first","19":"instock","20":"sale","21":"taxable","22":"shipping-taxable","23":"purchasable","24":"product-type-variable"},"jetpack_sharing_enabled":true,"_links":{"self":[{"href":"https:\/\/dutchchemlabs.com\/fi\/wp-json\/wp\/v2\/product\/7857","targetHints":{"allow":["GET"]}}],"collection":[{"href":"https:\/\/dutchchemlabs.com\/fi\/wp-json\/wp\/v2\/product"}],"about":[{"href":"https:\/\/dutchchemlabs.com\/fi\/wp-json\/wp\/v2\/types\/product"}],"replies":[{"embeddable":true,"href":"https:\/\/dutchchemlabs.com\/fi\/wp-json\/wp\/v2\/comments?post=7857"}],"version-history":[{"count":2,"href":"https:\/\/dutchchemlabs.com\/fi\/wp-json\/wp\/v2\/product\/7857\/revisions"}],"predecessor-version":[{"id":8795,"href":"https:\/\/dutchchemlabs.com\/fi\/wp-json\/wp\/v2\/product\/7857\/revisions\/8795"}],"wp:featuredmedia":[{"embeddable":true,"href":"https:\/\/dutchchemlabs.com\/fi\/wp-json\/wp\/v2\/media\/8794"}],"wp:attachment":[{"href":"https:\/\/dutchchemlabs.com\/fi\/wp-json\/wp\/v2\/media?parent=7857"}],"wp:term":[{"taxonomy":"product_brand","embeddable":true,"href":"https:\/\/dutchchemlabs.com\/fi\/wp-json\/wp\/v2\/product_brand?post=7857"},{"taxonomy":"product_cat","embeddable":true,"href":"https:\/\/dutchchemlabs.com\/fi\/wp-json\/wp\/v2\/product_cat?post=7857"},{"taxonomy":"product_tag","embeddable":true,"href":"https:\/\/dutchchemlabs.com\/fi\/wp-json\/wp\/v2\/product_tag?post=7857"}],"curies":[{"name":"wp","href":"https:\/\/api.w.org\/{rel}","templated":true}]}}