{"id":1531,"date":"2025-09-20T09:09:44","date_gmt":"2025-09-20T09:09:44","guid":{"rendered":"https:\/\/dutchchemlabs.com\/?post_type=product&#038;p=1531"},"modified":"2025-11-08T07:39:16","modified_gmt":"2025-11-08T07:39:16","slug":"4fma-pellets-60mg","status":"publish","type":"product","link":"https:\/\/dutchchemlabs.com\/fr\/product\/4fma-pellets-60mg\/","title":{"rendered":"4FMA Pellets (60mg)"},"content":{"rendered":"<h1>Acheter 4FMA Pellets - 60mg<\/h1>\n<p>Chez dutchchemlabs.com, nous proposons des pastilles de 4-FMA 60 MG (4-Fluorom\u00e9thamph\u00e9tamine), destin\u00e9es uniquement \u00e0 la recherche et \u00e0 l'industrie. Ces pastilles, avec un dosage de 60 mg par pastille, ne sont pas destin\u00e9es \u00e0 la consommation humaine. La 4-FMA (4-Fluorom\u00e9thamph\u00e9tamine) appartient \u00e0 la cat\u00e9gorie des produits chimiques de recherche et doit \u00eatre manipul\u00e9e avec une extr\u00eame prudence par des professionnels qualifi\u00e9s.<\/p>\n<p>Nous proposons \u00e9galement <a href=\"https:\/\/dutchchemlabs.com\/product-categorie\/research-chemicals\/cathinonen\/2mmc-kopen\/\">2MMC<\/a>, <a href=\"https:\/\/dutchchemlabs.com\/product-categorie\/research-chemicals\/cathinonen\/pentedrone-nep\/\">Pentedrone (NEP)<\/a>,\u00a0<a href=\"https:\/\/dutchchemlabs.com\/product\/4mpd-kristallen-kopen\/\">4MPD<\/a> et d'autres produits chimiques de recherche.<\/p>\n<h3>Caract\u00e9ristiques de 4FMA Pellets 60 MG<\/h3>\n<ul>\n<li><strong>Haute qualit\u00e9<\/strong>Nos pastilles de 4-FMA contiennent 60 mg de 4-Fluorom\u00e9thamph\u00e9tamine par pastille. Elles sont pes\u00e9es et formul\u00e9es avec pr\u00e9cision pour obtenir des r\u00e9sultats fiables dans le cadre de la recherche.<\/li>\n<li><strong>Pour la recherche et les applications industrielles<\/strong>Ces pastilles sont destin\u00e9es uniquement aux laboratoires et aux chercheurs qualifi\u00e9s. Elles conviennent aux tests et \u00e0 l'utilisation exp\u00e9rimentale dans un environnement contr\u00f4l\u00e9.<\/li>\n<li><strong>Non destin\u00e9 \u00e0 la consommation humaine<\/strong>La substance 4-FMA est class\u00e9e dans la cat\u00e9gorie des produits chimiques ne convenant pas \u00e0 la consommation humaine ou animale. N'utilisez ce produit qu'en conformit\u00e9 avec les r\u00e9glementations applicables et les directives de recherche.<\/li>\n<\/ul>\n<h3>Conseils pour l'utilisation des pastilles 4FMA<\/h3>\n<ul>\n<li><strong>Pour la recherche uniquement<\/strong>Ces granul\u00e9s doivent \u00eatre manipul\u00e9s avec le plus grand soin. Les stocker dans un environnement contr\u00f4l\u00e9 et hors de port\u00e9e des personnes non qualifi\u00e9es.<\/li>\n<li><strong>La s\u00e9curit\u00e9 avant tout<\/strong>Les risques li\u00e9s \u00e0 l'utilisation de cette substance sont les suivants : Toujours porter un \u00e9quipement de protection appropri\u00e9, tel que des gants et des lunettes de s\u00e9curit\u00e9, lorsque l'on travaille avec cette substance.<\/li>\n<li><strong>Stockage<\/strong>: Stockez les pellets 4-FMA dans un endroit frais et sec. Veillez \u00e0 ce que la zone de stockage soit bien ventil\u00e9e et que les granul\u00e9s soient hors de port\u00e9e des personnes non autoris\u00e9es.<\/li>\n<\/ul>\n<h3>Pourquoi commander chez dutchchemlabs.com ?<\/h3>\n<ul>\n<li><strong>Une qualit\u00e9 fiable<\/strong>: Chez dutchchemlabs.com, nous ne fournissons que des produits de haute qualit\u00e9 adapt\u00e9s \u00e0 la recherche professionnelle et aux applications industrielles. Les 4-FMA Pellets sont m\u00e9ticuleusement formul\u00e9s et r\u00e9pondent aux normes les plus strictes.<\/li>\n<li><strong>Emballage discret<\/strong>Les produits sont livr\u00e9s en toute s\u00e9curit\u00e9 et dans l'anonymat gr\u00e2ce \u00e0 un emballage s\u00fbr et discret.<\/li>\n<li><strong>Livraison rapide<\/strong>Nous vous offrons une livraison rapide et fiable afin que vous receviez votre commande rapidement pour vos projets de recherche.<\/li>\n<li><strong>Un service client professionnel<\/strong>: Notre \u00e9quipe est \u00e0 votre disposition pour r\u00e9pondre \u00e0 toutes vos questions sur le produit et le processus de commande.<\/li>\n<\/ul>\n<h3>Commandez 4FMA Pellets 60 MG (4-Fluorom\u00e9thamph\u00e9tamine) sur dutchchemlabs.com d\u00e8s maintenant !<\/h3>\n<p>Ajouter le <strong>4-FMA Pellets 60 MG<\/strong> ajoutez \u00e0 votre panier sur dutchchemlabs.com et acc\u00e9dez \u00e0 des produits chimiques de recherche de haute qualit\u00e9. Veuillez noter que ce produit n'est pas destin\u00e9 \u00e0 la consommation humaine et qu'il est r\u00e9serv\u00e9 \u00e0 un usage professionnel.<\/p>\n<h2>Command\u00e9 avant 18h00 = livr\u00e9 demain !<\/h2>\n<p>Votre commande sera exp\u00e9di\u00e9e de mani\u00e8re anonyme et discr\u00e8te par notre partenaire habituel, PostNL. En outre, vous pouvez payer facilement et rapidement avec iDEAL ou Bancontact. Commandez via le site ou contactez-nous par chat. Vous pouvez \u00e9galement nous envoyer un e-mail \u00e0 tout moment pour nous poser des questions et\/ou nous faire part de vos commentaires. Pour les commandes en grandes quantit\u00e9s, veuillez envoyer un e-mail \u00e0 info@dutchchemlabs.com. Nous nous r\u00e9jouissons de recevoir votre commande !<\/p>\n<h2>Nous fournissons \u00e9galement de grandes quantit\u00e9s<\/h2>\n<p>Vous souhaitez commander des pastilles 4FMA en plus grandes quantit\u00e9s ? Dans ce cas, contactez-nous par chat. dutchchemlabs.com propose des tarifs comp\u00e9titifs pour les grandes quantit\u00e9s. N'attendez plus et contactez-nous d\u00e8s aujourd'hui.<\/p>\n<div id=\"ConnectiveDocSignExtentionInstalled\" data-extension-version=\"1.0.4\"><\/div>","protected":false},"excerpt":{"rendered":"<ul>\n<li><strong>Exp\u00e9dition discr\u00e8te et anonyme<\/strong><\/li>\n<li><strong>Command\u00e9 avant 18h00 = livr\u00e9 demain !<\/strong><\/li>\n<li><strong>Livraison gratuite \u00e0 partir de 50 euros<\/strong><\/li>\n<\/ul>\n<div id=\"ConnectiveDocSignExtentionInstalled\" data-extension-version=\"1.0.4\"><\/div>","protected":false},"featured_media":8775,"comment_status":"open","ping_status":"closed","template":"","meta":[],"product_brand":[],"product_cat":[137,89,573],"product_tag":[],"class_list":{"0":"post-1531","1":"product","2":"type-product","3":"status-publish","4":"has-post-thumbnail","6":"product_cat-4fma","7":"product_cat-gefluoreerden","8":"product_cat-pellets","10":"first","11":"instock","12":"taxable","13":"shipping-taxable","14":"purchasable","15":"product-type-variable"},"jetpack_sharing_enabled":true,"_links":{"self":[{"href":"https:\/\/dutchchemlabs.com\/fr\/wp-json\/wp\/v2\/product\/1531","targetHints":{"allow":["GET"]}}],"collection":[{"href":"https:\/\/dutchchemlabs.com\/fr\/wp-json\/wp\/v2\/product"}],"about":[{"href":"https:\/\/dutchchemlabs.com\/fr\/wp-json\/wp\/v2\/types\/product"}],"replies":[{"embeddable":true,"href":"https:\/\/dutchchemlabs.com\/fr\/wp-json\/wp\/v2\/comments?post=1531"}],"version-history":[{"count":2,"href":"https:\/\/dutchchemlabs.com\/fr\/wp-json\/wp\/v2\/product\/1531\/revisions"}],"predecessor-version":[{"id":8780,"href":"https:\/\/dutchchemlabs.com\/fr\/wp-json\/wp\/v2\/product\/1531\/revisions\/8780"}],"wp:featuredmedia":[{"embeddable":true,"href":"https:\/\/dutchchemlabs.com\/fr\/wp-json\/wp\/v2\/media\/8775"}],"wp:attachment":[{"href":"https:\/\/dutchchemlabs.com\/fr\/wp-json\/wp\/v2\/media?parent=1531"}],"wp:term":[{"taxonomy":"product_brand","embeddable":true,"href":"https:\/\/dutchchemlabs.com\/fr\/wp-json\/wp\/v2\/product_brand?post=1531"},{"taxonomy":"product_cat","embeddable":true,"href":"https:\/\/dutchchemlabs.com\/fr\/wp-json\/wp\/v2\/product_cat?post=1531"},{"taxonomy":"product_tag","embeddable":true,"href":"https:\/\/dutchchemlabs.com\/fr\/wp-json\/wp\/v2\/product_tag?post=1531"}],"curies":[{"name":"wp","href":"https:\/\/api.w.org\/{rel}","templated":true}]}}