{"id":2013,"date":"2025-09-20T09:11:44","date_gmt":"2025-09-20T09:11:44","guid":{"rendered":"https:\/\/dutchchemlabs.com\/?post_type=product&#038;p=2013"},"modified":"2025-11-08T07:39:16","modified_gmt":"2025-11-08T07:39:16","slug":"2-pastilles-de-fma-30mg","status":"publish","type":"product","link":"https:\/\/dutchchemlabs.com\/fr\/product\/2-pastilles-de-fma-30mg\/","title":{"rendered":"2-FMA Pellets 30mg"},"content":{"rendered":"<h1>Acheter des pastilles de 2FMA - 30mg<\/h1>\n<p>Le 2FMA est un produit chimique destin\u00e9 \u00e0 la recherche et n'est pas destin\u00e9 \u00e0 la consommation humaine. Vous pouvez acheter 2FMA sur dutchchemlabs.com. Command\u00e9 avant 18h00, livr\u00e9 le jour suivant. Avec nous, vous pouvez payer en toute s\u00e9curit\u00e9 et facilement avec iDEAL, carte de cr\u00e9dit, virement bancaire et crypto, comme vous en avez l'habitude. Commandez 2FMA \u00e0 dutchchemlabs.com. Nous proposons \u00e9galement <a href=\"https:\/\/dutchchemlabs.com\/product-categorie\/research-chemicals\/cathinonen\/2mmc-kopen\/\">2MMC<\/a>, <a href=\"https:\/\/dutchchemlabs.com\/product-categorie\/research-chemicals\/cathinonen\/pentedrone-nep\/\">Pentedrone (NEP)<\/a>,\u00a0<a href=\"https:\/\/dutchchemlabs.com\/product\/4mpd-poeder-kopen\/\">4MPD<\/a>\u00a0et d'autres produits chimiques de recherche.<\/p>\n<p>Chez dutchchemlabs.com, nous sommes fiers de proposer nos pastilles de 2-FMA, sp\u00e9cialement d\u00e9velopp\u00e9es pour les applications scientifiques et analytiques. Ces pastilles de haute qualit\u00e9 contiennent 30mg de 2-FMA par pastille, soigneusement formul\u00e9es pour fournir des r\u00e9sultats fiables et coh\u00e9rents dans les \u00e9tudes de laboratoire. Veuillez noter que ce produit n'est pas destin\u00e9 \u00e0 la consommation humaine.<\/p>\n<h2>Pourquoi choisir 2FMA<\/h2>\n<ul>\n<li><strong>Haute qualit\u00e9 :<\/strong> Nos 2-FMA Pellets sont fabriqu\u00e9s \u00e0 partir des ingr\u00e9dients les plus purs, ce qui garantit des r\u00e9sultats de recherche pr\u00e9cis et coh\u00e9rents.<\/li>\n<li><strong>Dose standardis\u00e9e :<\/strong> Chaque pastille contient exactement 30 mg de 2-FMA, ce qui garantit la coh\u00e9rence et la fiabilit\u00e9 de vos exp\u00e9riences.<\/li>\n<li><strong>Utilisation polyvalente :<\/strong> Ces pastilles sont id\u00e9ales pour une large gamme d'applications scientifiques et analytiques, ce qui en fait un compl\u00e9ment pr\u00e9cieux pour tout laboratoire.<\/li>\n<li><strong>S\u00fbr et fiable :<\/strong> Tous nos produits sont soumis \u00e0 des contr\u00f4les de qualit\u00e9 rigoureux et conditionn\u00e9s selon les normes de s\u00e9curit\u00e9 les plus strictes afin de garantir l'int\u00e9grit\u00e9 des produits chimiques.<\/li>\n<li><strong>Emballage discret et s\u00e9curis\u00e9 :<\/strong> Nous comprenons l'importance de la confidentialit\u00e9 et de la s\u00e9curit\u00e9, c'est pourquoi tous nos produits sont emball\u00e9s et exp\u00e9di\u00e9s discr\u00e8tement et avec soin.<\/li>\n<\/ul>\n<p><strong>Informations importantes :<\/strong><\/p>\n<ul>\n<li><strong>Non destin\u00e9 \u00e0 la consommation humaine :<\/strong> Ce produit est destin\u00e9 uniquement \u00e0 des fins de recherche dans un environnement de laboratoire contr\u00f4l\u00e9. Il ne convient pas \u00e0 la consommation humaine ou animale.<\/li>\n<li><strong>Utilisation par des professionnels qualifi\u00e9s :<\/strong> Les pastilles 2-FMA ne doivent \u00eatre utilis\u00e9es que par des professionnels qualifi\u00e9s ayant l'habitude de manipuler des produits chimiques destin\u00e9s \u00e0 la recherche.<\/li>\n<li><strong>Mesures de s\u00e9curit\u00e9 :<\/strong> Suivez toujours les protocoles de s\u00e9curit\u00e9 appropri\u00e9s lorsque vous manipulez ces produits chimiques. Portez des v\u00eatements de protection appropri\u00e9s et am\u00e9nagez un espace de travail s\u00fbr.<\/li>\n<\/ul>\n<h2>Pourquoi commander chez dutchchemlabs.com ?<\/h2>\n<ul>\n<li><strong>Emballage discret :<\/strong> Nous respectons votre vie priv\u00e9e et veillons \u00e0 ce que toutes les commandes soient emball\u00e9es et exp\u00e9di\u00e9es discr\u00e8tement.<\/li>\n<li><strong>Livraison rapide :<\/strong> Chez dutchchemlabs.com, nous nous effor\u00e7ons d'assurer une livraison rapide et fiable. Commandez aujourd'hui et recevez vos 2-FMA Pellets 30mg rapidement et en toute s\u00e9curit\u00e9 \u00e0 votre porte.<\/li>\n<li><strong>Excellent service \u00e0 la client\u00e8le :<\/strong> Notre \u00e9quipe d\u00e9vou\u00e9e est l\u00e0 pour r\u00e9pondre \u00e0 toutes vos questions et pr\u00e9occupations. Que vous ayez besoin de conseils sur l'utilisation de nos produits ou d'aide pour passer votre commande, nous sommes l\u00e0 pour vous aider.<\/li>\n<\/ul>\n<h2>Commandez maintenant et d\u00e9couvrez la qualit\u00e9 du 2FMA pour votre recherche !<\/h2>\n<p>Ajoutez 2-FMA Pellets 30mg \u00e0 votre panier sur dutchchemlabs.com et d\u00e9couvrez par vous-m\u00eame la haute qualit\u00e9 de nos produits chimiques de recherche. Laissez dutchchemlabs.com \u00eatre votre source fiable pour les meilleurs produits \u00e0 des fins scientifiques !<\/p>\n<h2>Effets de la 2FMA<\/h2>\n<p>La 2FMA (2-Fluorom\u00e9thamph\u00e9tamine) est connue comme un stimulant fonctionnel similaire \u00e0 l'amph\u00e9tamine et \u00e0 la lisdexamph\u00e9tamine, surtout \u00e0 faible dose. Les utilisateurs rapportent qu'il am\u00e9liore la productivit\u00e9 et la concentration, sans les nombreux effets secondaires n\u00e9gatifs communs aux autres amph\u00e9tamines, tels que les naus\u00e9es, l'hypertension art\u00e9rielle ou l'anxi\u00e9t\u00e9.<\/p>\n<p>Attention ! Comme pour de nombreux stimulants, les risques d'effets secondaires augmentent avec la dose, et l'utilisation \u00e0 long terme peut entra\u00eener des effets ind\u00e9sirables tels que l'insomnie, la d\u00e9pendance et l'\u00e9puisement.<\/p>\n<h2>Command\u00e9 avant 18h00 = livr\u00e9 demain !<\/h2>\n<p><strong>Command\u00e9 avant 18h00 = livr\u00e9 demain ! <\/strong>Votre commande sera exp\u00e9di\u00e9e de mani\u00e8re anonyme et discr\u00e8te par notre partenaire habituel, PostNL. En outre, vous pouvez payer facilement et rapidement avec iDEAL ou Bancontact. Commandez via le site ou contactez-nous par chat. Si vous avez des questions et\/ou des commentaires, vous pouvez toujours nous appeler, nous envoyer un courriel ou nous t\u00e9l\u00e9phoner. Pour les commandes en grandes quantit\u00e9s, veuillez envoyer un e-mail \u00e0 info@dutchchemlabs.com. Nous nous r\u00e9jouissons de recevoir votre commande !<\/p>\n<h2>Nous fournissons \u00e9galement de grandes quantit\u00e9s<\/h2>\n<p>Vous souhaitez commander des granul\u00e9s 2FMA en plus grande quantit\u00e9 ? Dans ce cas, contactez-nous par chat. dutchchemlabs.com propose des tarifs comp\u00e9titifs pour les grandes quantit\u00e9s. N'attendez plus et contactez-nous d\u00e8s aujourd'hui.<\/p>\n<div id=\"ConnectiveDocSignExtentionInstalled\" data-extension-version=\"1.0.4\"><\/div>\n<div id=\"ConnectiveDocSignExtentionInstalled\" data-extension-version=\"1.0.4\"><\/div>","protected":false},"excerpt":{"rendered":"<ul>\n<li><strong>Exp\u00e9dition discr\u00e8te et anonyme<\/strong><\/li>\n<li><strong>Command\u00e9 avant 18h00 = livr\u00e9 demain !<\/strong><\/li>\n<li><strong>Livraison gratuite \u00e0 partir de 50 euros<\/strong><\/li>\n<\/ul>\n<div id=\"ConnectiveDocSignExtentionInstalled\" data-extension-version=\"1.0.4\"><\/div>","protected":false},"featured_media":8762,"comment_status":"open","ping_status":"closed","template":"","meta":[],"product_brand":[],"product_cat":[170,89,573],"product_tag":[],"class_list":{"0":"post-2013","1":"product","2":"type-product","3":"status-publish","4":"has-post-thumbnail","6":"product_cat-2fma","7":"product_cat-gefluoreerden","8":"product_cat-pellets","10":"first","11":"instock","12":"taxable","13":"shipping-taxable","14":"purchasable","15":"product-type-variable"},"jetpack_sharing_enabled":true,"_links":{"self":[{"href":"https:\/\/dutchchemlabs.com\/fr\/wp-json\/wp\/v2\/product\/2013","targetHints":{"allow":["GET"]}}],"collection":[{"href":"https:\/\/dutchchemlabs.com\/fr\/wp-json\/wp\/v2\/product"}],"about":[{"href":"https:\/\/dutchchemlabs.com\/fr\/wp-json\/wp\/v2\/types\/product"}],"replies":[{"embeddable":true,"href":"https:\/\/dutchchemlabs.com\/fr\/wp-json\/wp\/v2\/comments?post=2013"}],"version-history":[{"count":2,"href":"https:\/\/dutchchemlabs.com\/fr\/wp-json\/wp\/v2\/product\/2013\/revisions"}],"predecessor-version":[{"id":8765,"href":"https:\/\/dutchchemlabs.com\/fr\/wp-json\/wp\/v2\/product\/2013\/revisions\/8765"}],"wp:featuredmedia":[{"embeddable":true,"href":"https:\/\/dutchchemlabs.com\/fr\/wp-json\/wp\/v2\/media\/8762"}],"wp:attachment":[{"href":"https:\/\/dutchchemlabs.com\/fr\/wp-json\/wp\/v2\/media?parent=2013"}],"wp:term":[{"taxonomy":"product_brand","embeddable":true,"href":"https:\/\/dutchchemlabs.com\/fr\/wp-json\/wp\/v2\/product_brand?post=2013"},{"taxonomy":"product_cat","embeddable":true,"href":"https:\/\/dutchchemlabs.com\/fr\/wp-json\/wp\/v2\/product_cat?post=2013"},{"taxonomy":"product_tag","embeddable":true,"href":"https:\/\/dutchchemlabs.com\/fr\/wp-json\/wp\/v2\/product_tag?post=2013"}],"curies":[{"name":"wp","href":"https:\/\/api.w.org\/{rel}","templated":true}]}}