{"id":2577,"date":"2025-09-20T09:14:44","date_gmt":"2025-09-20T09:14:44","guid":{"rendered":"https:\/\/dutchchemlabs.com\/?post_type=product&#038;p=2577"},"modified":"2025-11-08T07:39:15","modified_gmt":"2025-11-08T07:39:15","slug":"4fma-pellets-125mg","status":"publish","type":"product","link":"https:\/\/dutchchemlabs.com\/fr\/product\/4fma-pellets-125mg\/","title":{"rendered":"4FMA Pellets (125mg)"},"content":{"rendered":"<h1><strong>4FMA Pellets (125mg) Kopen<\/strong><\/h1>\n<p>Ontdek de kwaliteit en betrouwbaarheid van onze 4FMA Pellets (125mg), exclusief verkrijgbaar bij dutchchemlabs.com. Deze hoogwaardige pellets zijn speciaal ontworpen voor wetenschappelijk en laboratoriumonderzoek, en zijn niet bedoeld voor menselijke consumptie.<\/p>\n<h2>Wat is 4FMA Pellets (125mg)?<\/h2>\n<h3>Caract\u00e9ristiques du produit<\/h3>\n<ul>\n<li><strong>Hoogwaardige Zuiverheid<\/strong>: Elke pellet bevat 125 mg zuivere 4FMA, perfect voor nauwkeurige en consistente onderzoeksresultaten.<\/li>\n<li><strong>Strikte Kwaliteitscontrole<\/strong>: Onze 4FMA Pellets worden vervaardigd volgens de hoogste kwaliteitsnormen om de integriteit en betrouwbaarheid van uw onderzoek te garanderen.<\/li>\n<li><strong>Veilig Verpakt<\/strong>: Verpakt in een veilige, luchtdichte verpakking om de kwaliteit en stabiliteit van de pellets te behouden.<\/li>\n<li><strong>Onderzoeksdoeleinden<\/strong>: Speciaal ontworpen voor gebruik in wetenschappelijk onderzoek en laboratoriumexperimenten.<\/li>\n<\/ul>\n<h3>Voordelen<\/h3>\n<ul>\n<li><strong>Consistente Resultaten<\/strong>: De hoge zuiverheid en nauwkeurige dosering van elke pellet zorgen voor betrouwbare en reproduceerbare onderzoeksresultaten.<\/li>\n<li><strong>Veilige Opslag<\/strong>: De veilige verpakking zorgt ervoor dat de pellets stabiel en beschermd blijven tegen externe factoren.<\/li>\n<li><strong>Breed Toepassingsgebied<\/strong>: Geschikt voor diverse onderzoeks- en wetenschappelijke toepassingen.<\/li>\n<\/ul>\n<h3>Waarom Kiezen voor 4FMA Pellets (125mg) bij dutchchemlabs.com?<\/h3>\n<p>Onze 4FMA Pellets (125mg) zijn de ideale keuze voor onderzoekers en wetenschappers die op zoek zijn naar betrouwbare en hoogwaardige onderzoekschemicali\u00ebn. Met onze strikte kwaliteitscontrole en veilige verpakking kunt u erop vertrouwen dat u consistente en nauwkeurige resultaten behaalt.<\/p>\n<h3>Lignes directrices en mati\u00e8re de s\u00e9curit\u00e9<\/h3>\n<ol>\n<li><strong>Alleen voor Onderzoek<\/strong>: Deze pellets zijn uitsluitend bedoeld voor gebruik in wetenschappelijk onderzoek en laboratoriumexperimenten.<\/li>\n<li><strong>Non destin\u00e9 \u00e0 la consommation humaine<\/strong>: Het product is niet geschikt voor menselijke consumptie en mag niet worden ingenomen.<\/li>\n<li><strong>Stockage<\/strong>: Bewaar op een koele, droge plaats, uit de buurt van direct zonlicht en buiten het bereik van kinderen.<\/li>\n<li><strong>Gebruik Beschermingsmiddelen<\/strong>: Draag altijd de juiste persoonlijke beschermingsmiddelen bij het hanteren van de pellets.<\/li>\n<\/ol>\n<h3>Bestellen bij dutchchemlabs.com<\/h3>\n<p>Bestel vandaag nog uw 4FMA Pellets (125mg) bij dutchchemlabs.com en vertrouw op de kwaliteit en betrouwbaarheid voor uw onderzoek. Wij bieden snelle en discrete verzending om ervoor te zorgen dat u uw producten veilig en op tijd ontvangt.<\/p>\n<h2>Command\u00e9 avant 18h00 = livr\u00e9 demain !<\/h2>\n<p><strong>Command\u00e9 avant 18h00 = livr\u00e9 demain ! <\/strong>Votre commande sera exp\u00e9di\u00e9e de mani\u00e8re anonyme et discr\u00e8te par notre partenaire habituel, PostNL. En outre, vous pouvez payer facilement et rapidement avec iDEAL ou Bancontact. Commandez via le site ou contactez-nous par chat. Si vous avez des questions et\/ou des commentaires, vous pouvez toujours nous appeler, nous envoyer un courriel ou nous t\u00e9l\u00e9phoner. Pour les commandes en grandes quantit\u00e9s, veuillez envoyer un e-mail \u00e0 info@dutchchemlabs.com. Nous nous r\u00e9jouissons de recevoir votre commande !<\/p>\n<h2>Nous fournissons \u00e9galement de grandes quantit\u00e9s<\/h2>\n<p>Vous souhaitez commander des pastilles 4FMA en plus grandes quantit\u00e9s ? Dans ce cas, contactez-nous par chat. dutchchemlabs.com propose des tarifs comp\u00e9titifs pour les grandes quantit\u00e9s. N'attendez plus et contactez-nous d\u00e8s aujourd'hui.<\/p>\n<div id=\"ConnectiveDocSignExtentionInstalled\" data-extension-version=\"1.0.4\"><\/div>","protected":false},"excerpt":{"rendered":"<ul>\n<li><strong>Exp\u00e9dition discr\u00e8te et anonyme<\/strong><\/li>\n<li><strong>Command\u00e9 avant 18h00 = livr\u00e9 demain !<\/strong><\/li>\n<li><strong>Livraison gratuite \u00e0 partir de 50 euros<\/strong><\/li>\n<\/ul>\n<div id=\"ConnectiveDocSignExtentionInstalled\" data-extension-version=\"1.0.4\"><\/div>","protected":false},"featured_media":8775,"comment_status":"open","ping_status":"closed","template":"","meta":[],"product_brand":[],"product_cat":[137,89,573],"product_tag":[],"class_list":{"0":"post-2577","1":"product","2":"type-product","3":"status-publish","4":"has-post-thumbnail","6":"product_cat-4fma","7":"product_cat-gefluoreerden","8":"product_cat-pellets","10":"first","11":"instock","12":"taxable","13":"shipping-taxable","14":"purchasable","15":"product-type-variable"},"jetpack_sharing_enabled":true,"_links":{"self":[{"href":"https:\/\/dutchchemlabs.com\/fr\/wp-json\/wp\/v2\/product\/2577","targetHints":{"allow":["GET"]}}],"collection":[{"href":"https:\/\/dutchchemlabs.com\/fr\/wp-json\/wp\/v2\/product"}],"about":[{"href":"https:\/\/dutchchemlabs.com\/fr\/wp-json\/wp\/v2\/types\/product"}],"replies":[{"embeddable":true,"href":"https:\/\/dutchchemlabs.com\/fr\/wp-json\/wp\/v2\/comments?post=2577"}],"version-history":[{"count":2,"href":"https:\/\/dutchchemlabs.com\/fr\/wp-json\/wp\/v2\/product\/2577\/revisions"}],"predecessor-version":[{"id":8779,"href":"https:\/\/dutchchemlabs.com\/fr\/wp-json\/wp\/v2\/product\/2577\/revisions\/8779"}],"wp:featuredmedia":[{"embeddable":true,"href":"https:\/\/dutchchemlabs.com\/fr\/wp-json\/wp\/v2\/media\/8775"}],"wp:attachment":[{"href":"https:\/\/dutchchemlabs.com\/fr\/wp-json\/wp\/v2\/media?parent=2577"}],"wp:term":[{"taxonomy":"product_brand","embeddable":true,"href":"https:\/\/dutchchemlabs.com\/fr\/wp-json\/wp\/v2\/product_brand?post=2577"},{"taxonomy":"product_cat","embeddable":true,"href":"https:\/\/dutchchemlabs.com\/fr\/wp-json\/wp\/v2\/product_cat?post=2577"},{"taxonomy":"product_tag","embeddable":true,"href":"https:\/\/dutchchemlabs.com\/fr\/wp-json\/wp\/v2\/product_tag?post=2577"}],"curies":[{"name":"wp","href":"https:\/\/api.w.org\/{rel}","templated":true}]}}