{"id":2718,"date":"2025-09-20T09:15:28","date_gmt":"2025-09-20T09:15:28","guid":{"rendered":"https:\/\/dutchchemlabs.com\/?post_type=product&#038;p=2718"},"modified":"2025-11-08T07:39:15","modified_gmt":"2025-11-08T07:39:15","slug":"1d-lsd-10mcg-pellets","status":"publish","type":"product","link":"https:\/\/dutchchemlabs.com\/fr\/product\/1d-lsd-10mcg-pellets\/","title":{"rendered":"1D-LSD 10mcg Pellets\u00a0"},"content":{"rendered":"<h1><strong>1D-LSD 10mcg Pellets\u00a0<\/strong><\/h1>\n<p>D\u00e9couvrez les avantages du microdosage avec nos 1D-LSD 10 MCG Pellets, disponibles exclusivement chez dutchchemlabs.com. Ce produit chimique de recherche avanc\u00e9 est con\u00e7u pour aider les chercheurs \u00e0 explorer les effets subtils du microdosage dans un environnement de laboratoire contr\u00f4l\u00e9.<\/p>\n<h2>Qu'est-ce que le 1D-LSD ?<\/h2>\n<h3>Caract\u00e9ristiques du produit<\/h3>\n<ul>\n<li><strong>Dosage<\/strong>Chaque pastille contient une dose pr\u00e9cise de 10 microgrammes (MCG) de 1D-LSD, ce qui est parfait pour les \u00e9tudes de microdosage.<\/li>\n<li><strong>Qualit\u00e9<\/strong>Les r\u00e9sultats de la recherche sont constants et fiables gr\u00e2ce \u00e0 l'utilisation d'ingr\u00e9dients purs et de haute qualit\u00e9.<\/li>\n<li><strong>Emballage<\/strong>La substance est emball\u00e9e de mani\u00e8re hygi\u00e9nique et s\u00e9curis\u00e9e afin de garantir son int\u00e9grit\u00e9 et son activit\u00e9.<\/li>\n<li><strong>Utilisation<\/strong>Les produits de cette cat\u00e9gorie sont : Sp\u00e9cialement con\u00e7us \u00e0 des fins de recherche. Non destin\u00e9 \u00e0 la consommation humaine.<\/li>\n<li><strong>Stockage<\/strong>: Conserver dans un endroit frais et sec, \u00e0 l'abri de la lumi\u00e8re directe du soleil, pour une dur\u00e9e de conservation et une stabilit\u00e9 optimales.<\/li>\n<\/ul>\n<h3>Applications<\/h3>\n<ul>\n<li><strong>Recherche scientifique<\/strong>: Id\u00e9al pour les chercheurs et les chimistes qui souhaitent \u00e9tudier les effets du microdosage.<\/li>\n<li><strong>\u00c9tudes universitaires<\/strong>Les produits de cette cat\u00e9gorie sont les suivants : les produits de cette cat\u00e9gorie peuvent \u00eatre utilis\u00e9s dans les laboratoires universitaires \u00e0 des fins \u00e9ducatives et dans le cadre de projets de recherche.<\/li>\n<li><strong>Recherche pharmaceutique<\/strong>Les produits de cette cat\u00e9gorie peuvent \u00eatre utilis\u00e9s dans le cadre d'\u00e9tudes pr\u00e9cliniques et d'autres projets de recherche pharmacologique afin d'obtenir de nouvelles informations.<\/li>\n<\/ul>\n<h3>Lignes directrices en mati\u00e8re de s\u00e9curit\u00e9<\/h3>\n<p>N'utilisez les pastilles 1D-LSD 10 MCG que dans un environnement de recherche contr\u00f4l\u00e9. Il est essentiel de suivre les protocoles de s\u00e9curit\u00e9 appropri\u00e9s et de s'assurer que le produit n'est pas utilis\u00e9 pour la consommation humaine. Consultez toujours les fiches de donn\u00e9es de s\u00e9curit\u00e9 et utilisez des \u00e9quipements de protection individuelle.<\/p>\n<h3>Pourquoi choisir 1D-LSD 10mcg Pellets chez dutchchemlabs.com ?<\/h3>\n<p>Chez dutchchemlabs.com, la qualit\u00e9 et la fiabilit\u00e9 sont primordiales. Nos pastilles 1D-LSD 10 MCG sont fabriqu\u00e9es selon les normes les plus strictes et sont sp\u00e9cialement con\u00e7ues pour r\u00e9pondre aux exigences de la recherche scientifique. Comptez sur nous pour obtenir des produits chimiques de recherche constants, purs et de haute qualit\u00e9.<\/p>\n<h3>Acheter le 1D-LSD ?<\/h3>\n<p>Commandez votre 1D-LSD 10 MCG Pellets - Microdose maintenant sur dutchchemlabs.com et b\u00e9n\u00e9ficiez d'une livraison rapide et discr\u00e8te. Nous veillons \u00e0 ce que vous receviez des produits chimiques de recherche de haute qualit\u00e9 qui r\u00e9pondent aux normes les plus strictes en mati\u00e8re de puret\u00e9 et de fiabilit\u00e9.<\/p>","protected":false},"excerpt":{"rendered":"<ul>\n<li><strong>Exp\u00e9dition discr\u00e8te et anonyme<\/strong><\/li>\n<li><strong>Command\u00e9 avant 18h00 = livr\u00e9 demain !<\/strong><\/li>\n<li><strong>Livraison gratuite \u00e0 partir de 50 euros<\/strong><\/li>\n<\/ul>\n<div id=\"ConnectiveDocSignExtentionInstalled\" data-extension-version=\"1.0.4\"><\/div>","protected":false},"featured_media":8913,"comment_status":"open","ping_status":"closed","template":"","meta":[],"product_brand":[],"product_cat":[220,91,221,222,573],"product_tag":[],"class_list":{"0":"post-2718","1":"product","2":"type-product","3":"status-publish","4":"has-post-thumbnail","6":"product_cat-1d-lsd-pellets","7":"product_cat-lysergamides","8":"product_cat-microdose-lsd","9":"product_cat-microdose-shop","10":"product_cat-pellets","12":"first","13":"instock","14":"taxable","15":"shipping-taxable","16":"purchasable","17":"product-type-variable"},"jetpack_sharing_enabled":true,"_links":{"self":[{"href":"https:\/\/dutchchemlabs.com\/fr\/wp-json\/wp\/v2\/product\/2718","targetHints":{"allow":["GET"]}}],"collection":[{"href":"https:\/\/dutchchemlabs.com\/fr\/wp-json\/wp\/v2\/product"}],"about":[{"href":"https:\/\/dutchchemlabs.com\/fr\/wp-json\/wp\/v2\/types\/product"}],"replies":[{"embeddable":true,"href":"https:\/\/dutchchemlabs.com\/fr\/wp-json\/wp\/v2\/comments?post=2718"}],"version-history":[{"count":2,"href":"https:\/\/dutchchemlabs.com\/fr\/wp-json\/wp\/v2\/product\/2718\/revisions"}],"predecessor-version":[{"id":8914,"href":"https:\/\/dutchchemlabs.com\/fr\/wp-json\/wp\/v2\/product\/2718\/revisions\/8914"}],"wp:featuredmedia":[{"embeddable":true,"href":"https:\/\/dutchchemlabs.com\/fr\/wp-json\/wp\/v2\/media\/8913"}],"wp:attachment":[{"href":"https:\/\/dutchchemlabs.com\/fr\/wp-json\/wp\/v2\/media?parent=2718"}],"wp:term":[{"taxonomy":"product_brand","embeddable":true,"href":"https:\/\/dutchchemlabs.com\/fr\/wp-json\/wp\/v2\/product_brand?post=2718"},{"taxonomy":"product_cat","embeddable":true,"href":"https:\/\/dutchchemlabs.com\/fr\/wp-json\/wp\/v2\/product_cat?post=2718"},{"taxonomy":"product_tag","embeddable":true,"href":"https:\/\/dutchchemlabs.com\/fr\/wp-json\/wp\/v2\/product_tag?post=2718"}],"curies":[{"name":"wp","href":"https:\/\/api.w.org\/{rel}","templated":true}]}}