{"id":3365,"date":"2025-09-20T09:19:27","date_gmt":"2025-09-20T09:19:27","guid":{"rendered":"https:\/\/dutchchemlabs.com\/?post_type=product&#038;p=3365"},"modified":"2025-11-08T07:39:14","modified_gmt":"2025-11-08T07:39:14","slug":"1cp-mipla-blotters-200mcg","status":"publish","type":"product","link":"https:\/\/dutchchemlabs.com\/fr\/product\/1cp-mipla-blotters-200mcg\/","title":{"rendered":"Feuillets de 1cP-MiPLA (200mcg)"},"content":{"rendered":"<h1>Acheter des buvards 1cP-MiPLA ?<\/h1>\n<p><strong>D\u00e9couvrez le raffinement des buvards 1cP MiPLA (200mcg) - Seulement chez dutchchemlabs.com<\/strong><\/p>\n<p>Pour les chercheurs qui s'int\u00e9ressent aux effets psychoactifs et perceptifs des lysergamides, nos buvards 1cP MiPLA (200mcg) sont un choix parfait. Disponibles chez dutchchemlabs.com, ces buvards offrent un moyen contr\u00f4l\u00e9 et pr\u00e9cis d'\u00e9tudier les propri\u00e9t\u00e9s de 1cP MiPLA dans vos \u00e9tudes scientifiques.<\/p>\n<h3>Pourquoi 1cP MiPLA Blotters (200mcg) chez dutchchemlabs.com ?<\/h3>\n<p><strong>Puret\u00e9 garantie<\/strong><br \/>\nChaque buvard contient pr\u00e9cis\u00e9ment 200 mcg de 1cP MiPLA, produit selon des normes strictes de puret\u00e9 et de coh\u00e9rence. Cela garantit des r\u00e9sultats fiables dans vos projets de recherche.<\/p>\n<p><strong>Formule optimale<\/strong><br \/>\nCes buvards sont sp\u00e9cialement con\u00e7us pour une application facile et un dosage pr\u00e9cis, ce qui est essentiel pour \u00e9tudier les effets psychoactifs subtils. La forme et la composition des buvards les rendent faciles \u00e0 manipuler dans diverses conditions de recherche.<\/p>\n<p><strong>Exp\u00e9dition s\u00fbre et discr\u00e8te<\/strong><br \/>\nChez dutchchemlabs.com, nous comprenons l'importance de la confidentialit\u00e9 et de la s\u00e9curit\u00e9 lors de l'envoi de mat\u00e9riel de recherche. Toutes les commandes sont emball\u00e9es discr\u00e8tement pour garantir la confidentialit\u00e9 de vos recherches et maintenir l'int\u00e9grit\u00e9 des produits.<\/p>\n<h3>Avantages des buvards 1cP MiPLA (200mcg)<\/h3>\n<p><strong>Id\u00e9al pour la recherche neuropsychologique<\/strong><br \/>\n1cP MiPLA est une substance fascinante pour l'\u00e9tude de ses effets sur la perception, l'humeur et la cognition. Ces buvards permettent d'observer et de mesurer pr\u00e9cis\u00e9ment ces effets dans un cadre standardis\u00e9.<\/p>\n<p><strong>Applicabilit\u00e9 \u00e9tendue<\/strong><br \/>\nEn raison de leur dosage pr\u00e9cis et de leur facilit\u00e9 d'application, les buvards 1cP MiPLA (200mcg) sont excellents pour les \u00e9tudes \u00e0 court et \u00e0 long terme sur les lysergamides et leur impact sur le psychisme humain.<\/p>\n<h3>Commander du LSD en ligne sur dutchchemlabs.com<\/h3>\n<p>\u00cates-vous pr\u00eat \u00e0 explorer le monde unique et passionnant de 1cP MiPLA ? Visitez dutchchemlabs.com et commandez vos buvards 1cP MiPLA (200mcg) d\u00e8s aujourd'hui. Avec notre livraison rapide, nos options de paiement s\u00e9curis\u00e9es et notre service client expert, dutchchemlabs.com est le meilleur choix pour vos besoins de recherche.<\/p>\n<p>Commandez d\u00e8s maintenant et commencez \u00e0 d\u00e9couvrir les effets complexes de 1cP MiPLA sur la perception et la cognition humaines avec la fiabilit\u00e9 et la pr\u00e9cision que seuls nos produits peuvent offrir.<\/p>","protected":false},"excerpt":{"rendered":"<ul>\n<li><strong>Exp\u00e9dition discr\u00e8te et anonyme<\/strong><\/li>\n<li><strong>Command\u00e9 avant 18h00 = livr\u00e9 demain !<\/strong><\/li>\n<li><strong>Livraison gratuite \u00e0 partir de 50 euros<\/strong><\/li>\n<\/ul>\n<div id=\"ConnectiveDocSignExtentionInstalled\" data-extension-version=\"1.0.4\"><\/div>","protected":false},"featured_media":8947,"comment_status":"open","ping_status":"closed","template":"","meta":[],"product_brand":[],"product_cat":[241,574,91],"product_tag":[],"class_list":{"0":"post-3365","1":"product","2":"type-product","3":"status-publish","4":"has-post-thumbnail","6":"product_cat-1cp-mipla","7":"product_cat-blotters","8":"product_cat-lysergamides","10":"first","11":"instock","12":"taxable","13":"shipping-taxable","14":"purchasable","15":"product-type-variable"},"jetpack_sharing_enabled":true,"_links":{"self":[{"href":"https:\/\/dutchchemlabs.com\/fr\/wp-json\/wp\/v2\/product\/3365","targetHints":{"allow":["GET"]}}],"collection":[{"href":"https:\/\/dutchchemlabs.com\/fr\/wp-json\/wp\/v2\/product"}],"about":[{"href":"https:\/\/dutchchemlabs.com\/fr\/wp-json\/wp\/v2\/types\/product"}],"replies":[{"embeddable":true,"href":"https:\/\/dutchchemlabs.com\/fr\/wp-json\/wp\/v2\/comments?post=3365"}],"version-history":[{"count":2,"href":"https:\/\/dutchchemlabs.com\/fr\/wp-json\/wp\/v2\/product\/3365\/revisions"}],"predecessor-version":[{"id":8948,"href":"https:\/\/dutchchemlabs.com\/fr\/wp-json\/wp\/v2\/product\/3365\/revisions\/8948"}],"wp:featuredmedia":[{"embeddable":true,"href":"https:\/\/dutchchemlabs.com\/fr\/wp-json\/wp\/v2\/media\/8947"}],"wp:attachment":[{"href":"https:\/\/dutchchemlabs.com\/fr\/wp-json\/wp\/v2\/media?parent=3365"}],"wp:term":[{"taxonomy":"product_brand","embeddable":true,"href":"https:\/\/dutchchemlabs.com\/fr\/wp-json\/wp\/v2\/product_brand?post=3365"},{"taxonomy":"product_cat","embeddable":true,"href":"https:\/\/dutchchemlabs.com\/fr\/wp-json\/wp\/v2\/product_cat?post=3365"},{"taxonomy":"product_tag","embeddable":true,"href":"https:\/\/dutchchemlabs.com\/fr\/wp-json\/wp\/v2\/product_tag?post=3365"}],"curies":[{"name":"wp","href":"https:\/\/api.w.org\/{rel}","templated":true}]}}