{"id":3388,"date":"2025-09-20T09:19:28","date_gmt":"2025-09-20T09:19:28","guid":{"rendered":"https:\/\/dutchchemlabs.com\/?post_type=product&#038;p=3388"},"modified":"2025-11-08T07:39:14","modified_gmt":"2025-11-08T07:39:14","slug":"2-fea-pellets-60mg","status":"publish","type":"product","link":"https:\/\/dutchchemlabs.com\/fr\/product\/2-fea-pellets-60mg\/","title":{"rendered":"2-FEA Comprim\u00e9s (60mg)"},"content":{"rendered":"<h1 id=\"titlewrap\">2-FEA Pellets kopen<\/h1>\n<p>Ontdek de superieure kwaliteit van onze 2-FEA Pellets, exclusief verkrijgbaar bij dutchchemlabs.com. Deze hoogwaardige onderzoekschemicalie is speciaal ontworpen voor wetenschappelijk en laboratoriumonderzoek en is niet bedoeld voor menselijke consumptie.<\/p>\n<h3>Caract\u00e9ristiques du produit<\/h3>\n<ul>\n<li><strong>Hoogwaardige Zuiverheid<\/strong>: Onze 2-FEA Pellets is van de hoogste zuiverheid, perfect voor nauwkeurige en consistente onderzoeksresultaten.<\/li>\n<li><strong>Strikte Kwaliteitscontrole<\/strong>: Elk batch wordt onderworpen aan strikte kwaliteitscontrole om de integriteit en betrouwbaarheid van uw onderzoek te garanderen.<\/li>\n<li><strong>Veilige Verpakking<\/strong>: De Pellets wordt geleverd in een luchtdichte verpakking om de kwaliteit en stabiliteit te behouden.<\/li>\n<li><strong>Onderzoeksdoeleinden<\/strong>: Speciaal ontworpen voor gebruik in wetenschappelijk onderzoek en laboratoriumexperimenten.<\/li>\n<\/ul>\n<h3>Voordelen<\/h3>\n<ul>\n<li><strong>Consistente Resultaten<\/strong>: De hoge zuiverheid en nauwkeurige dosering zorgen voor betrouwbare en reproduceerbare onderzoeksresultaten.<\/li>\n<li><strong>Veilige Opslag<\/strong>: De luchtdichte verpakking zorgt ervoor dat het pellets stabiel en beschermd blijft tegen externe factoren.<\/li>\n<li><strong>Breed Toepassingsgebied<\/strong>: Geschikt voor diverse onderzoeks- en wetenschappelijke toepassingen.<\/li>\n<\/ul>\n<h3>Lignes directrices en mati\u00e8re de s\u00e9curit\u00e9<\/h3>\n<ol>\n<li><strong>Alleen voor Onderzoek<\/strong>: Dit product is uitsluitend bedoeld voor gebruik in wetenschappelijk onderzoek en laboratoriumexperimenten.<\/li>\n<li><strong>Non destin\u00e9 \u00e0 la consommation humaine<\/strong>: 2-FEA Pellets is niet geschikt voor menselijke consumptie en mag niet worden ingenomen.<\/li>\n<li><strong>Stockage<\/strong>: Bewaar op een koele, droge plaats, uit de buurt van direct zonlicht en buiten het bereik van kinderen.<\/li>\n<li><strong>Gebruik Beschermingsmiddelen<\/strong>: Draag altijd de juiste persoonlijke beschermingsmiddelen bij het hanteren van de pellets.<\/li>\n<\/ol>\n<h1>2FEA effecten<\/h1>\n<p>2-FEA (2-Fluorethylamfetamine) heeft subtiele effecten die moeilijk te karakteriseren zijn. Sommige gebruikers rapporteren dat het mild is en weinig bijwerkingen heeft, vergelijkbaar met 2-FA, terwijl anderen een toename in fysieke bijwerkingen of serotonerge activiteit ervaren, vergelijkbaar met 3-FEA. Het middel kan zowel stimulerende als sederende effecten hebben, waarbij de sedatie mogelijk wordt toegeschreven aan serotonine-afgifte.<\/p>\n<p>Let op! Bij hogere doseringen kunnen de stimulerende effecten dominanter worden na de piekperiode. Fysieke effecten zoals verhoogde hartslag, pupilverwijding, en droge mond komen vooral voor bij hogere doses. Cognitief kunnen gebruikers milde stimulatie ervaren, zoals verbeterde focus en motivatie, hoewel hogere doses angst, paranoia en compulsief herdoseren kunnen veroorzaken.<\/p>\n<h3>Bestellen en verzending<\/h3>\n<p>Bestel vandaag nog uw 2-FEA Pellets bij dutchchemlabs.com en vertrouw op de kwaliteit en betrouwbaarheid voor uw onderzoek. Wij bieden snelle en discrete verzending om ervoor te zorgen dat u uw producten veilig en op tijd ontvangt.<\/p>\n<h2>Command\u00e9 avant 18h00 = livr\u00e9 demain !<\/h2>\n<p><strong>Command\u00e9 avant 18h00 = livr\u00e9 demain ! <\/strong>Je bestelling wordt anoniem en discreet verzonden met onze vaste partner, PostNL. Daarnaast kun je gemakkelijk en snel betalen met iDEAL of Bancontact. Bestel via de site of neem contact met ons op via de chat. Ook voor vragen en\/of opmerkingen kun je ons altijd een berichtje sturen. Voor bestellingen in grotere hoeveelheden kun je een mail sturen naar info@dutchchemlabs.com. We zien graag je bestelling tegemoet!<\/p>\n<h2>Nous fournissons \u00e9galement de grandes quantit\u00e9s<\/h2>\n<p>Wil je graag 2-FEA Pellets bestellen in grotere hoeveelheden? Neem dan via de chat contact met ons op. dutchchemlabs.com bied scherpe tarieven voor grotere hoeveelheden. Neem dan via de chat contact met ons op. dutchchemlabs.com bied scherpe tarieven voor grotere hoeveelheden. Wacht niet langer en neem vandaag nog contact op.<\/p>\n<p>&nbsp;<\/p>","protected":false},"excerpt":{"rendered":"<ul>\n<li><strong>Exp\u00e9dition discr\u00e8te et anonyme<\/strong><\/li>\n<li><strong>Command\u00e9 avant 18h00 = livr\u00e9 demain !<\/strong><\/li>\n<li><strong>Livraison gratuite \u00e0 partir de 50 euros<\/strong><\/li>\n<\/ul>\n<div id=\"ConnectiveDocSignExtentionInstalled\" data-extension-version=\"1.0.4\"><\/div>","protected":false},"featured_media":8905,"comment_status":"open","ping_status":"closed","template":"","meta":[],"product_brand":[],"product_cat":[216,89,573],"product_tag":[],"class_list":{"0":"post-3388","1":"product","2":"type-product","3":"status-publish","4":"has-post-thumbnail","6":"product_cat-2fea","7":"product_cat-gefluoreerden","8":"product_cat-pellets","10":"first","11":"instock","12":"taxable","13":"shipping-taxable","14":"purchasable","15":"product-type-variable"},"jetpack_sharing_enabled":true,"_links":{"self":[{"href":"https:\/\/dutchchemlabs.com\/fr\/wp-json\/wp\/v2\/product\/3388","targetHints":{"allow":["GET"]}}],"collection":[{"href":"https:\/\/dutchchemlabs.com\/fr\/wp-json\/wp\/v2\/product"}],"about":[{"href":"https:\/\/dutchchemlabs.com\/fr\/wp-json\/wp\/v2\/types\/product"}],"replies":[{"embeddable":true,"href":"https:\/\/dutchchemlabs.com\/fr\/wp-json\/wp\/v2\/comments?post=3388"}],"version-history":[{"count":2,"href":"https:\/\/dutchchemlabs.com\/fr\/wp-json\/wp\/v2\/product\/3388\/revisions"}],"predecessor-version":[{"id":8906,"href":"https:\/\/dutchchemlabs.com\/fr\/wp-json\/wp\/v2\/product\/3388\/revisions\/8906"}],"wp:featuredmedia":[{"embeddable":true,"href":"https:\/\/dutchchemlabs.com\/fr\/wp-json\/wp\/v2\/media\/8905"}],"wp:attachment":[{"href":"https:\/\/dutchchemlabs.com\/fr\/wp-json\/wp\/v2\/media?parent=3388"}],"wp:term":[{"taxonomy":"product_brand","embeddable":true,"href":"https:\/\/dutchchemlabs.com\/fr\/wp-json\/wp\/v2\/product_brand?post=3388"},{"taxonomy":"product_cat","embeddable":true,"href":"https:\/\/dutchchemlabs.com\/fr\/wp-json\/wp\/v2\/product_cat?post=3388"},{"taxonomy":"product_tag","embeddable":true,"href":"https:\/\/dutchchemlabs.com\/fr\/wp-json\/wp\/v2\/product_tag?post=3388"}],"curies":[{"name":"wp","href":"https:\/\/api.w.org\/{rel}","templated":true}]}}