{"id":3661,"date":"2025-09-20T09:20:23","date_gmt":"2025-09-20T09:20:23","guid":{"rendered":"https:\/\/dutchchemlabs.com\/?post_type=product&#038;p=3661"},"modified":"2025-11-08T07:39:13","modified_gmt":"2025-11-08T07:39:13","slug":"acheter-high-class-gold-24ml","status":"publish","type":"product","link":"https:\/\/dutchchemlabs.com\/fr\/product\/acheter-high-class-gold-24ml\/","title":{"rendered":"High Class Gold 24ml Acheter"},"content":{"rendered":"<h1><strong>Poppers High Class Gold 24ml<\/strong><\/h1>\n<p>Offrez-vous la sensation exclusive de Poppers High Class Gold 24ml, disponible chez dutchchemlabs.com ! Ces poppers haut de gamme sont un symbole de luxe et de plaisir, con\u00e7us pour vous enchanter avec une exp\u00e9rience in\u00e9gal\u00e9e.<\/p>\n<p>Avec sa formule unique de nitrite d'isopropyle, Poppers High Class Gold offre un rush rapide et intense qui excitera vos sens et vous laissera une sensation inoubliable. Que vous soyez \u00e0 la recherche d'un coup de pouce suppl\u00e9mentaire lors de moments intimes ou d'un compl\u00e9ment excitant \u00e0 vos f\u00eates, ces poppers d\u00e9passeront vos attentes.<\/p>\n<p>Gr\u00e2ce au g\u00e9n\u00e9reux flacon de 24 ml, vous pouvez profiter longtemps des Poppers High Class Gold. Que vous ayez une soir\u00e9e entre amis, une f\u00eate ou que vous souhaitiez simplement ajouter un peu de piment \u00e0 vos moments priv\u00e9s, ces poppers sont toujours \u00e0 port\u00e9e de main.<\/p>\n<p>Faites l'exp\u00e9rience du luxe ultime avec Poppers High Class Gold 24ml de dutchchemlabs.com. Commandez aujourd'hui et laissez-vous envo\u00fbter par les somptueuses sensations de ces poppers sensationnels !<\/p>\n<h2>Command\u00e9 avant 18h00 = livr\u00e9 demain !<\/h2>\n<p><strong>Command\u00e9 avant 18h00 = livr\u00e9 demain ! <\/strong>Votre commande sera exp\u00e9di\u00e9e de mani\u00e8re anonyme et discr\u00e8te par notre partenaire habituel, PostNL. En outre, vous pouvez payer facilement et rapidement avec iDEAL ou Bancontact. Commandez via le site ou contactez-nous par chat. Si vous avez des questions et\/ou des commentaires, vous pouvez toujours nous appeler, nous envoyer un courriel ou nous t\u00e9l\u00e9phoner. Pour les commandes en grandes quantit\u00e9s, veuillez envoyer un e-mail \u00e0 info@dutchchemlabs.com. Nous nous r\u00e9jouissons de recevoir votre commande !<\/p>\n<p>dutchchemlabs.com en vend plusieurs vari\u00e9t\u00e9s <a href=\"https:\/\/dutchchemlabs.com\/product-categorie\/poppers\/\">poppers<\/a>, <a href=\"https:\/\/dutchchemlabs.com\/product-categorie\/research-chemicals\/\">Recherche de produits chimiques<\/a> et plus encore.<\/p>\n<p>&nbsp;<\/p>\n<div id=\"ConnectiveDocSignExtentionInstalled\" data-extension-version=\"1.0.4\"><\/div>","protected":false},"excerpt":{"rendered":"<ul>\n<li><strong>Exp\u00e9dition discr\u00e8te et anonyme<\/strong><\/li>\n<li><strong>Command\u00e9 avant 18h00 = livr\u00e9 demain !<\/strong><\/li>\n<li><strong>Livraison gratuite \u00e0 partir de 50 euros<\/strong><\/li>\n<\/ul>\n<div id=\"ConnectiveDocSignExtentionInstalled\" data-extension-version=\"1.0.4\"><\/div>","protected":false},"featured_media":3712,"comment_status":"open","ping_status":"closed","template":"","meta":[],"product_brand":[],"product_cat":[206,207],"product_tag":[],"class_list":{"0":"post-3661","1":"product","2":"type-product","3":"status-publish","4":"has-post-thumbnail","6":"product_cat-poppers","7":"product_cat-poppers-large","9":"first","10":"instock","11":"taxable","12":"shipping-taxable","13":"purchasable","14":"product-type-simple"},"jetpack_sharing_enabled":true,"_links":{"self":[{"href":"https:\/\/dutchchemlabs.com\/fr\/wp-json\/wp\/v2\/product\/3661","targetHints":{"allow":["GET"]}}],"collection":[{"href":"https:\/\/dutchchemlabs.com\/fr\/wp-json\/wp\/v2\/product"}],"about":[{"href":"https:\/\/dutchchemlabs.com\/fr\/wp-json\/wp\/v2\/types\/product"}],"replies":[{"embeddable":true,"href":"https:\/\/dutchchemlabs.com\/fr\/wp-json\/wp\/v2\/comments?post=3661"}],"version-history":[{"count":1,"href":"https:\/\/dutchchemlabs.com\/fr\/wp-json\/wp\/v2\/product\/3661\/revisions"}],"predecessor-version":[{"id":3713,"href":"https:\/\/dutchchemlabs.com\/fr\/wp-json\/wp\/v2\/product\/3661\/revisions\/3713"}],"wp:featuredmedia":[{"embeddable":true,"href":"https:\/\/dutchchemlabs.com\/fr\/wp-json\/wp\/v2\/media\/3712"}],"wp:attachment":[{"href":"https:\/\/dutchchemlabs.com\/fr\/wp-json\/wp\/v2\/media?parent=3661"}],"wp:term":[{"taxonomy":"product_brand","embeddable":true,"href":"https:\/\/dutchchemlabs.com\/fr\/wp-json\/wp\/v2\/product_brand?post=3661"},{"taxonomy":"product_cat","embeddable":true,"href":"https:\/\/dutchchemlabs.com\/fr\/wp-json\/wp\/v2\/product_cat?post=3661"},{"taxonomy":"product_tag","embeddable":true,"href":"https:\/\/dutchchemlabs.com\/fr\/wp-json\/wp\/v2\/product_tag?post=3661"}],"curies":[{"name":"wp","href":"https:\/\/api.w.org\/{rel}","templated":true}]}}