{"id":5339,"date":"2025-09-20T09:25:40","date_gmt":"2025-09-20T09:25:40","guid":{"rendered":"https:\/\/dutchchemlabs.com\/?post_type=product&#038;p=5339"},"modified":"2025-11-08T07:39:11","modified_gmt":"2025-11-08T07:39:11","slug":"maxtc-5-mapb-4-fma-5-meo-mipt-pellets","status":"publish","type":"product","link":"https:\/\/dutchchemlabs.com\/fr\/product\/maxtc-5-mapb-4-fma-5-meo-mipt-pellets\/","title":{"rendered":"MaXTC (5-MAPB\/4-FMA\/5-MeO-MiPT) Pellets"},"content":{"rendered":"<h1 class=\"product-title product_title entry-title\">MaXTC (5-MAPB\/4-FMA\/5-MeO-MiPT) Pellets kopen?<\/h1>\n<p><strong>Ervaar de ultieme extase met MaXTC (5-MAPB\/4-FMA\/5-MeO-MiPT) Pellets!<\/strong><\/p>\n<p>Ben je op zoek naar een krachtige en buitengewone ervaring die je geest en zintuigen zal verruimen? Maak kennis met onze MaXTC Pellets, een unieke combinatie van 5-MAPB, 4-FMA en 5-MeO-MiPT die ontworpen is om je op een onvergetelijke reis te sturen.<\/p>\n<h3>Wat maakt MaXTC Pellets zo bijzonder?<\/h3>\n<p><strong>1. Hoogwaardige Samenstelling:<\/strong> Onze pellets worden met uiterste zorg samengesteld en bevatten een nauwkeurige combinatie van 5-MAPB, 4-FMA en 5-MeO-MiPT van de hoogste kwaliteit, voor een intense en opwindende ervaring.<\/p>\n<p><strong>2. Precieze Dosering:<\/strong> Elke pellet bevat een exact afgemeten hoeveelheid van deze krachtige stoffen, zodat je de juiste dosis krijgt voor een avontuurlijke reis zonder enige twijfel.<\/p>\n<p><strong>3. Veiligheid voorop:<\/strong> We nemen de veiligheid van onze klanten serieus. Onze producten worden zorgvuldig getest op zuiverheid en kwaliteit om ervoor te zorgen dat je een veilige en verantwoorde ervaring hebt.<\/p>\n<p><strong>4. Diepgaande Extase:<\/strong> MaXTC staat bekend om zijn vermogen om diepgaande euforie, intense energie en diep spiritueel inzicht op te wekken. Het biedt een unieke reis door je bewustzijn.<\/p>\n<p><strong>5. Discrete Verpakking: <\/strong>Je bestelling wordt discreet verpakt en verzonden, zodat je privacy te allen tijde wordt beschermd.<\/p>\n<p>Waarschuwing: MaXTC Pellets zijn uitsluitend bedoeld voor ervaren gebruikers en moeten met uiterste voorzichtigheid worden behandeld. Raadpleeg altijd een professionele zorgverlener voordat je nieuwe stoffen probeert, en gebruik dit product alleen in een veilige en vertrouwde omgeving.<\/p>\n<p>Bestel vandaag nog je MaXTC (5-MAPB\/4-FMA\/5-MeO-MiPT) Pellets en bereid je voor op een reis vol extase, zelfontdekking en transcendentie. Bij MaXTCPellets.nl zijn we er om je de meest indrukwekkende ervaring te bieden op je reis naar het onbekende.<\/p>\n<h2>MaXTC (5-MAPB\/4-FMA\/5-MeO-MiPT) Pellets risico\u2019s<\/h2>\n<ul>\n<li>MaXTC (5-MAPB\/4-FMA\/5-MeO-MiPT) Pellets kan irritatie van de luchtwegen veroorzaken.<\/li>\n<li>MaXTC (5-MAPB\/4-FMA\/5-MeO-MiPT) Pellets kan irritatie van de ogen veroorzaken.<\/li>\n<li>MaXTC (5-MAPB\/4-FMA\/5-MeO-MiPT) Pellets is niet voor menselijke consumptie<\/li>\n<\/ul>\n<h2>Command\u00e9 avant 18h00 = livr\u00e9 demain !<\/h2>\n<p><strong>Command\u00e9 avant 18h00 = livr\u00e9 demain !\u00a0<\/strong>Votre commande sera exp\u00e9di\u00e9e de mani\u00e8re anonyme et discr\u00e8te par notre partenaire habituel, PostNL. En outre, vous pouvez payer facilement et rapidement avec iDeal ou Bancontact. Commandez via le site ou contactez-nous par chat. Si vous avez des questions et\/ou des commentaires, vous pouvez toujours nous appeler, nous envoyer un courriel ou nous t\u00e9l\u00e9phoner. Pour les commandes en grandes quantit\u00e9s, veuillez envoyer un e-mail \u00e0 info@dutchchemlabs.com. Nous nous r\u00e9jouissons de recevoir votre commande !<\/p>\n<h2>Grote hoeveelheden MaXTC (5-MAPB\/4-FMA\/5-MeO-MiPT) Pellets bestellen<\/h2>\n<p>Wil je graag MaXTC (5-MAPB\/4-FMA\/5-MeO-MiPT) Pellets bestellen in grotere hoeveelheden? Neem dan via de chat contact met ons op. dutchchemlabs.com bied scherpe tarieven voor grotere hoeveelheden. Wacht niet langer en neem vandaag nog contact op.<\/p>\n<div id=\"ConnectiveDocSignExtentionInstalled\" data-extension-version=\"1.0.4\"><\/div>","protected":false},"excerpt":{"rendered":"<ul>\n<li><strong>Exp\u00e9dition discr\u00e8te et anonyme<\/strong><\/li>\n<li><strong>Command\u00e9 avant 18h00 = livr\u00e9 demain !<\/strong><\/li>\n<li><strong>Livraison gratuite \u00e0 partir de 50 euros<\/strong><\/li>\n<\/ul>\n<div id=\"ConnectiveDocSignExtentionInstalled\" data-extension-version=\"1.0.4\"><\/div>","protected":false},"featured_media":8776,"comment_status":"open","ping_status":"closed","template":"","meta":[],"product_brand":[],"product_cat":[137,311,281,162,89,573,244],"product_tag":[],"class_list":{"0":"post-5339","1":"product","2":"type-product","3":"status-publish","4":"has-post-thumbnail","6":"product_cat-4fma","7":"product_cat-5-meo-mipt","8":"product_cat-5mapb","9":"product_cat-benzofuran","10":"product_cat-gefluoreerden","11":"product_cat-pellets","12":"product_cat-tryptamines","14":"first","15":"instock","16":"taxable","17":"shipping-taxable","18":"purchasable","19":"product-type-variable"},"jetpack_sharing_enabled":true,"_links":{"self":[{"href":"https:\/\/dutchchemlabs.com\/fr\/wp-json\/wp\/v2\/product\/5339","targetHints":{"allow":["GET"]}}],"collection":[{"href":"https:\/\/dutchchemlabs.com\/fr\/wp-json\/wp\/v2\/product"}],"about":[{"href":"https:\/\/dutchchemlabs.com\/fr\/wp-json\/wp\/v2\/types\/product"}],"replies":[{"embeddable":true,"href":"https:\/\/dutchchemlabs.com\/fr\/wp-json\/wp\/v2\/comments?post=5339"}],"version-history":[{"count":2,"href":"https:\/\/dutchchemlabs.com\/fr\/wp-json\/wp\/v2\/product\/5339\/revisions"}],"predecessor-version":[{"id":8778,"href":"https:\/\/dutchchemlabs.com\/fr\/wp-json\/wp\/v2\/product\/5339\/revisions\/8778"}],"wp:featuredmedia":[{"embeddable":true,"href":"https:\/\/dutchchemlabs.com\/fr\/wp-json\/wp\/v2\/media\/8776"}],"wp:attachment":[{"href":"https:\/\/dutchchemlabs.com\/fr\/wp-json\/wp\/v2\/media?parent=5339"}],"wp:term":[{"taxonomy":"product_brand","embeddable":true,"href":"https:\/\/dutchchemlabs.com\/fr\/wp-json\/wp\/v2\/product_brand?post=5339"},{"taxonomy":"product_cat","embeddable":true,"href":"https:\/\/dutchchemlabs.com\/fr\/wp-json\/wp\/v2\/product_cat?post=5339"},{"taxonomy":"product_tag","embeddable":true,"href":"https:\/\/dutchchemlabs.com\/fr\/wp-json\/wp\/v2\/product_tag?post=5339"}],"curies":[{"name":"wp","href":"https:\/\/api.w.org\/{rel}","templated":true}]}}