{"id":5924,"date":"2025-09-20T11:31:58","date_gmt":"2025-09-20T11:31:58","guid":{"rendered":"https:\/\/dutchchemlabs.com\/?post_type=product&#038;p=5924"},"modified":"2025-11-08T07:39:09","modified_gmt":"2025-11-08T07:39:09","slug":"2mmc-pellets-220mg","status":"publish","type":"product","link":"https:\/\/dutchchemlabs.com\/fr\/product\/2mmc-pellets-220mg\/","title":{"rendered":"2MMC Pellets (220mg)"},"content":{"rendered":"<h1>Acheter des pastilles de 2MMC<\/h1>\n<p>Vous \u00eates \u00e0 la recherche d'un produit chimique de recherche avec des effets stimulants ? D\u00e9couvrez alors nos pellets de 2MMC de haute qualit\u00e9 (220mg), disponibles d\u00e8s maintenant sur dutchchemlabs.com !<\/p>\n<p>Achetez des pastilles de 2MMC chez dutchchemlabs.com. Outre les cristaux de 2MMC, nous vendons \u00e9galement <a href=\"https:\/\/dutchchemlabs.com\/product\/2mmc-poeder-kopen-3mmc-vervanger\/\">Poudre 2MMC<\/a>, <a href=\"https:\/\/dutchchemlabs.com\/product\/2mmc-kristallen-kopen-3mmc-vervanger\/\">2 cristaux MMC<\/a> et <a href=\"https:\/\/dutchchemlabs.com\/product\/2mmc-capsules-kopen\/\">2 capsules MMC.<\/a> Nous proposons \u00e9galement\u00a0<a href=\"https:\/\/dutchchemlabs.com\/product-categorie\/research-chemicals\/cathinonen\/pentedrone-nep\/\" data-cke-saved-href=\"https:\/\/dutchchemlabs.com\/product-categorie\/research-chemicals\/cathinonen\/pentedrone-nep\/\">Pentedrone (NEP)<\/a>,\u00a0<a href=\"https:\/\/dutchchemlabs.com\/product-categorie\/research-chemicals\/cathinonen\/3fmc\/\" data-cke-saved-href=\"https:\/\/dutchchemlabs.com\/product-categorie\/research-chemicals\/cathinonen\/3fmc\/\">3FMC<\/a> et d'autres produits chimiques de recherche.<\/p>\n<h2>Qu'est-ce que le 2MMC ?<\/h2>\n<p>La 2-m\u00e9thylm\u00e9thcathinone, souvent abr\u00e9g\u00e9e en 2MMC, est un compos\u00e9 chimique appartenant \u00e0 la classe des substances psychoactives connues sous le nom de cathinones. Ce produit chimique pr\u00e9sente des similitudes structurelles avec d'autres cathinones, telles que la m\u00e9ph\u00e9drone et la m\u00e9thylone, et est un analogue synth\u00e9tique de la cathinone, un alcalo\u00efde naturel du khat (Catha edulis). La 2MMC est appr\u00e9ci\u00e9e par la communaut\u00e9 scientifique pour son potentiel \u00e0 fournir un aper\u00e7u des relations structure-activit\u00e9 des analogues de la cathinone et de leur interaction avec les syst\u00e8mes de neurotransmetteurs dans le cerveau humain. En particulier, la recherche sur la 2MMC se concentre sur la compr\u00e9hension de ses propri\u00e9t\u00e9s pharmacologiques, de ses m\u00e9canismes d'action et de ses effets potentiels sur la neuromodulation. Bien que le 2MMC fasse l'objet d'\u00e9tudes scientifiques, nous insistons sur le fait que son utilisation en dehors de conditions de laboratoire contr\u00f4l\u00e9es peut \u00eatre ill\u00e9gale et potentiellement dangereuse, et nous n'encourageons pas son utilisation \u00e0 des fins r\u00e9cr\u00e9atives.<\/p>\n<h2>2Effets de la MMC<\/h2>\n<p>Les effets du 2MMC sont \u00e9tudi\u00e9s en mettant l'accent sur les aspects physiques et cognitifs. Sur le plan physique, le 2MMC se caract\u00e9rise par des propri\u00e9t\u00e9s stimulantes, qui peuvent entra\u00eener une augmentation du rythme cardiaque et une dilatation des pupilles. Cette stimulation indique une augmentation de l'activit\u00e9 du syst\u00e8me nerveux sympathique, une r\u00e9action commune \u00e0 certaines substances psychoactives. Sur le plan cognitif, le 2MMC a des effets potentiellement int\u00e9ressants. Il peut conduire \u00e0 un \u00e9tat d'euphorie cognitive, indiquant une lib\u00e9ration accrue de neurotransmetteurs impliqu\u00e9s dans les centres de r\u00e9compense et de plaisir du cerveau. En outre, certaines donn\u00e9es sugg\u00e8rent que le 2MMC peut am\u00e9liorer les capacit\u00e9s d'analyse et induire un \u00e9tat d'\u00e9veil. Ces effets sont principalement dus \u00e0 l'interaction du 2MMC avec diff\u00e9rents syst\u00e8mes de neurotransmetteurs dans le cerveau, ce qui met en \u00e9vidence sa complexit\u00e9 et sa polyvalence. Ces r\u00e9sultats de recherche sont utiles pour comprendre l'action du 2MMC dans des conditions de laboratoire et donnent un aper\u00e7u de ses applications pharmacologiques potentielles.<\/p>\n<h2>Command\u00e9 avant 18h00 = livr\u00e9 demain !<\/h2>\n<p><strong>Command\u00e9 avant 18h00 = livr\u00e9 demain ! <\/strong>Votre commande sera exp\u00e9di\u00e9e de mani\u00e8re anonyme et discr\u00e8te par notre partenaire habituel, PostNL. En outre, vous pouvez payer facilement et rapidement avec iDEAL ou Bancontact. Commandez via le site ou contactez-nous par chat. Si vous avez des questions et\/ou des commentaires, vous pouvez toujours nous appeler, nous envoyer un courriel ou nous t\u00e9l\u00e9phoner. Pour les commandes en grandes quantit\u00e9s, veuillez envoyer un e-mail \u00e0 info@dutchchemlabs.com. Nous nous r\u00e9jouissons de recevoir votre commande !<\/p>\n<h2>Nous fournissons \u00e9galement de grandes quantit\u00e9s<\/h2>\n<p>Vous souhaitez commander de la poudre de 2MMC en plus grandes quantit\u00e9s ? Dans ce cas, contactez-nous par chat. dutchchemlabs.com propose des tarifs comp\u00e9titifs pour les grandes quantit\u00e9s. N'attendez plus et contactez-nous d\u00e8s aujourd'hui.<\/p>\n<div id=\"ConnectiveDocSignExtentionInstalled\" data-extension-version=\"1.0.4\"><\/div>","protected":false},"excerpt":{"rendered":"<ul>\n<li><strong>Exp\u00e9dition discr\u00e8te et anonyme<\/strong><\/li>\n<li><strong>Command\u00e9 avant 18h00 = livr\u00e9 demain !<\/strong><\/li>\n<li><strong>Livraison gratuite \u00e0 partir de 50 euros<\/strong><\/li>\n<\/ul>\n<div id=\"ConnectiveDocSignExtentionInstalled\" data-extension-version=\"1.0.4\"><\/div>","protected":false},"featured_media":8753,"comment_status":"open","ping_status":"closed","template":"","meta":[],"product_brand":[],"product_cat":[320,102,573],"product_tag":[],"class_list":{"0":"post-5924","1":"product","2":"type-product","3":"status-publish","4":"has-post-thumbnail","6":"product_cat-2mmc","7":"product_cat-cathinonen","8":"product_cat-pellets","10":"first","11":"instock","12":"taxable","13":"shipping-taxable","14":"purchasable","15":"product-type-variable"},"jetpack_sharing_enabled":true,"_links":{"self":[{"href":"https:\/\/dutchchemlabs.com\/fr\/wp-json\/wp\/v2\/product\/5924","targetHints":{"allow":["GET"]}}],"collection":[{"href":"https:\/\/dutchchemlabs.com\/fr\/wp-json\/wp\/v2\/product"}],"about":[{"href":"https:\/\/dutchchemlabs.com\/fr\/wp-json\/wp\/v2\/types\/product"}],"replies":[{"embeddable":true,"href":"https:\/\/dutchchemlabs.com\/fr\/wp-json\/wp\/v2\/comments?post=5924"}],"version-history":[{"count":2,"href":"https:\/\/dutchchemlabs.com\/fr\/wp-json\/wp\/v2\/product\/5924\/revisions"}],"predecessor-version":[{"id":8755,"href":"https:\/\/dutchchemlabs.com\/fr\/wp-json\/wp\/v2\/product\/5924\/revisions\/8755"}],"wp:featuredmedia":[{"embeddable":true,"href":"https:\/\/dutchchemlabs.com\/fr\/wp-json\/wp\/v2\/media\/8753"}],"wp:attachment":[{"href":"https:\/\/dutchchemlabs.com\/fr\/wp-json\/wp\/v2\/media?parent=5924"}],"wp:term":[{"taxonomy":"product_brand","embeddable":true,"href":"https:\/\/dutchchemlabs.com\/fr\/wp-json\/wp\/v2\/product_brand?post=5924"},{"taxonomy":"product_cat","embeddable":true,"href":"https:\/\/dutchchemlabs.com\/fr\/wp-json\/wp\/v2\/product_cat?post=5924"},{"taxonomy":"product_tag","embeddable":true,"href":"https:\/\/dutchchemlabs.com\/fr\/wp-json\/wp\/v2\/product_tag?post=5924"}],"curies":[{"name":"wp","href":"https:\/\/api.w.org\/{rel}","templated":true}]}}