{"id":6885,"date":"2025-09-20T19:26:08","date_gmt":"2025-09-20T19:26:08","guid":{"rendered":"https:\/\/dutchchemlabs.com\/?post_type=product&#038;p=6885"},"modified":"2025-11-08T07:39:06","modified_gmt":"2025-11-08T07:39:06","slug":"amsterdamit-30ml-poppers","status":"publish","type":"product","link":"https:\/\/dutchchemlabs.com\/fr\/product\/amsterdamit-30ml-poppers\/","title":{"rendered":"AmsterDamit 30ml poppers"},"content":{"rendered":"<h2>AmsterDamit poppers bestellen<\/h2>\n<p>Bij dutchchemlabs.com hebben wij een popper die jouw seksleven naar een hoger niveau kan tillen: AmsterDamit 30ml poppers! Met AmsterDamit poppers kun jij binnen enkele seconden een geweldige rush ervaren, waarbij al jouw gevoelens worden versterkt.<\/p>\n<p>AmsterDamit poppers zijn speciaal ontworpen om jouw seksuele ervaringen te verbeteren. Door het gebruik van AmsterDamit poppers ontspannen jouw spieren en groeit jouw seksuele opwinding. Het effect is vrijwel meteen merkbaar en houdt twee tot maximaal vijf minuten aan, waardoor jij snel kunt genieten van de krachtige werking van deze poppers.<\/p>\n<p>Maar er is meer! AmsterDamit poppers kunnen ook helpen om de bloedvaten te ontspannen en de bloedtoevoer naar de penis te vergroten, waardoor de erectie verbetert. Hierdoor kun jij langer en intenser genieten van jouw seksuele ervaringen.<\/p>\n<p>Bij dutchchemlabs.com kun jij eenvoudig AmsterDamit poppers kopen en bestellen. Wij bieden een ruim assortiment aan van verschillende soorten poppers, zodat jij altijd de juiste keuze kunt maken. Onze poppers zijn van hoge kwaliteit en worden snel en discreet bij jou thuis bezorgd. Waar wacht je nog op? Bestel nu bij dutchchemlabs.com en ervaar de krachtige werking van AmsterDamit poppers!<\/p>\n<p>Voulez-vous aussi acheter 3CMC ? Chez dutchchemlabs.com, nous vendons \u00e9galement <a href=\"https:\/\/dutchchemlabs.com\/product\/3cmc-kopen\/\">Poudre de 3CMC<\/a>, <a href=\"https:\/\/dutchchemlabs.com\/product\/3cmc-kopen-kristallen\/\">Cristaux de 3CMC<\/a> et <a href=\"https:\/\/dutchchemlabs.com\/product\/3cmc-kopen-capsules\/\">Capsules de 3CMC<\/a>.<\/p>\n<h2>AmsterDamit poppers review<\/h2>\n<p>Met de AmsterDamit poppers krijg je dat intense gevoel van ontspanning en ongeremde emoties die ook zo kenmerkend zijn voor de stad Amsterdam. Deze poppers worden geleverd in een klein flesje van 30 ml. Bestel vandaag nog jouw flesje AmsterDamit poppers en ontdek morgen de meest heerlijke hoogtepunten tijdens je rush! Deze poppers zorgen voor een opgewekt, ontspannend en lustversterkend gevoel. Ervaar intense gevoelens van lust, stimuleer je zintuigen en maak anale seks nog plezieriger met de AmsterDamit poppers! Wanneer je ze gebruikt, zullen al je remmingen verdwijnen en vergeet je al je zorgen van de dag. Experimenteer samen of alleen, jij hebt de controle! Laat je meeslepen door de magie van AmsterDamit en geniet van een sensuele en onvergetelijke ervaring.<\/p>\n<h2>Acheter des poppers sur dutchchemlabs.com<\/h2>\n<p>Chez dutchchemlabs.com, vous pouvez depuis peu commander des poppers. Nous sommes toujours en train d'\u00e9largir notre gamme de produits. Avez-vous des suggestions concernant les poppers ou d'autres produits que nous pourrions proposer ? <a href=\"https:\/\/dutchchemlabs.com\/contact\">Contactez nous<\/a> op en laat het ons weten! Naast de AmsterDamit 30ml bieden wij <a href=\"https:\/\/dutchchemlabs.com\/product-categorie\/poppers\/\">plusieurs types de poppers pour<\/a>.<\/p>\n<h2>Command\u00e9 avant 18h00 = livr\u00e9 demain !<\/h2>\n<p><strong>Command\u00e9 avant 18h00 = livr\u00e9 demain ! <\/strong>Votre commande sera exp\u00e9di\u00e9e de mani\u00e8re anonyme et discr\u00e8te par notre partenaire habituel, PostNL. En outre, vous pouvez payer facilement et rapidement avec iDEAL ou Bancontact. Commandez via le site ou contactez-nous par chat. Si vous avez des questions et\/ou des commentaires, vous pouvez toujours nous appeler, nous envoyer un courriel ou nous t\u00e9l\u00e9phoner. Pour les commandes en grandes quantit\u00e9s, veuillez envoyer un e-mail \u00e0 info@dutchchemlabs.com. Nous nous r\u00e9jouissons de recevoir votre commande !<\/p>\n<p>dutchchemlabs.com vend <a href=\"https:\/\/dutchchemlabs.com\/product-categorie\/research-chemicals\/\">Recherche de produits chimiques<\/a> et plus encore.<\/p>\n<div id=\"ConnectiveDocSignExtentionInstalled\" data-extension-version=\"1.0.4\"><\/div>","protected":false},"excerpt":{"rendered":"<ul>\n<li><strong>Exp\u00e9dition discr\u00e8te et anonyme<\/strong><\/li>\n<li><strong>Command\u00e9 avant 18h00 = livr\u00e9 demain !<\/strong><\/li>\n<li><strong>Livraison gratuite \u00e0 partir de 50 euros<\/strong><\/li>\n<\/ul>\n<div id=\"ConnectiveDocSignExtentionInstalled\" data-extension-version=\"1.0.4\"><\/div>","protected":false},"featured_media":6918,"comment_status":"open","ping_status":"closed","template":"","meta":[],"product_brand":[],"product_cat":[206,207],"product_tag":[],"class_list":{"0":"post-6885","1":"product","2":"type-product","3":"status-publish","4":"has-post-thumbnail","6":"product_cat-poppers","7":"product_cat-poppers-large","9":"first","10":"instock","11":"taxable","12":"shipping-taxable","13":"purchasable","14":"product-type-simple"},"jetpack_sharing_enabled":true,"_links":{"self":[{"href":"https:\/\/dutchchemlabs.com\/fr\/wp-json\/wp\/v2\/product\/6885","targetHints":{"allow":["GET"]}}],"collection":[{"href":"https:\/\/dutchchemlabs.com\/fr\/wp-json\/wp\/v2\/product"}],"about":[{"href":"https:\/\/dutchchemlabs.com\/fr\/wp-json\/wp\/v2\/types\/product"}],"replies":[{"embeddable":true,"href":"https:\/\/dutchchemlabs.com\/fr\/wp-json\/wp\/v2\/comments?post=6885"}],"version-history":[{"count":1,"href":"https:\/\/dutchchemlabs.com\/fr\/wp-json\/wp\/v2\/product\/6885\/revisions"}],"predecessor-version":[{"id":6919,"href":"https:\/\/dutchchemlabs.com\/fr\/wp-json\/wp\/v2\/product\/6885\/revisions\/6919"}],"wp:featuredmedia":[{"embeddable":true,"href":"https:\/\/dutchchemlabs.com\/fr\/wp-json\/wp\/v2\/media\/6918"}],"wp:attachment":[{"href":"https:\/\/dutchchemlabs.com\/fr\/wp-json\/wp\/v2\/media?parent=6885"}],"wp:term":[{"taxonomy":"product_brand","embeddable":true,"href":"https:\/\/dutchchemlabs.com\/fr\/wp-json\/wp\/v2\/product_brand?post=6885"},{"taxonomy":"product_cat","embeddable":true,"href":"https:\/\/dutchchemlabs.com\/fr\/wp-json\/wp\/v2\/product_cat?post=6885"},{"taxonomy":"product_tag","embeddable":true,"href":"https:\/\/dutchchemlabs.com\/fr\/wp-json\/wp\/v2\/product_tag?post=6885"}],"curies":[{"name":"wp","href":"https:\/\/api.w.org\/{rel}","templated":true}]}}