{"id":6891,"date":"2025-09-20T19:26:08","date_gmt":"2025-09-20T19:26:08","guid":{"rendered":"https:\/\/dutchchemlabs.com\/?post_type=product&#038;p=6891"},"modified":"2025-11-08T07:39:06","modified_gmt":"2025-11-08T07:39:06","slug":"blue-boy-retro-poppers-25ml","status":"publish","type":"product","link":"https:\/\/dutchchemlabs.com\/fr\/product\/blue-boy-retro-poppers-25ml\/","title":{"rendered":"Blue Boy Retro Poppers 25ml"},"content":{"rendered":"<h2>Commande de poppers Blue Boy Retro<\/h2>\n<p>Le Blue Boy Retro est un classique absolu parmi les poppers et est commercialis\u00e9 depuis les ann\u00e9es 1970. Ces poppers sont pr\u00e9sent\u00e9s dans la bouteille brune carr\u00e9e d'origine avec l'\u00e9tiquette bleue reconnaissable. Bonne nouvelle : la bouteille est d\u00e9sormais \u00e9quip\u00e9e d'un tout nouveau bouchon de s\u00e9curit\u00e9 100%, \u00e9tanche \u00e0 l'air et aux fuites !<\/p>\n<p>Gr\u00e2ce \u00e0 ce nouveau bouchon, vous n'avez plus \u00e0 vous soucier des fuites pendant le transport. Mais il y a une autre bonne nouvelle : le bouchon permet \u00e9galement de conserver la fra\u00eecheur des poppers plus longtemps ! La fermeture herm\u00e9tique de la bouteille permet au puissant nitrite d'isopropyle d'agir encore plus longtemps.<\/p>\n<p>Chez dutchchemlabs.com, vous pouvez d\u00e9sormais commander facilement ces poppers Blue Boy Retro. Profitez de notre livraison rapide et discr\u00e8te et appr\u00e9ciez bient\u00f4t ces poppers classiques et am\u00e9lior\u00e9s !<\/p>\n<p>Voulez-vous aussi acheter 3CMC ? Chez dutchchemlabs.com, nous vendons \u00e9galement <a href=\"https:\/\/dutchchemlabs.com\/product\/3cmc-kopen\/\">Poudre de 3CMC<\/a>, <a href=\"https:\/\/dutchchemlabs.com\/product\/3cmc-kopen-kristallen\/\">Cristaux de 3CMC<\/a> et <a href=\"https:\/\/dutchchemlabs.com\/product\/3cmc-kopen-capsules\/\">Capsules de 3CMC<\/a>.<\/p>\n<h2>Revue des poppers Blue Boy Retro<\/h2>\n<div class=\"text-red-500 markdown prose w-full break-words dark:prose-invert light\">\n<p>Les poppers Blue Boy Retro sont des classiques appr\u00e9ci\u00e9s pour leur qualit\u00e9 et leur parfum reconnaissable. Ces poppers de la marque renomm\u00e9e Blue Boy sont appr\u00e9ci\u00e9s des d\u00e9butants comme des utilisateurs exp\u00e9riment\u00e9s. D\u00e8s l'ouverture du flacon, un parfum puissant et s\u00e9duisant se d\u00e9gage, qui excite instantan\u00e9ment les sens. Ces poppers offrent un effet relaxant et augmentent les sensations, ce qui est id\u00e9al pour explorer les limites sexuelles. Les poppers Blue Boy Retro sont faciles \u00e0 utiliser et offrent des r\u00e9sultats rapides. Ils aident \u00e0 d\u00e9tendre les muscles et \u00e0 augmenter le flux sanguin vers des zones sp\u00e9cifiques, ce qui favorise l'excitation et le plaisir. Que vous souhaitiez animer une f\u00eate ou intensifier vos moments intimes, ces poppers offrent une exp\u00e9rience fiable et agr\u00e9able gr\u00e2ce \u00e0 leur parfum classique et \u00e0 leurs effets stimulants.<\/p>\n<\/p><\/div>\n<h2>Acheter des poppers sur dutchchemlabs.com<\/h2>\n<p>Chez dutchchemlabs.com, vous pouvez depuis peu commander des poppers. Nous sommes toujours en train d'\u00e9largir notre gamme de produits. Avez-vous des suggestions concernant les poppers ou d'autres produits que nous pourrions proposer ? <a href=\"https:\/\/dutchchemlabs.com\/contact\">Contactez nous<\/a> et nous le faire savoir ! En plus de Poppers Blue Boy Retro 25ml, nous offrons <a href=\"https:\/\/dutchchemlabs.com\/product-categorie\/poppers\/\">plusieurs types de poppers pour<\/a>.<\/p>\n<h2>Command\u00e9 avant 18h00 = livr\u00e9 demain !<\/h2>\n<p><strong>Command\u00e9 avant 18h00 = livr\u00e9 demain ! <\/strong>Votre commande sera exp\u00e9di\u00e9e de mani\u00e8re anonyme et discr\u00e8te par notre partenaire habituel, PostNL. En outre, vous pouvez payer facilement et rapidement avec iDEAL ou Bancontact. Commandez via le site ou contactez-nous par chat. Si vous avez des questions et\/ou des commentaires, vous pouvez toujours nous appeler, nous envoyer un courriel ou nous t\u00e9l\u00e9phoner. Pour les commandes en grandes quantit\u00e9s, veuillez envoyer un e-mail \u00e0 info@dutchchemlabs.com. Nous nous r\u00e9jouissons de recevoir votre commande !<\/p>\n<p>dutchchemlabs.com vend <a href=\"https:\/\/dutchchemlabs.com\/product-categorie\/research-chemicals\/\">Recherche de produits chimiques<\/a> et plus encore.<\/p>\n<div id=\"ConnectiveDocSignExtentionInstalled\" data-extension-version=\"1.0.4\"><\/div>","protected":false},"excerpt":{"rendered":"<ul>\n<li><strong>Exp\u00e9dition discr\u00e8te et anonyme<\/strong><\/li>\n<li><strong>Command\u00e9 avant 18h00 = livr\u00e9 demain !<\/strong><\/li>\n<li><strong>Livraison gratuite \u00e0 partir de 50 euros<\/strong><\/li>\n<\/ul>\n<div id=\"ConnectiveDocSignExtentionInstalled\" data-extension-version=\"1.0.4\"><\/div>","protected":false},"featured_media":6931,"comment_status":"open","ping_status":"closed","template":"","meta":[],"product_brand":[],"product_cat":[206,207],"product_tag":[],"class_list":{"0":"post-6891","1":"product","2":"type-product","3":"status-publish","4":"has-post-thumbnail","6":"product_cat-poppers","7":"product_cat-poppers-large","9":"first","10":"instock","11":"taxable","12":"shipping-taxable","13":"purchasable","14":"product-type-simple"},"jetpack_sharing_enabled":true,"_links":{"self":[{"href":"https:\/\/dutchchemlabs.com\/fr\/wp-json\/wp\/v2\/product\/6891","targetHints":{"allow":["GET"]}}],"collection":[{"href":"https:\/\/dutchchemlabs.com\/fr\/wp-json\/wp\/v2\/product"}],"about":[{"href":"https:\/\/dutchchemlabs.com\/fr\/wp-json\/wp\/v2\/types\/product"}],"replies":[{"embeddable":true,"href":"https:\/\/dutchchemlabs.com\/fr\/wp-json\/wp\/v2\/comments?post=6891"}],"version-history":[{"count":1,"href":"https:\/\/dutchchemlabs.com\/fr\/wp-json\/wp\/v2\/product\/6891\/revisions"}],"predecessor-version":[{"id":6932,"href":"https:\/\/dutchchemlabs.com\/fr\/wp-json\/wp\/v2\/product\/6891\/revisions\/6932"}],"wp:featuredmedia":[{"embeddable":true,"href":"https:\/\/dutchchemlabs.com\/fr\/wp-json\/wp\/v2\/media\/6931"}],"wp:attachment":[{"href":"https:\/\/dutchchemlabs.com\/fr\/wp-json\/wp\/v2\/media?parent=6891"}],"wp:term":[{"taxonomy":"product_brand","embeddable":true,"href":"https:\/\/dutchchemlabs.com\/fr\/wp-json\/wp\/v2\/product_brand?post=6891"},{"taxonomy":"product_cat","embeddable":true,"href":"https:\/\/dutchchemlabs.com\/fr\/wp-json\/wp\/v2\/product_cat?post=6891"},{"taxonomy":"product_tag","embeddable":true,"href":"https:\/\/dutchchemlabs.com\/fr\/wp-json\/wp\/v2\/product_tag?post=6891"}],"curies":[{"name":"wp","href":"https:\/\/api.w.org\/{rel}","templated":true}]}}