{"id":6898,"date":"2025-09-20T19:26:08","date_gmt":"2025-09-20T19:26:08","guid":{"rendered":"https:\/\/dutchchemlabs.com\/?post_type=product&#038;p=6898"},"modified":"2025-11-08T07:39:07","modified_gmt":"2025-11-08T07:39:07","slug":"highrise-city-30ml-poppers","status":"publish","type":"product","link":"https:\/\/dutchchemlabs.com\/fr\/product\/highrise-city-30ml-poppers\/","title":{"rendered":"Highrise City 30ml poppers"},"content":{"rendered":"<h2>Lockerroom Poppers Highrise City bestellen<\/h2>\n<p>Bent u op zoek naar een intense en sensationele ervaring? Dan is Lockerroom Poppers Highrise City 30ml het product dat u zoekt! Deze hoogwaardige poppers zijn speciaal ontwikkeld om u te helpen ontspannen en uw grenzen te verleggen, en zijn verkrijgbaar om te kopen of te bestellen bij dutchchemlabs.com.<\/p>\n<p>Lockerroom Poppers Highrise City 30ml is gemaakt van hoogwaardige ingredi\u00ebnten en biedt een snelle en effectieve rush. Deze krachtige formule is perfect voor mensen die op zoek zijn naar een intens gevoel van warmte en opwinding. Of u nu wilt ontspannen na een lange dag of gewoon een spannende ervaring wilt beleven, deze poppers zijn de ideale keuze.<\/p>\n<p>Bij dutchchemlabs.com kunt u eenvoudig en veilig poppers kopen of bestellen. Wij bieden een snelle en discrete verzending, zodat u snel kunt genieten van uw Lockerroom Poppers Highrise City 30ml. Wacht niet langer en ervaar zelf waarom deze poppers zo populair zijn bij onze klanten. Bestel nu en beleef een onvergetelijke ervaring!<\/p>\n<h2>Lockerroom Poppers Highrise City review<\/h2>\n<p>Lockerroom Poppers Highrise City is een opwindende toevoeging aan het assortiment poppers van Lockerroom. Met deze poppers kun je jezelf onderdompelen in de opwinding van de stad en genieten van een intense ervaring. Highrise City is speciaal ontworpen om je zintuigen te stimuleren en je naar nieuwe hoogten te brengen. De krachtige formule van deze poppers zorgt voor een snelle en langdurige werking, waardoor je kunt genieten van een langere en intensere roes. Of je nu op zoek bent naar een boost tijdens je feestavonden of een extra tintje wilt geven aan je intieme momenten, Lockerroom Poppers Highrise City biedt een betrouwbare en bevredigende ervaring. Vergeet niet om de aanwijzingen op te volgen en deze poppers alleen te gebruiken zoals voorgeschreven. Ontdek de opwindende wereld van Lockerroom Poppers Highrise City en laat je meeslepen door de sensaties van de stad.<\/p>\n<h2>Acheter des poppers sur dutchchemlabs.com<\/h2>\n<p>Chez dutchchemlabs.com, vous pouvez depuis peu commander des poppers. Nous sommes toujours en train d'\u00e9largir notre gamme de produits. Avez-vous des suggestions concernant les poppers ou d'autres produits que nous pourrions proposer ? <a href=\"https:\/\/dutchchemlabs.com\/contact\">Contactez nous<\/a> op en laat het ons weten! Naast de Lockerroom Poppers Highrise City 30ml poppers bieden wij <a href=\"https:\/\/dutchchemlabs.com\/product-categorie\/poppers\/\">plusieurs types de poppers pour<\/a>.<\/p>\n<h2>Command\u00e9 avant 18h00 = livr\u00e9 demain !<\/h2>\n<p><strong>Command\u00e9 avant 18h00 = livr\u00e9 demain ! <\/strong>Votre commande sera exp\u00e9di\u00e9e de mani\u00e8re anonyme et discr\u00e8te par notre partenaire habituel, PostNL. En outre, vous pouvez payer facilement et rapidement avec iDEAL ou Bancontact. Commandez via le site ou contactez-nous par chat. Si vous avez des questions et\/ou des commentaires, vous pouvez toujours nous appeler, nous envoyer un courriel ou nous t\u00e9l\u00e9phoner. Pour les commandes en grandes quantit\u00e9s, veuillez envoyer un e-mail \u00e0 info@dutchchemlabs.com. Nous nous r\u00e9jouissons de recevoir votre commande !<\/p>\n<p>Nous proposons plusieurs types <a href=\"https:\/\/dutchchemlabs.com\/product-categorie\/poppers\/\">Poppers<\/a>\u00a0\u00e0. Nous sommes \u00e9galement\u00a0<a href=\"https:\/\/dutchchemlabs.com\/product-categorie\/research-chemicals\/\">Recherche de produits chimiques<\/a>\u00a0Sp\u00e9cialiste.<\/p>\n<div id=\"ConnectiveDocSignExtentionInstalled\" data-extension-version=\"1.0.4\"><\/div>","protected":false},"excerpt":{"rendered":"<ul>\n<li><strong>Exp\u00e9dition discr\u00e8te et anonyme<\/strong><\/li>\n<li><strong>Command\u00e9 avant 18h00 = livr\u00e9 demain !<\/strong><\/li>\n<li><strong>Livraison gratuite \u00e0 partir de 50 euros<\/strong><\/li>\n<\/ul>\n<div id=\"ConnectiveDocSignExtentionInstalled\" data-extension-version=\"1.0.4\"><\/div>","protected":false},"featured_media":6947,"comment_status":"open","ping_status":"closed","template":"","meta":[],"product_brand":[],"product_cat":[206,207],"product_tag":[],"class_list":{"0":"post-6898","1":"product","2":"type-product","3":"status-publish","4":"has-post-thumbnail","6":"product_cat-poppers","7":"product_cat-poppers-large","9":"first","10":"instock","11":"taxable","12":"shipping-taxable","13":"purchasable","14":"product-type-simple"},"jetpack_sharing_enabled":true,"_links":{"self":[{"href":"https:\/\/dutchchemlabs.com\/fr\/wp-json\/wp\/v2\/product\/6898","targetHints":{"allow":["GET"]}}],"collection":[{"href":"https:\/\/dutchchemlabs.com\/fr\/wp-json\/wp\/v2\/product"}],"about":[{"href":"https:\/\/dutchchemlabs.com\/fr\/wp-json\/wp\/v2\/types\/product"}],"replies":[{"embeddable":true,"href":"https:\/\/dutchchemlabs.com\/fr\/wp-json\/wp\/v2\/comments?post=6898"}],"version-history":[{"count":1,"href":"https:\/\/dutchchemlabs.com\/fr\/wp-json\/wp\/v2\/product\/6898\/revisions"}],"predecessor-version":[{"id":6948,"href":"https:\/\/dutchchemlabs.com\/fr\/wp-json\/wp\/v2\/product\/6898\/revisions\/6948"}],"wp:featuredmedia":[{"embeddable":true,"href":"https:\/\/dutchchemlabs.com\/fr\/wp-json\/wp\/v2\/media\/6947"}],"wp:attachment":[{"href":"https:\/\/dutchchemlabs.com\/fr\/wp-json\/wp\/v2\/media?parent=6898"}],"wp:term":[{"taxonomy":"product_brand","embeddable":true,"href":"https:\/\/dutchchemlabs.com\/fr\/wp-json\/wp\/v2\/product_brand?post=6898"},{"taxonomy":"product_cat","embeddable":true,"href":"https:\/\/dutchchemlabs.com\/fr\/wp-json\/wp\/v2\/product_cat?post=6898"},{"taxonomy":"product_tag","embeddable":true,"href":"https:\/\/dutchchemlabs.com\/fr\/wp-json\/wp\/v2\/product_tag?post=6898"}],"curies":[{"name":"wp","href":"https:\/\/api.w.org\/{rel}","templated":true}]}}