{"id":7164,"date":"2025-09-20T19:27:09","date_gmt":"2025-09-20T19:27:09","guid":{"rendered":"https:\/\/dutchchemlabs.com\/?post_type=product&#038;p=7164"},"modified":"2025-11-08T07:39:05","modified_gmt":"2025-11-08T07:39:05","slug":"fist-fuel-poppers-24ml","status":"publish","type":"product","link":"https:\/\/dutchchemlabs.com\/fr\/product\/fist-fuel-poppers-24ml\/","title":{"rendered":"Fist Fuel Poppers (24ml)"},"content":{"rendered":"<h2>Fist Fuel 24ML Poppers bestellen<\/h2>\n<p>De Fist Fuel 24ml is de beste popper die ultieme ontspanning brengt dat nodig is om een vuist of dildo diep in je te voelen. Poppers maken je intieme momenten nog leuker en spannender! Wanneer je direct uit het flesje snuift voel je direct het effect. Het effect duurt enkele minuten. Fist Fuel 24ml poppers zijn een aantal keren gedistilleerd, waardoor de kwaliteit zeer zuiver is. Let op: Gebruik dit product niet in combinatie met erectiemiddelen.<\/p>\n<p>Voulez-vous aussi <a href=\"https:\/\/dutchchemlabs.com\/product-categorie\/research-chemicals\/cathinonen\/pentedrone-nep\/\"><span class=\"breadcrumb_last\" aria-current=\"page\">Pentedrone (NEP)<\/span><\/a> ou <a href=\"https:\/\/dutchchemlabs.com\/product-categorie\/research-chemicals\/cathinonen\/2mmc-kopen\/\">Acheter 2MMC<\/a> ou ? Chez dutchchemlabs.com, nous vendons \u00e9galement plusieurs types de produits chimiques de recherche.<\/p>\n<h2 class=\"LC20lb MBeuO DKV0Md\">Fist Fuel poppers review<\/h2>\n<div class=\"text-orange-500 markdown prose w-full break-words dark:prose-invert light\">\n<p>Fist Fuel belooft een intense ervaring te bieden, die gekenmerkt wordt door een diepgaande ontspanning, waardoor het mogelijk wordt de intrusie van een partner&#8217;s vuist of een omvangrijke dildo diep te ervaren. Met Fist Fuel wordt elke beweging getransformeerd tot een opmerkelijke sensatie die onmiskenbaar is.<\/p>\n<p>Het inademen van de geur van deze popper, rechtstreeks uit de fles via de neus, resulteert in vrijwel onmiddellijk waarneembare effecten die tot vijf minuten kunnen aanhouden. Echter, een belangrijke waarschuwing dient hierbij te worden opgemerkt: het gebruik van Fist Fuel in combinatie met erectiebevorderende middelen of andere farmaceutische substanties is sterk afgeraden, evenals het inwendig gebruik ervan.<\/p>\n<p>Fist Fuel behoort tot de categorie van alkylnitraten, algemeen bekend als &#8220;poppers&#8221;. Deze verbindingen fungeren als vaatverwijders, ontspannen de musculatuur rondom bloedvaten, en wekken zowel fysiologisch als psychologisch intense sensaties op. Het benadrukken van het belang van het vermijden van combinatiegebruik, wordt een nadrukkelijke voorzichtigheid aanbevolen, zowel ter bescherming van de gezondheid als voor het waarborgen van de gewenste effecten bij het gebruik van Fist Fuel.<\/p>\n<\/p><\/div>\n<h2 class=\"LC20lb MBeuO DKV0Md\">Fist Fuel poppers kopen doe je bij dutchchemlabs.com<\/h2>\n<p>Bij dutchchemlabs.com kun je sinds kort ook poppers bestellen. We zijn nog druk bezig ons assortiment uit te breiden. Heb je nog suggesties over welke poppers of overige producten we nog meer aan kunnen bieden? <a href=\"https:\/\/dutchchemlabs.com\/contact\">Contactez nous<\/a> op en laat het ons weten! Naast de Fist Fuel 10 ml poppers bieden we <a href=\"https:\/\/dutchchemlabs.com\/product-categorie\/poppers\/\">plusieurs types de poppers.<\/a><\/p>\n<h2>Command\u00e9 avant 18h00 = livr\u00e9 demain !<\/h2>\n<p><strong>Command\u00e9 avant 18h00 = livr\u00e9 demain ! <\/strong>Votre commande sera exp\u00e9di\u00e9e de mani\u00e8re anonyme et discr\u00e8te par notre partenaire habituel, PostNL. En outre, vous pouvez payer facilement et rapidement avec iDEAL ou Bancontact. Commandez via le site ou contactez-nous par chat. Si vous avez des questions et\/ou des commentaires, vous pouvez toujours nous appeler, nous envoyer un courriel ou nous t\u00e9l\u00e9phoner. Pour les commandes en grandes quantit\u00e9s, veuillez envoyer un e-mail \u00e0 info@dutchchemlabs.com. Nous nous r\u00e9jouissons de recevoir votre commande !<\/p>\n<p>dutchchemlabs.com en vend plusieurs vari\u00e9t\u00e9s <a href=\"https:\/\/dutchchemlabs.com\/product-categorie\/poppers\/\">poppers<\/a>, <a href=\"https:\/\/dutchchemlabs.com\/product-categorie\/research-chemicals\/\">Recherche de produits chimiques<\/a> et plus encore.<\/p>\n<p>&nbsp;<\/p>\n<div id=\"ConnectiveDocSignExtentionInstalled\" data-extension-version=\"1.0.4\"><\/div>","protected":false},"excerpt":{"rendered":"<ul>\n<li><strong>Exp\u00e9dition discr\u00e8te et anonyme<\/strong><\/li>\n<li><strong>Command\u00e9 avant 18h00 = livr\u00e9 demain !<\/strong><\/li>\n<li><strong>Livraison gratuite \u00e0 partir de 50 euros<\/strong><\/li>\n<\/ul>\n<div id=\"ConnectiveDocSignExtentionInstalled\" data-extension-version=\"1.0.4\"><\/div>","protected":false},"featured_media":7231,"comment_status":"open","ping_status":"closed","template":"","meta":[],"product_brand":[],"product_cat":[206,209],"product_tag":[],"class_list":{"0":"post-7164","1":"product","2":"type-product","3":"status-publish","4":"has-post-thumbnail","6":"product_cat-poppers","7":"product_cat-poppers-small","9":"first","10":"instock","11":"taxable","12":"shipping-taxable","13":"purchasable","14":"product-type-simple"},"jetpack_sharing_enabled":true,"_links":{"self":[{"href":"https:\/\/dutchchemlabs.com\/fr\/wp-json\/wp\/v2\/product\/7164","targetHints":{"allow":["GET"]}}],"collection":[{"href":"https:\/\/dutchchemlabs.com\/fr\/wp-json\/wp\/v2\/product"}],"about":[{"href":"https:\/\/dutchchemlabs.com\/fr\/wp-json\/wp\/v2\/types\/product"}],"replies":[{"embeddable":true,"href":"https:\/\/dutchchemlabs.com\/fr\/wp-json\/wp\/v2\/comments?post=7164"}],"version-history":[{"count":1,"href":"https:\/\/dutchchemlabs.com\/fr\/wp-json\/wp\/v2\/product\/7164\/revisions"}],"predecessor-version":[{"id":7232,"href":"https:\/\/dutchchemlabs.com\/fr\/wp-json\/wp\/v2\/product\/7164\/revisions\/7232"}],"wp:featuredmedia":[{"embeddable":true,"href":"https:\/\/dutchchemlabs.com\/fr\/wp-json\/wp\/v2\/media\/7231"}],"wp:attachment":[{"href":"https:\/\/dutchchemlabs.com\/fr\/wp-json\/wp\/v2\/media?parent=7164"}],"wp:term":[{"taxonomy":"product_brand","embeddable":true,"href":"https:\/\/dutchchemlabs.com\/fr\/wp-json\/wp\/v2\/product_brand?post=7164"},{"taxonomy":"product_cat","embeddable":true,"href":"https:\/\/dutchchemlabs.com\/fr\/wp-json\/wp\/v2\/product_cat?post=7164"},{"taxonomy":"product_tag","embeddable":true,"href":"https:\/\/dutchchemlabs.com\/fr\/wp-json\/wp\/v2\/product_tag?post=7164"}],"curies":[{"name":"wp","href":"https:\/\/api.w.org\/{rel}","templated":true}]}}