{"id":7166,"date":"2025-09-20T19:27:09","date_gmt":"2025-09-20T19:27:09","guid":{"rendered":"https:\/\/dutchchemlabs.com\/?post_type=product&#038;p=7166"},"modified":"2025-11-08T07:39:05","modified_gmt":"2025-11-08T07:39:05","slug":"hulk-extra-strong-poppers-10ml","status":"publish","type":"product","link":"https:\/\/dutchchemlabs.com\/fr\/product\/hulk-extra-strong-poppers-10ml\/","title":{"rendered":"Hulk Extra Strong Poppers (10ml)"},"content":{"rendered":"<h2>Hulk Extra Strong 10 ml<\/h2>\n<p>Poppers kopen? De Hulk Extra Strong 10 ml Poppers is een intens krachtige popper. Een van de sterkste op de markt. Dat is leuk voor op feestjes of tussen de lakens. Hulk Extra Strong 10 ml is ook een van de meest verkochte poppers ter wereld. Poppers maken je intieme momenten nog leuker en spannender! Wanneer je direct uit het flesje snuift voel je direct het effect. Het effect duurt enkele minuten. Hulk Extra Strong 10 ml poppers zijn een aantal keren gedistilleerd, waardoor de kwaliteit zeer zuiver is. Let op: Gebruik dit product niet in combinatie met erectiemiddelen.<\/p>\n<p>Voulez-vous aussi <a href=\"https:\/\/dutchchemlabs.com\/product-categorie\/research-chemicals\/cathinonen\/pentedrone-nep\/\"><span class=\"breadcrumb_last\" aria-current=\"page\">Pentedrone (NEP)<\/span><\/a> ou <a href=\"https:\/\/dutchchemlabs.com\/product-categorie\/research-chemicals\/cathinonen\/2mmc-kopen\/\">Acheter 2MMC<\/a> ou ? Chez dutchchemlabs.com, nous vendons \u00e9galement plusieurs types de produits chimiques de recherche.<\/p>\n<h2>Hulk Extra Strong review<\/h2>\n<p>Maak je klaar voor een onvergetelijke ervaring met Hulk Extra Strong Poppers. Deze popper, gebaseerd op de originele pentyl nitriet, voegt niet alleen een krachtige boost toe aan je seksleven, maar zorgt ook voor een sensationele kick op feestjes, in clubs, op concerten of festivals. Met Hulk Extra Strong Poppers word je ondergedompeld in een wereld waar kleuren intenser lijken en muziek je dieper raakt. De groene Hulk Extra Strong Poppers zullen ongetwijfeld je vrienden verrassen. Hulk Extra Strong biedt een unieke en opwindende ervaring die je zintuigen prikkelt en je energie geeft. Met slechts een kleine hoeveelheid geniet je van intense sensaties die je nog lang zullen bijblijven. Kies voor de kwaliteit en kracht van Hulk Extra Strong Poppers en laat je betoveren door zijn indrukwekkende impact!<\/p>\n<h2>Acheter des poppers sur dutchchemlabs.com<\/h2>\n<p>Bij dutchchemlabs.com kun je sinds kort ook poppers bestellen. We zijn nog druk bezig ons assortiment uit te breiden. Heb je nog suggesties over welke poppers of overige producten we nog meer aan kunnen bieden? <a href=\"https:\/\/dutchchemlabs.com\/contact\">Contactez nous<\/a> op en laat het ons weten! Naast de Super Rush Red 25 ml bieden we <a href=\"https:\/\/dutchchemlabs.com\/product-categorie\/poppers\/\">plusieurs types de poppers.<\/a><\/p>\n<h2>Command\u00e9 avant 18h00 = livr\u00e9 demain !<\/h2>\n<p><strong>Command\u00e9 avant 18h00 = livr\u00e9 demain ! <\/strong>Votre commande sera exp\u00e9di\u00e9e de mani\u00e8re anonyme et discr\u00e8te par notre partenaire habituel, PostNL. En outre, vous pouvez payer facilement et rapidement avec iDEAL ou Bancontact. Commandez via le site ou contactez-nous par chat. Si vous avez des questions et\/ou des commentaires, vous pouvez toujours nous appeler, nous envoyer un courriel ou nous t\u00e9l\u00e9phoner. Pour les commandes en grandes quantit\u00e9s, veuillez envoyer un e-mail \u00e0 info@dutchchemlabs.com. Nous nous r\u00e9jouissons de recevoir votre commande !<\/p>\n<p>dutchchemlabs.com en vend plusieurs vari\u00e9t\u00e9s <a href=\"https:\/\/dutchchemlabs.com\/product-categorie\/poppers\/\">poppers<\/a>, <a href=\"https:\/\/dutchchemlabs.com\/product-categorie\/research-chemicals\/\">Recherche de produits chimiques<\/a> et plus encore.<\/p>\n<div id=\"ConnectiveDocSignExtentionInstalled\" data-extension-version=\"1.0.4\"><\/div>","protected":false},"excerpt":{"rendered":"<ul>\n<li><strong>Exp\u00e9dition discr\u00e8te et anonyme<\/strong><\/li>\n<li><strong>Command\u00e9 avant 18h00 = livr\u00e9 demain !<\/strong><\/li>\n<li><strong>Livraison gratuite \u00e0 partir de 50 euros<\/strong><\/li>\n<\/ul>\n<div id=\"ConnectiveDocSignExtentionInstalled\" data-extension-version=\"1.0.4\"><\/div>","protected":false},"featured_media":7235,"comment_status":"open","ping_status":"closed","template":"","meta":[],"product_brand":[],"product_cat":[206,209],"product_tag":[],"class_list":{"0":"post-7166","1":"product","2":"type-product","3":"status-publish","4":"has-post-thumbnail","6":"product_cat-poppers","7":"product_cat-poppers-small","9":"first","10":"instock","11":"taxable","12":"shipping-taxable","13":"purchasable","14":"product-type-simple"},"jetpack_sharing_enabled":true,"_links":{"self":[{"href":"https:\/\/dutchchemlabs.com\/fr\/wp-json\/wp\/v2\/product\/7166","targetHints":{"allow":["GET"]}}],"collection":[{"href":"https:\/\/dutchchemlabs.com\/fr\/wp-json\/wp\/v2\/product"}],"about":[{"href":"https:\/\/dutchchemlabs.com\/fr\/wp-json\/wp\/v2\/types\/product"}],"replies":[{"embeddable":true,"href":"https:\/\/dutchchemlabs.com\/fr\/wp-json\/wp\/v2\/comments?post=7166"}],"version-history":[{"count":1,"href":"https:\/\/dutchchemlabs.com\/fr\/wp-json\/wp\/v2\/product\/7166\/revisions"}],"predecessor-version":[{"id":7236,"href":"https:\/\/dutchchemlabs.com\/fr\/wp-json\/wp\/v2\/product\/7166\/revisions\/7236"}],"wp:featuredmedia":[{"embeddable":true,"href":"https:\/\/dutchchemlabs.com\/fr\/wp-json\/wp\/v2\/media\/7235"}],"wp:attachment":[{"href":"https:\/\/dutchchemlabs.com\/fr\/wp-json\/wp\/v2\/media?parent=7166"}],"wp:term":[{"taxonomy":"product_brand","embeddable":true,"href":"https:\/\/dutchchemlabs.com\/fr\/wp-json\/wp\/v2\/product_brand?post=7166"},{"taxonomy":"product_cat","embeddable":true,"href":"https:\/\/dutchchemlabs.com\/fr\/wp-json\/wp\/v2\/product_cat?post=7166"},{"taxonomy":"product_tag","embeddable":true,"href":"https:\/\/dutchchemlabs.com\/fr\/wp-json\/wp\/v2\/product_tag?post=7166"}],"curies":[{"name":"wp","href":"https:\/\/api.w.org\/{rel}","templated":true}]}}