{"id":7654,"date":"2025-09-20T19:28:33","date_gmt":"2025-09-20T19:28:33","guid":{"rendered":"https:\/\/dutchchemlabs.com\/?post_type=product&#038;p=7654"},"modified":"2025-11-08T07:39:03","modified_gmt":"2025-11-08T07:39:03","slug":"amsterdam-black-24ml-poppers","status":"publish","type":"product","link":"https:\/\/dutchchemlabs.com\/fr\/product\/amsterdam-black-24ml-poppers\/","title":{"rendered":"Amsterdam Black 24ml poppers"},"content":{"rendered":"<h2>Amsterdam Black poppers bestellen<\/h2>\n<p>De Amsterdam Black 24 ml Poppers is een van de favoriete poppers van vele popper fans. Poppers maken je intieme momenten nog leuker en spannender! Wanneer je direct uit het flesje snuift voel je direct het effect. Het effect duurt enkele minuten. Amsterdam Black 24 ml poppers zijn enkele keren gedistilleerd, waardoor de kwaliteit zeer zuiver is. Let op: Gebruik dit product niet in combinatie met erectiemiddelen.<\/p>\n<p>Voulez-vous aussi acheter 3CMC ? Chez dutchchemlabs.com, nous vendons \u00e9galement <a href=\"https:\/\/dutchchemlabs.com\/product\/3cmc-kopen\/\">Poudre de 3CMC<\/a>, <a href=\"https:\/\/dutchchemlabs.com\/product\/3cmc-kopen-kristallen\/\">Cristaux de 3CMC<\/a> et <a href=\"https:\/\/dutchchemlabs.com\/product\/3cmc-kopen-capsules\/\">Capsules de 3CMC<\/a>.<\/p>\n<h2>Amsterdam Black review<\/h2>\n<p>Amsterdam Black is een krachtige poppers van het gerenommeerde merk Amsterdam, dat bekend staat om zijn hoogwaardige producten en diverse aroma&#8217;s. Deze poppers, verkrijgbaar in flesjes van 10 ml tot 24 ml, biedt intense afrodiserende sensaties en een boost aan plezier en verlangen tijdens intense seksuele ervaringen. Amsterdam poppers voldoen aan alle Franse en Europese regelgeving en worden rechtstreeks bij de fabrikant gekocht, waardoor ze van premium kwaliteit zijn. Het Black Label-assortiment bevat de Amsterdam Black, die de kracht van amyl nitriet biedt voor intense vasodilaterende effecten. Inhalaties moeten herhaald worden voor langdurig plezier. Deze poppers staan garant voor wildere orgasmes en gestimuleerde libido, maar vereisen zorgvuldig gebruik en het gebruik van een kwaliteitsglijmiddel. Amsterdam Black is de ideale keuze voor avontuurlijke liefhebbers die op zoek zijn naar intense sensaties en onvergetelijke ervaringen. Probeer Amsterdam Black vandaag nog en laat je betoveren door de krachtige werking!<\/p>\n<h2>Acheter des poppers sur dutchchemlabs.com<\/h2>\n<p>Bij dutchchemlabs.com kan je sinds kort ook poppers bestellen. We zijn nog druk bezig ons assortiment uit te breiden. Heb je nog suggesties over welke poppers of overige producten we nog meer aan kunnen bieden? <a href=\"https:\/\/dutchchemlabs.com\/contact\">Contactez nous<\/a> op en laat het ons weten! Naast de Super Rush Red 24 ml bieden we <a href=\"https:\/\/dutchchemlabs.com\/product-categorie\/poppers\/\">plusieurs types de poppers.<\/a><\/p>\n<h2>Command\u00e9 avant 18h00 = livr\u00e9 demain !<\/h2>\n<p><strong>Command\u00e9 avant 18h00 = livr\u00e9 demain ! <\/strong>Votre commande sera exp\u00e9di\u00e9e de mani\u00e8re anonyme et discr\u00e8te par notre partenaire habituel, PostNL. En outre, vous pouvez payer facilement et rapidement avec iDEAL ou Bancontact. Pour les commandes en grandes quantit\u00e9s, veuillez envoyer un e-mail \u00e0 info@dutchchemlabs.com. Nous nous r\u00e9jouissons de recevoir votre commande !<\/p>\n<p>dutchchemlabs.com vend <a href=\"https:\/\/dutchchemlabs.com\/product-categorie\/research-chemicals\/\">Recherche de produits chimiques<\/a> et plus encore.<\/p>\n<div id=\"ConnectiveDocSignExtentionInstalled\" data-extension-version=\"1.0.4\"><\/div>","protected":false},"excerpt":{"rendered":"<ul>\n<li><strong>Exp\u00e9dition discr\u00e8te et anonyme<\/strong><\/li>\n<li><strong>Command\u00e9 avant 18h00 = livr\u00e9 demain !<\/strong><\/li>\n<li><strong>Livraison gratuite \u00e0 partir de 50 euros<\/strong><\/li>\n<\/ul>\n<div id=\"ConnectiveDocSignExtentionInstalled\" data-extension-version=\"1.0.4\"><\/div>","protected":false},"featured_media":7683,"comment_status":"open","ping_status":"closed","template":"","meta":[],"product_brand":[],"product_cat":[206,207],"product_tag":[],"class_list":{"0":"post-7654","1":"product","2":"type-product","3":"status-publish","4":"has-post-thumbnail","6":"product_cat-poppers","7":"product_cat-poppers-large","9":"first","10":"instock","11":"taxable","12":"shipping-taxable","13":"purchasable","14":"product-type-simple"},"jetpack_sharing_enabled":true,"_links":{"self":[{"href":"https:\/\/dutchchemlabs.com\/fr\/wp-json\/wp\/v2\/product\/7654","targetHints":{"allow":["GET"]}}],"collection":[{"href":"https:\/\/dutchchemlabs.com\/fr\/wp-json\/wp\/v2\/product"}],"about":[{"href":"https:\/\/dutchchemlabs.com\/fr\/wp-json\/wp\/v2\/types\/product"}],"replies":[{"embeddable":true,"href":"https:\/\/dutchchemlabs.com\/fr\/wp-json\/wp\/v2\/comments?post=7654"}],"version-history":[{"count":1,"href":"https:\/\/dutchchemlabs.com\/fr\/wp-json\/wp\/v2\/product\/7654\/revisions"}],"predecessor-version":[{"id":7684,"href":"https:\/\/dutchchemlabs.com\/fr\/wp-json\/wp\/v2\/product\/7654\/revisions\/7684"}],"wp:featuredmedia":[{"embeddable":true,"href":"https:\/\/dutchchemlabs.com\/fr\/wp-json\/wp\/v2\/media\/7683"}],"wp:attachment":[{"href":"https:\/\/dutchchemlabs.com\/fr\/wp-json\/wp\/v2\/media?parent=7654"}],"wp:term":[{"taxonomy":"product_brand","embeddable":true,"href":"https:\/\/dutchchemlabs.com\/fr\/wp-json\/wp\/v2\/product_brand?post=7654"},{"taxonomy":"product_cat","embeddable":true,"href":"https:\/\/dutchchemlabs.com\/fr\/wp-json\/wp\/v2\/product_cat?post=7654"},{"taxonomy":"product_tag","embeddable":true,"href":"https:\/\/dutchchemlabs.com\/fr\/wp-json\/wp\/v2\/product_tag?post=7654"}],"curies":[{"name":"wp","href":"https:\/\/api.w.org\/{rel}","templated":true}]}}