{"id":7655,"date":"2025-09-20T19:28:33","date_gmt":"2025-09-20T19:28:33","guid":{"rendered":"https:\/\/dutchchemlabs.com\/?post_type=product&#038;p=7655"},"modified":"2025-11-08T07:39:03","modified_gmt":"2025-11-08T07:39:03","slug":"4-fmph-pellets","status":"publish","type":"product","link":"https:\/\/dutchchemlabs.com\/fr\/product\/4-fmph-pellets\/","title":{"rendered":"4-FMPH Pellets"},"content":{"rendered":"<h2>4-FMPH pellets kopen<\/h2>\n<p>4-FMPH is een onderzoekschemische stof en niet bedoeld voor menselijke consumptie. Je kunt 4-FMPH kopen bij dutchchemlabs.com. Als je v\u00f3\u00f3r 18:00 uur bestelt, wordt het de volgende dag al geleverd! Bij ons kun je veilig en gemakkelijk betalen met iDEAL, CreditCard, bankoverschrijving en crypto, zoals je gewend bent. 4-FMPH bestellen doe je bij dutchchemlabs.com. Wij bieden ook <a href=\"https:\/\/dutchchemlabs.com\/product-categorie\/research-chemicals\/cathinonen\/2mmc-kopen\/\">2MMC<\/a>, <a href=\"https:\/\/dutchchemlabs.com\/product-categorie\/research-chemicals\/cathinonen\/pentedrone-nep\/\">Pentedrone (NEP)<\/a>,\u00a0<a href=\"https:\/\/dutchchemlabs.com\/product-categorie\/research-chemicals\/cathinonen\/3fmc\/\">3FMC<\/a> et d'autres produits chimiques de recherche.<\/p>\n<h2>Wat is 4-FMPH?<\/h2>\n<p>4-Fluormethylfenidaat, ook wel bekend als 4-FMPH, is een synthetisch stimulerend middel dat behoort tot de fenidaatklasse. Integenstelling tot zijn farmaceutische tegenhangers is 4-FMPH een nieuwe verbinding met een korte geschiedenis als research chemical. Het kreeg bekendheid als onderzoeksmiddel nadat het werd ontwikkeld als vervanging voor ethylfenidaat, dat onderhevig was aan wettelijke beperkingen.<\/p>\n<h2>4-FMPH effecten<\/h2>\n<p>De effecten van 4-Fluoromethylphenidate (4-FMPH) zijn gerelateerd aan stimulatie en energie, hoewel met belangrijke voorzichtigheid benaderd moeten worden. In matige doses wordt 4-FMPH vaak ervaren als energiek en stimulerend, wat de algemene productiviteit kan bevorderen. Gebruikers melden verbeterde alertheid en focus, en het kan de motivatie verhogen. Bij hogere doseringen kan het leiden tot fysieke activiteiten zoals dansen, socialiseren, rennen of schoonmaken. Het stimulerende effect wordt echter als \u2018geforceerd\u2019 ervaren en kan onwillekeurige bewegingen, trillingen en schudden van het hele lichaam veroorzaken, wat resulteert in een gebrek aan motorische controle.<\/p>\n<p>Let op! 4-FMPH kan ook leiden tot bijwerkingen zoals dehydratatie, verhoogde hartslag, abnormale hartslag, zweten, tandenknarsen en vasoconstrictie. Sommige gebruikers melden een toename van seksueel verlangen bij hogere doses, hoewel dit minder intens is dan bij sommige andere stimulerende middelen. Het is echter van cruciaal belang op te merken dat het gebruik van 4-FMPH bij het uitvoeren van jouw onderzoek gepaard kan gaan met ernstige bijwerkingen en risico\u2019s. Daarom moet men uiterst voorzichtig zijn en verantwoordelijke gebruikspraktijken volgen.<\/p>\n<h2>Command\u00e9 avant 18h00 = livr\u00e9 demain !<\/h2>\n<p><strong>Command\u00e9 avant 18h00 = livr\u00e9 demain ! <\/strong>Votre commande sera exp\u00e9di\u00e9e de mani\u00e8re anonyme et discr\u00e8te par notre service de messagerie habituel. En outre, vous pouvez payer facilement et rapidement avec iDEAL, Bancontact ou Crypto. Commandez sur le site ou contactez-nous par chat. Si vous avez des questions et\/ou des commentaires, vous pouvez toujours nous appeler, nous envoyer un courriel ou nous t\u00e9l\u00e9phoner. Pour les commandes en grandes quantit\u00e9s, veuillez envoyer un e-mail \u00e0 info@dutchchemlabs.com. Nous nous r\u00e9jouissons de recevoir votre commande !<\/p>\n<h2>Nous fournissons \u00e9galement de grandes quantit\u00e9s<\/h2>\n<p>Wil je graag 4-FMPH pellets bestellen in grotere hoeveelheden? Neem dan via de chat contact met ons op. dutchchemlabs.com bied scherpe tarieven voor grotere hoeveelheden. Wacht niet langer en neem vandaag nog contact op.<\/p>\n<div id=\"ConnectiveDocSignExtentionInstalled\" data-extension-version=\"1.0.4\"><\/div>","protected":false},"excerpt":{"rendered":"<ul>\n<li><strong>Exp\u00e9dition discr\u00e8te et anonyme<\/strong><\/li>\n<li><strong>Command\u00e9 avant 18h00 = livr\u00e9 demain !<\/strong><\/li>\n<li><strong>Livraison gratuite \u00e0 partir de 50 euros<\/strong><\/li>\n<\/ul>\n<div id=\"ConnectiveDocSignExtentionInstalled\" data-extension-version=\"1.0.4\"><\/div>","protected":false},"featured_media":8769,"comment_status":"open","ping_status":"closed","template":"","meta":[],"product_brand":[],"product_cat":[326,573,187],"product_tag":[],"class_list":{"0":"post-7655","1":"product","2":"type-product","3":"status-publish","4":"has-post-thumbnail","6":"product_cat-4fmph","7":"product_cat-pellets","8":"product_cat-populair","10":"first","11":"instock","12":"taxable","13":"shipping-taxable","14":"purchasable","15":"product-type-variable"},"jetpack_sharing_enabled":true,"_links":{"self":[{"href":"https:\/\/dutchchemlabs.com\/fr\/wp-json\/wp\/v2\/product\/7655","targetHints":{"allow":["GET"]}}],"collection":[{"href":"https:\/\/dutchchemlabs.com\/fr\/wp-json\/wp\/v2\/product"}],"about":[{"href":"https:\/\/dutchchemlabs.com\/fr\/wp-json\/wp\/v2\/types\/product"}],"replies":[{"embeddable":true,"href":"https:\/\/dutchchemlabs.com\/fr\/wp-json\/wp\/v2\/comments?post=7655"}],"version-history":[{"count":2,"href":"https:\/\/dutchchemlabs.com\/fr\/wp-json\/wp\/v2\/product\/7655\/revisions"}],"predecessor-version":[{"id":8771,"href":"https:\/\/dutchchemlabs.com\/fr\/wp-json\/wp\/v2\/product\/7655\/revisions\/8771"}],"wp:featuredmedia":[{"embeddable":true,"href":"https:\/\/dutchchemlabs.com\/fr\/wp-json\/wp\/v2\/media\/8769"}],"wp:attachment":[{"href":"https:\/\/dutchchemlabs.com\/fr\/wp-json\/wp\/v2\/media?parent=7655"}],"wp:term":[{"taxonomy":"product_brand","embeddable":true,"href":"https:\/\/dutchchemlabs.com\/fr\/wp-json\/wp\/v2\/product_brand?post=7655"},{"taxonomy":"product_cat","embeddable":true,"href":"https:\/\/dutchchemlabs.com\/fr\/wp-json\/wp\/v2\/product_cat?post=7655"},{"taxonomy":"product_tag","embeddable":true,"href":"https:\/\/dutchchemlabs.com\/fr\/wp-json\/wp\/v2\/product_tag?post=7655"}],"curies":[{"name":"wp","href":"https:\/\/api.w.org\/{rel}","templated":true}]}}