{"id":7710,"date":"2025-09-20T19:28:44","date_gmt":"2025-09-20T19:28:44","guid":{"rendered":"https:\/\/dutchchemlabs.com\/?post_type=product&#038;p=7710"},"modified":"2025-11-08T07:39:03","modified_gmt":"2025-11-08T07:39:03","slug":"yellow-3fpm-liquid-5ml","status":"publish","type":"product","link":"https:\/\/dutchchemlabs.com\/fr\/product\/yellow-3fpm-liquid-5ml\/","title":{"rendered":"Yellow &#8211; 3FPM Liquid 5ml"},"content":{"rendered":"<p><strong>Yellow &#8211; 3FPM Liquid Kopen. Nu tijdelijk tegen een geweldige actie prijs! Bestel vandaag nog de allerhoogste kwaliteit Liquid Research Chemicals bij dutchchemlabs.com. <em>Voor 18:00 besteld is morgen al in huis!<\/em> Wij doen er alles aan om onze producten zo snel mogelijk bij jou te krijgen. Daarnaast kan je gemakkelijk en veilig betalen met iDeal. Yellow &#8211; 3FPM Liquid kopen doe je bij dutchchemlabs.com, de snelste, beste en goedkoopste! Daarnaast meerdere soorten<a href=\"https:\/\/dutchchemlabs.com\/product-categorie\/research-chemicals\/\"> Recherche de produits chimiques<\/a> \u00e0.<\/strong><\/p>\n<h2>3FPM, wat is dat?<\/h2>\n<p>3FPM, wordt ook wel 3F-Phenmetrazine genoemd. 3FPM is een stimulerende stof. Het verhoogt de serotonine, norepinefrine en dopamine niveaus. dutchchemlabs.com is niet verantwoordelijk voor het onjuist gebruik van deze Research Chemical die niet voor menselijke consumptie geschikt is. 3FPM bewaar je op een donkere, koele en droge plek. Ook dient 3FPM ten aller tijden buiten het bereik van kinderen en huisdieren gehouden te worden.<\/p>\n<h2>Yellow &#8211; 3FPM Liquid voor 18:00 besteld = morgen in huis!<\/h2>\n<p><strong>Command\u00e9 avant 18h00 = livr\u00e9 demain !\u00a0<\/strong>Votre commande sera exp\u00e9di\u00e9e de mani\u00e8re anonyme et discr\u00e8te par notre partenaire habituel, PostNL. En outre, vous pouvez payer facilement et rapidement avec iDeal ou Bancontact. Commandez via le site ou contactez-nous par chat. Si vous avez des questions et\/ou des commentaires, vous pouvez toujours nous appeler, nous envoyer un courriel ou nous t\u00e9l\u00e9phoner. Pour les commandes en grandes quantit\u00e9s, veuillez envoyer un e-mail \u00e0 info@dutchchemlabs.com. Nous nous r\u00e9jouissons de recevoir votre commande !<\/p>\n<h2>Grandes quantit\u00e9s<\/h2>\n<p>Wil je graag bestellen in grote hoeveelheden? Neem dan via WhatsApp contact op met <a href=\"https:\/\/api.whatsapp.com\/send?phone=31633906556&amp;text=Hallo%F0%9F%91%8B,%20Ik%20wil%20graag%20in%20grote%20hoeveelheden%20kopen%20en%20profiteren%20van%20korting!\" target=\"_blank\" rel=\"noopener\">06 \u2013 33 90 65 56<\/a>. dutchchemlabs.com bied scherpe tarieven voor grotere hoeveelheden. Wacht niet langer en neem vandaag nog contact op.\u00a0<a href=\"https:\/\/api.whatsapp.com\/send?phone=31633906556&amp;text=Hallo%F0%9F%91%8B,%20Ik%20wil%20graag%20in%20grote%20hoeveelheden%20kopen%20en%20profiteren%20van%20korting!\" target=\"_blank\" rel=\"noopener\">Cliquez ici pour nous contacter directement.<\/a><\/p>","protected":false},"excerpt":{"rendered":"<ul>\n<li><strong>Exp\u00e9dition discr\u00e8te et anonyme<\/strong><\/li>\n<li><strong>Command\u00e9 avant 18h00 = livr\u00e9 demain !<\/strong><\/li>\n<li><strong>Livraison gratuite \u00e0 partir de 50 euros<\/strong><\/li>\n<\/ul>","protected":false},"featured_media":7741,"comment_status":"open","ping_status":"closed","template":"","meta":[],"product_brand":[],"product_cat":[345],"product_tag":[],"class_list":{"0":"post-7710","1":"product","2":"type-product","3":"status-publish","4":"has-post-thumbnail","6":"product_cat-liquids","8":"first","9":"instock","10":"taxable","11":"shipping-taxable","12":"purchasable","13":"product-type-simple"},"jetpack_sharing_enabled":true,"_links":{"self":[{"href":"https:\/\/dutchchemlabs.com\/fr\/wp-json\/wp\/v2\/product\/7710","targetHints":{"allow":["GET"]}}],"collection":[{"href":"https:\/\/dutchchemlabs.com\/fr\/wp-json\/wp\/v2\/product"}],"about":[{"href":"https:\/\/dutchchemlabs.com\/fr\/wp-json\/wp\/v2\/types\/product"}],"replies":[{"embeddable":true,"href":"https:\/\/dutchchemlabs.com\/fr\/wp-json\/wp\/v2\/comments?post=7710"}],"version-history":[{"count":1,"href":"https:\/\/dutchchemlabs.com\/fr\/wp-json\/wp\/v2\/product\/7710\/revisions"}],"predecessor-version":[{"id":7742,"href":"https:\/\/dutchchemlabs.com\/fr\/wp-json\/wp\/v2\/product\/7710\/revisions\/7742"}],"wp:featuredmedia":[{"embeddable":true,"href":"https:\/\/dutchchemlabs.com\/fr\/wp-json\/wp\/v2\/media\/7741"}],"wp:attachment":[{"href":"https:\/\/dutchchemlabs.com\/fr\/wp-json\/wp\/v2\/media?parent=7710"}],"wp:term":[{"taxonomy":"product_brand","embeddable":true,"href":"https:\/\/dutchchemlabs.com\/fr\/wp-json\/wp\/v2\/product_brand?post=7710"},{"taxonomy":"product_cat","embeddable":true,"href":"https:\/\/dutchchemlabs.com\/fr\/wp-json\/wp\/v2\/product_cat?post=7710"},{"taxonomy":"product_tag","embeddable":true,"href":"https:\/\/dutchchemlabs.com\/fr\/wp-json\/wp\/v2\/product_tag?post=7710"}],"curies":[{"name":"wp","href":"https:\/\/api.w.org\/{rel}","templated":true}]}}