{"id":7797,"date":"2025-09-20T19:28:56","date_gmt":"2025-09-20T19:28:56","guid":{"rendered":"https:\/\/dutchchemlabs.com\/?post_type=product&#038;p=7797"},"modified":"2025-11-08T07:39:03","modified_gmt":"2025-11-08T07:39:03","slug":"eutylone-kristallen-ed-db-verboden-nooit-meer-leverbaar","status":"publish","type":"product","link":"https:\/\/dutchchemlabs.com\/fr\/product\/eutylone-kristallen-ed-db-verboden-nooit-meer-leverbaar\/","title":{"rendered":"Eutylone Crystals (ED-DB) (Interdit, plus jamais disponible)"},"content":{"rendered":"<p><strong>Eutylone (ED-DB) kopen? Eutylone (ED-DB) is een synthetisch cathinon dat behoort tot de \u03b2-keto-familie van verbindingen, en heeft stimulerende en empathogene effecten, vergelijkbaar met MDMA.<br \/>\n<\/strong><\/p>\n<p>Bestel vandaag nog de allerhoogste kwaliteit Eutylone Kristallen bij dutchchemlabs.com. Eutylone is een stof die valt onder de groep cathinonen. Eutylone is een Research Chemical en is niet voor menselijke consumptie geschikt. Voor 18:00 besteld is morgen al in huis! Je kunt bij ons gemakkelijk en veilig betalen met iDEAL, zoals je gewend bent. Eutylone Kristallen kopen doe je bij dutchchemlabs.com, de snelste, beste en goedkoopste Research Chemicals specialist van Nederland! Daarnaast bieden we ook andere <a href=\"https:\/\/dutchchemlabs.com\/product-categorie\/research-chemicals\/\"> Recherche de produits chimiques<\/a> \u00e0.<\/p>\n<p>Voulez-vous aussi acheter 3CMC ? Chez dutchchemlabs.com, nous vendons \u00e9galement <a href=\"https:\/\/dutchchemlabs.com\/product\/3cmc-kopen\/\">Poudre de 3CMC<\/a>, <a href=\"https:\/\/dutchchemlabs.com\/product\/3cmc-kopen-kristallen\/\">Cristaux de 3CMC<\/a> et <a href=\"https:\/\/dutchchemlabs.com\/product\/3cmc-kopen-capsules\/\">Capsules de 3CMC<\/a>.<\/p>\n<h2>Eutylone effecten<\/h2>\n<p>Binnen de online gemeenschap delen gebruikers online hun ervaringen met Eutylone, ook bekend als ED-DB, waarbij ze wijzen op enkele verleidelijke positieve effecten. Sommige rapporten beschrijven een kortstondige toename van energie en alertheid, evenals een gevoel van euforie en verhoogde sociale interactie. Enkele gebruikers hebben melding gemaakt van een tijdelijke verbetering van de stemming en het gevoel van welzijn, wat hen mogelijk aantrekt tot deze stof.<\/p>\n<p>Let op! Hoewel deze positieve ervaringen worden gedeeld, is het cruciaal om te benadrukken dat ze een vertekend beeld kunnen geven van de werkelijke risico\u2019s en bijwerkingen van Eutylone. De schijnbaar gunstige effecten kunnen overschaduwd worden door onvoorspelbare reacties, gezondheidsgevaren en mogelijke negatieve consequenties op de lange termijn. Gezien het gebrek aan wetenschappelijk onderzoek en betrouwbare informatie, is het van het grootste belang om voorzichtig te zijn bij het gebruik van deze stof in jouw onderzoek, aangezien de ware aard en impact ervan nog steeds grotendeels onbekend zijn.<\/p>\n<p>Bij ons kun je natuurlijk ook <a href=\"https:\/\/dutchchemlabs.com\/product-categorie\/research-chemicals\/3cmc-kopen\/\">3CMC bestellen,<\/a><\/p>\n<h2>Voor 18:00 besteld, morgen in huis!<\/h2>\n<p><strong>Command\u00e9 avant 18h00 = livr\u00e9 demain ! <\/strong>Votre commande sera exp\u00e9di\u00e9e de mani\u00e8re anonyme et discr\u00e8te par notre partenaire habituel, PostNL. En outre, vous pouvez payer facilement et rapidement avec iDEAL ou Bancontact. Commandez via le site ou contactez-nous par chat. Si vous avez des questions et\/ou des commentaires, vous pouvez toujours nous appeler, nous envoyer un courriel ou nous t\u00e9l\u00e9phoner. Pour les commandes en grandes quantit\u00e9s, veuillez envoyer un e-mail \u00e0 info@dutchchemlabs.com. Nous nous r\u00e9jouissons de recevoir votre commande !<\/p>\n<h2>Nous fournissons \u00e9galement de grandes quantit\u00e9s<\/h2>\n<p>Wil je 3CMC kopen of Eutylone bestellen in grote hoeveelheden? Bestel vandaag nog de allerhoogste kwaliteit Eutylone bij dutchchemlabs.com. Eutylone is een Research Chemical en is niet voor menselijke consumptie geschikt. ED-DB wordt gezien als een van de vervangers van 3-MMC. Bij dutchchemlabs.com kun je ED-DB bestellen in de vorm van <a href=\"https:\/\/dutchchemlabs.com\/product\/eutylone-kristallen-kopen\/\">Eutylone Kristallen,<\/a> maar je kunt ook een Cathinonen Combi Pack kopen met daarin <a href=\"https:\/\/dutchchemlabs.com\/product-categorie\/research-chemicals\/cathinonen\/3cmc-kopen\/\">3CMC Poeder,<\/a> <a href=\"https:\/\/dutchchemlabs.com\/product\/2mmc-poeder-kopen-3mmc-vervanger\/\">2MMC Poudre<\/a>, Eutylone Kristallen en <a href=\"https:\/\/dutchchemlabs.com\/product\/a-pihp-kristalbrokken-kopen\/\">PiHP Kristalbrokken<\/a>.<\/p>\n<div id=\"ConnectiveDocSignExtentionInstalled\" data-extension-version=\"1.0.4\"><\/div>","protected":false},"excerpt":{"rendered":"<ul>\n<li><strong>Exp\u00e9dition discr\u00e8te et anonyme<\/strong><\/li>\n<li><strong>Command\u00e9 avant 18h00 = livr\u00e9 demain !<\/strong><\/li>\n<li><strong>Livraison gratuite \u00e0 partir de 50 euros<\/strong><\/li>\n<\/ul>\n<div id=\"ConnectiveDocSignExtentionInstalled\" data-extension-version=\"1.0.4\"><\/div>","protected":false},"featured_media":8974,"comment_status":"open","ping_status":"closed","template":"","meta":[],"product_brand":[],"product_cat":[102,346],"product_tag":[],"class_list":{"0":"post-7797","1":"product","2":"type-product","3":"status-publish","4":"has-post-thumbnail","6":"product_cat-cathinonen","7":"product_cat-eutylone-ed-db","9":"first","10":"instock","11":"taxable","12":"shipping-taxable","13":"purchasable","14":"product-type-variable"},"jetpack_sharing_enabled":true,"_links":{"self":[{"href":"https:\/\/dutchchemlabs.com\/fr\/wp-json\/wp\/v2\/product\/7797","targetHints":{"allow":["GET"]}}],"collection":[{"href":"https:\/\/dutchchemlabs.com\/fr\/wp-json\/wp\/v2\/product"}],"about":[{"href":"https:\/\/dutchchemlabs.com\/fr\/wp-json\/wp\/v2\/types\/product"}],"replies":[{"embeddable":true,"href":"https:\/\/dutchchemlabs.com\/fr\/wp-json\/wp\/v2\/comments?post=7797"}],"version-history":[{"count":2,"href":"https:\/\/dutchchemlabs.com\/fr\/wp-json\/wp\/v2\/product\/7797\/revisions"}],"predecessor-version":[{"id":8975,"href":"https:\/\/dutchchemlabs.com\/fr\/wp-json\/wp\/v2\/product\/7797\/revisions\/8975"}],"wp:featuredmedia":[{"embeddable":true,"href":"https:\/\/dutchchemlabs.com\/fr\/wp-json\/wp\/v2\/media\/8974"}],"wp:attachment":[{"href":"https:\/\/dutchchemlabs.com\/fr\/wp-json\/wp\/v2\/media?parent=7797"}],"wp:term":[{"taxonomy":"product_brand","embeddable":true,"href":"https:\/\/dutchchemlabs.com\/fr\/wp-json\/wp\/v2\/product_brand?post=7797"},{"taxonomy":"product_cat","embeddable":true,"href":"https:\/\/dutchchemlabs.com\/fr\/wp-json\/wp\/v2\/product_cat?post=7797"},{"taxonomy":"product_tag","embeddable":true,"href":"https:\/\/dutchchemlabs.com\/fr\/wp-json\/wp\/v2\/product_tag?post=7797"}],"curies":[{"name":"wp","href":"https:\/\/api.w.org\/{rel}","templated":true}]}}