{"id":7857,"date":"2025-09-20T19:29:05","date_gmt":"2025-09-20T19:29:05","guid":{"rendered":"https:\/\/dutchchemlabs.com\/?post_type=product&#038;p=7857"},"modified":"2025-11-08T07:39:02","modified_gmt":"2025-11-08T07:39:02","slug":"benzo-combi-pack","status":"publish","type":"product","link":"https:\/\/dutchchemlabs.com\/fr\/product\/benzo-combi-pack\/","title":{"rendered":"Benzo Combi Pack"},"content":{"rendered":"<p><strong>Benzo Combi Pack kopen? Weet jij niet welke Benzo\u2019s het beste bij jou passen? Bestel dan vandaag nog het Benzo Combi Pack. In de combi pack vind je 5 verschillende benzodiazepinen terug.<br \/>\n<\/strong><\/p>\n<p>Benzodiazepinen zijn zijn een Research Chemical en is niet voor menselijke consumptie geschikt. Voor 18:00 besteld is morgen al in huis! Je kan bij ons gemakkelijk en veilig betalen met iDEAL, zoals je gewend bent. Benzodiazepinen kopen doe je bij dutchchemlabs.com, de snelste, beste en goedkoopste Research Chemicals specialist van Nederland! Daarnaast bieden wij ook andere <a href=\"https:\/\/dutchchemlabs.com\/product-categorie\/research-chemicals\/\"> Recherche de produits chimiques<\/a> \u00e0.<\/p>\n<h2>Benzo Combi Pack,\u00a0wat zit er in?<\/h2>\n<h4>Benzo Combi Pack Small:<\/h4>\n<ul>\n<li>5x Pyrazolam Pellets 3mg<\/li>\n<li>5x Norflurazepam Pellets 5mg<\/li>\n<li>5x Gidazepam Pellets 3mg<\/li>\n<li>5x Flubromazepam Pellets 8mg<\/li>\n<li>5x Bromazolam Pellets 3mg<\/li>\n<\/ul>\n<h4>Benzo Combi Pack Large:<\/h4>\n<ul>\n<li>10x Pyrazolam Pellets 3mg<\/li>\n<li>10x Norflurazepam Pellets 5mg<\/li>\n<li>10x Gidazepam Pellets 3mg<\/li>\n<li>10x Flubromazepam Pellets 8mg<\/li>\n<li>10x Bromazolam Pellets 3mg<\/li>\n<\/ul>\n<h2>Benzodiazepinen kopen<\/h2>\n<p>Het Benzo Combi Pack is een geweldige oplossing voor mensen die verschillende soorten Benzodiazepinen willen ontdekken. Dit pakket bevat een verscheidenheid aan verschillende benzodiazepines, zo kun je er meerdere proberen om degene te vinden die het beste bij je past. Met de Benzo Combi Pack vind je de benzodiazepine die het beste bij je past, zonder dat je verschillende pakketten hoeft te bestellen.<\/p>\n<h2>Command\u00e9 avant 18h00 = livr\u00e9 demain !<\/h2>\n<p><strong>Command\u00e9 avant 18h00 = livr\u00e9 demain ! <\/strong>Votre commande sera exp\u00e9di\u00e9e de mani\u00e8re anonyme et discr\u00e8te. En outre, vous pouvez payer facilement et rapidement avec iDEAL ou Bancontact. Commandez via le site ou contactez-nous par chat. Si vous avez des questions et\/ou des commentaires, vous pouvez toujours nous appeler, nous envoyer un courriel ou nous t\u00e9l\u00e9phoner. Pour les commandes en grandes quantit\u00e9s, veuillez envoyer un e-mail \u00e0 info@dutchchemlabs.com. Nous attendons votre commande avec impatience ! Nos benzodiaz\u00e9pines sont test\u00e9es en laboratoire et sont pures \u00e0 100%.<\/p>\n<h2>Nous fournissons \u00e9galement de grandes quantit\u00e9s<\/h2>\n<p>Wil je graag benzodiazepinen bestellen in grotere hoeveelheden? Neem dan via de chat contact met ons op. dutchchemlabs.com bied scherpe tarieven voor grotere hoeveelheden.Neem dan via de chat contact met ons op. dutchchemlabs.com bied scherpe tarieven voor grotere hoeveelheden. Wacht niet langer en neem vandaag nog contact op.<\/p>\n<div id=\"ConnectiveDocSignExtentionInstalled\" data-extension-version=\"1.0.4\"><\/div>","protected":false},"excerpt":{"rendered":"<ul>\n<li><strong>Exp\u00e9dition discr\u00e8te et anonyme<\/strong><\/li>\n<li><strong>Command\u00e9 avant 18h00 = livr\u00e9 demain !<\/strong><\/li>\n<li><strong>Livraison gratuite \u00e0 partir de 50 euros<\/strong><\/li>\n<\/ul>\n<div id=\"ConnectiveDocSignExtentionInstalled\" data-extension-version=\"1.0.4\"><\/div>","protected":false},"featured_media":8794,"comment_status":"open","ping_status":"closed","template":"","meta":[],"product_brand":[],"product_cat":[323,354,190,355,356,357,189,573,187,358,84],"product_tag":[],"class_list":{"0":"post-7857","1":"product","2":"type-product","3":"status-publish","4":"has-post-thumbnail","6":"product_cat-benzodiazepinen","7":"product_cat-bromazolam","8":"product_cat-combi-packs","9":"product_cat-flubromazepam","10":"product_cat-gidazepam","11":"product_cat-norflurazepam","12":"product_cat-overig","13":"product_cat-pellets","14":"product_cat-populair","15":"product_cat-pyrazolam","16":"product_cat-sale","18":"first","19":"instock","20":"sale","21":"taxable","22":"shipping-taxable","23":"purchasable","24":"product-type-variable"},"jetpack_sharing_enabled":true,"_links":{"self":[{"href":"https:\/\/dutchchemlabs.com\/fr\/wp-json\/wp\/v2\/product\/7857","targetHints":{"allow":["GET"]}}],"collection":[{"href":"https:\/\/dutchchemlabs.com\/fr\/wp-json\/wp\/v2\/product"}],"about":[{"href":"https:\/\/dutchchemlabs.com\/fr\/wp-json\/wp\/v2\/types\/product"}],"replies":[{"embeddable":true,"href":"https:\/\/dutchchemlabs.com\/fr\/wp-json\/wp\/v2\/comments?post=7857"}],"version-history":[{"count":2,"href":"https:\/\/dutchchemlabs.com\/fr\/wp-json\/wp\/v2\/product\/7857\/revisions"}],"predecessor-version":[{"id":8795,"href":"https:\/\/dutchchemlabs.com\/fr\/wp-json\/wp\/v2\/product\/7857\/revisions\/8795"}],"wp:featuredmedia":[{"embeddable":true,"href":"https:\/\/dutchchemlabs.com\/fr\/wp-json\/wp\/v2\/media\/8794"}],"wp:attachment":[{"href":"https:\/\/dutchchemlabs.com\/fr\/wp-json\/wp\/v2\/media?parent=7857"}],"wp:term":[{"taxonomy":"product_brand","embeddable":true,"href":"https:\/\/dutchchemlabs.com\/fr\/wp-json\/wp\/v2\/product_brand?post=7857"},{"taxonomy":"product_cat","embeddable":true,"href":"https:\/\/dutchchemlabs.com\/fr\/wp-json\/wp\/v2\/product_cat?post=7857"},{"taxonomy":"product_tag","embeddable":true,"href":"https:\/\/dutchchemlabs.com\/fr\/wp-json\/wp\/v2\/product_tag?post=7857"}],"curies":[{"name":"wp","href":"https:\/\/api.w.org\/{rel}","templated":true}]}}