{"id":8012,"date":"2025-09-20T19:29:45","date_gmt":"2025-09-20T19:29:45","guid":{"rendered":"https:\/\/dutchchemlabs.com\/?post_type=product&#038;p=8012"},"modified":"2025-11-08T07:39:02","modified_gmt":"2025-11-08T07:39:02","slug":"2mmc-capsules","status":"publish","type":"product","link":"https:\/\/dutchchemlabs.com\/fr\/product\/2mmc-capsules\/","title":{"rendered":"Capsules 2MMC"},"content":{"rendered":"<h1>2MMC capsules kopen<\/h1>\n<p>2MMC kopen doe je bij dutchchemlabs.com. Ben je op zoek naar een research chemical met stimulerende effecten? Ontdek dan nu onze hoogwaardige 2MMC capsules, verkrijgbaar bij dutchchemlabs.com! Deze capsules zijn ideaal voor mensen die op zoek zijn naar stimulerende middelen vanwege de opwekkende effecten. Daarnaast bieden we ook <a href=\"https:\/\/dutchchemlabs.com\/product\/2mmc-poeder-kopen-3mmc-vervanger\/\">Poudre 2MMC<\/a>, <a href=\"https:\/\/dutchchemlabs.com\/product\/2mmc-kristallen-kopen-3mmc-vervanger\/\">2 cristaux MMC<\/a> et <a href=\"https:\/\/dutchchemlabs.com\/product\/2mmc-pellets-220mg\/\">Pastilles de 2MMC<\/a> aan. Wij bieden ook\u00a0<a href=\"https:\/\/dutchchemlabs.com\/product-categorie\/research-chemicals\/cathinonen\/pentedrone-nep\/\" data-cke-saved-href=\"https:\/\/dutchchemlabs.com\/product-categorie\/research-chemicals\/cathinonen\/pentedrone-nep\/\">Pentedrone (NEP)<\/a>,\u00a0<a href=\"https:\/\/dutchchemlabs.com\/product-categorie\/research-chemicals\/cathinonen\/3fmc\/\" data-cke-saved-href=\"https:\/\/dutchchemlabs.com\/product-categorie\/research-chemicals\/cathinonen\/3fmc\/\">3FMC<\/a> et d'autres produits chimiques de recherche.<\/p>\n<h2>Qu'est-ce que le 2MMC ?<\/h2>\n<p>La recherche scientifique sur la 2-m\u00e9thylm\u00e9thcathinone (2MMC) se concentre sur ses effets physiques et cognitifs. Sur le plan physiologique, la 2MMC pr\u00e9sente des propri\u00e9t\u00e9s stimulantes, telles que l'acc\u00e9l\u00e9ration du rythme cardiaque et la dilatation des pupilles, ce qui indique une augmentation de l'activit\u00e9 du syst\u00e8me nerveux sympathique, typique de certains compos\u00e9s psychoactifs. Sur le plan cognitif, le 2MMC induit un \u00e9tat d'euphorie, probablement d\u00fb \u00e0 une lib\u00e9ration accrue de neurotransmetteurs dans les centres de r\u00e9compense et de plaisir du cerveau. Elle montre \u00e9galement qu'elle peut am\u00e9liorer les capacit\u00e9s d'analyse et induire un \u00e9tat d'\u00e9veil, effets qui proviennent de son interaction avec diff\u00e9rents syst\u00e8mes de neurotransmetteurs. Ces r\u00e9sultats sont importants pour comprendre l'action du 2MMC dans des conditions de laboratoire et offrent un aper\u00e7u des applications pharmacologiques potentielles. Cette \u00e9tude met en \u00e9vidence la complexit\u00e9 et la polyvalence du 2MMC, ce qui en fait un objet de recherche int\u00e9ressant pour le d\u00e9veloppement de nouvelles strat\u00e9gies th\u00e9rapeutiques.<\/p>\n<h2>2Effets de la MMC<\/h2>\n<p>La 2MMC, ou 2-m\u00e9thylm\u00e9thcathinone, est un stimulant synth\u00e9tique chimiquement similaire aux cathinones, telles que la m\u00e9ph\u00e9drone. L'utilisation de la 2MMC dans le cadre de votre recherche peut entra\u00eener toute une s\u00e9rie d'effets, tant physiques que mentaux. Les sujets test\u00e9s font souvent \u00e9tat d'un regain d'\u00e9nergie, d'euphorie et d'un sentiment accru de vigilance et de concentration. Ces effets s'accompagnent parfois d'une acc\u00e9l\u00e9ration du rythme cardiaque, d'une transpiration et d'une s\u00e9cheresse de la bouche. Sur le plan mental, des sentiments de confiance en soi et d'appartenance sociale peuvent se manifester. Toutefois, la consommation de 2MMC peut \u00e9galement avoir des effets n\u00e9gatifs, tels que l'anxi\u00e9t\u00e9, la parano\u00efa, l'agitation et, dans certains cas, un effondrement apr\u00e8s la consommation, avec fatigue et morosit\u00e9. Comme il s'agit d'une substance relativement nouvelle et peu \u00e9tudi\u00e9e, ses effets \u00e0 long terme et les risques qu'elle pr\u00e9sente pour la s\u00e9curit\u00e9 sont encore largement inconnus.<\/p>\n<h2>Command\u00e9 avant 18h00 = livr\u00e9 demain !<\/h2>\n<p><strong>Command\u00e9 avant 18h00 = livr\u00e9 demain ! <\/strong>Je bestelling wordt anoniem en discreet verzonden met onze vaste partner, PostNL. Daarnaast kun je gemakkelijk en snel betalen met iDEAL of Bancontact. Bestel via de site of neem contact met ons op via de chat. Ook voor vragen en\/of opmerkingen kun je ons altijd bellen, appen of mailen. Voor bestellingen in grotere hoeveelheden kun je een mail sturen naar info@dutchchemlabs.com. We zien graag je bestelling tegemoet! Je kunt bij dutchchemlabs.com 3CMC kopen, onze meest populaire research chemical.<\/p>\n<h2>Nous fournissons \u00e9galement de grandes quantit\u00e9s<\/h2>\n<p>Wil je graag 2MMC Capsules bestellen in grotere hoeveelheden? Neem dan via de chat contact met ons op. dutchchemlabs.com bied scherpe tarieven voor grotere hoeveelheden. Wacht niet langer en neem vandaag nog contact op.<\/p>\n<div id=\"ConnectiveDocSignExtentionInstalled\" data-extension-version=\"1.0.4\"><\/div>","protected":false},"excerpt":{"rendered":"<ul>\n<li><strong>Exp\u00e9dition discr\u00e8te et anonyme<\/strong><\/li>\n<li><strong>Command\u00e9 avant 18h00 = livr\u00e9 demain !<\/strong><\/li>\n<li><strong>Livraison gratuite \u00e0 partir de 50 euros<\/strong><\/li>\n<\/ul>\n<div id=\"ConnectiveDocSignExtentionInstalled\" data-extension-version=\"1.0.4\"><\/div>","protected":false},"featured_media":8745,"comment_status":"open","ping_status":"closed","template":"","meta":[],"product_brand":[],"product_cat":[320,102,187],"product_tag":[],"class_list":{"0":"post-8012","1":"product","2":"type-product","3":"status-publish","4":"has-post-thumbnail","6":"product_cat-2mmc","7":"product_cat-cathinonen","8":"product_cat-populair","10":"first","11":"instock","12":"taxable","13":"shipping-taxable","14":"purchasable","15":"product-type-variable"},"jetpack_sharing_enabled":true,"_links":{"self":[{"href":"https:\/\/dutchchemlabs.com\/fr\/wp-json\/wp\/v2\/product\/8012","targetHints":{"allow":["GET"]}}],"collection":[{"href":"https:\/\/dutchchemlabs.com\/fr\/wp-json\/wp\/v2\/product"}],"about":[{"href":"https:\/\/dutchchemlabs.com\/fr\/wp-json\/wp\/v2\/types\/product"}],"replies":[{"embeddable":true,"href":"https:\/\/dutchchemlabs.com\/fr\/wp-json\/wp\/v2\/comments?post=8012"}],"version-history":[{"count":2,"href":"https:\/\/dutchchemlabs.com\/fr\/wp-json\/wp\/v2\/product\/8012\/revisions"}],"predecessor-version":[{"id":8746,"href":"https:\/\/dutchchemlabs.com\/fr\/wp-json\/wp\/v2\/product\/8012\/revisions\/8746"}],"wp:featuredmedia":[{"embeddable":true,"href":"https:\/\/dutchchemlabs.com\/fr\/wp-json\/wp\/v2\/media\/8745"}],"wp:attachment":[{"href":"https:\/\/dutchchemlabs.com\/fr\/wp-json\/wp\/v2\/media?parent=8012"}],"wp:term":[{"taxonomy":"product_brand","embeddable":true,"href":"https:\/\/dutchchemlabs.com\/fr\/wp-json\/wp\/v2\/product_brand?post=8012"},{"taxonomy":"product_cat","embeddable":true,"href":"https:\/\/dutchchemlabs.com\/fr\/wp-json\/wp\/v2\/product_cat?post=8012"},{"taxonomy":"product_tag","embeddable":true,"href":"https:\/\/dutchchemlabs.com\/fr\/wp-json\/wp\/v2\/product_tag?post=8012"}],"curies":[{"name":"wp","href":"https:\/\/api.w.org\/{rel}","templated":true}]}}