{"id":8291,"date":"2025-09-20T19:30:34","date_gmt":"2025-09-20T19:30:34","guid":{"rendered":"https:\/\/dutchchemlabs.com\/?post_type=product&#038;p=8291"},"modified":"2025-11-08T07:39:00","modified_gmt":"2025-11-08T07:39:00","slug":"4fma-capsules","status":"publish","type":"product","link":"https:\/\/dutchchemlabs.com\/fr\/product\/4fma-capsules\/","title":{"rendered":"4FMA Capsules"},"content":{"rendered":"<h1>Acheter des granul\u00e9s 4FMA<\/h1>\n<p>4-FMA is een onderzoekschemische stof en niet bedoeld voor menselijke consumptie. Je kunt 4FMA kopen bij dutchchemlabs.com. Als je v\u00f3\u00f3r 18:00 uur bestelt, wordt het de volgende dag al geleverd! Bij ons kun je veilig en gemakkelijk betalen met iDEAL, CreditCard, bankoverschrijving en crypto, zoals je gewend bent. 4FMA bestellen doe je bij dutchchemlabs.com. Wij bieden ook <a href=\"https:\/\/dutchchemlabs.com\/product-categorie\/research-chemicals\/cathinonen\/2mmc-kopen\/\">2MMC<\/a>, <a href=\"https:\/\/dutchchemlabs.com\/product-categorie\/research-chemicals\/cathinonen\/pentedrone-nep\/\">Pentedrone (NEP)<\/a>,\u00a0<a href=\"https:\/\/dutchchemlabs.com\/product-categorie\/research-chemicals\/cathinonen\/3fmc\/\">3FMC<\/a> et d'autres produits chimiques de recherche.<\/p>\n<h2>4FMA effecten<\/h2>\n<p>De effecten van 4-FMA zijn onderwerp van discussie, maar er zijn enkele rapporten die suggereren dat het enkele aantrekkelijke eigenschappen heeft. In lage doses wordt 4-FMA beschreven als een no\u00f6tropisch middel dat de algemene productiviteit kan verbeteren. Sommige gebruikers melden een verhoogde motivatie, verbeterde focus en een zekere mate van empathie en sociabiliteit. De euforische golven die sporadisch optreden, kunnen als plezierig worden ervaren. Het biedt ook een zekere mate van fysieke euforie, die echter intenser kan zijn dan de fysieke stimulatie zelf.<\/p>\n<p>Let op! Desondanks is het van cruciaal belang om te benadrukken dat frequent gebruik van enig entactogeen, inclusief 4-FMA, als gevaarlijk wordt beschouwd. Het kan leiden tot neurotoxiciteit en andere schadelijke bijwerkingen. Bovendien kunnen bij hogere doseringen disfunctie en recreatieve effecten optreden. Het is essentieel om de mogelijke risico\u2019s in overweging te nemen en verantwoordelijkheid te tonen bij het uitvoeren van jouw onderzoek. Het misbruik ervan kan leiden tot verslaving, ernstige schade of zelfs de dood. Gebruik met mate en wees je bewust van de mogelijke gevaren.<\/p>\n<h2>Command\u00e9 avant 18h00 = livr\u00e9 demain !<\/h2>\n<p><strong>Command\u00e9 avant 18h00 = livr\u00e9 demain ! <\/strong>Votre commande sera exp\u00e9di\u00e9e de mani\u00e8re anonyme et discr\u00e8te par notre partenaire habituel, PostNL. En outre, vous pouvez payer facilement et rapidement avec iDEAL ou Bancontact. Commandez via le site ou contactez-nous par chat. Si vous avez des questions et\/ou des commentaires, vous pouvez toujours nous appeler, nous envoyer un courriel ou nous t\u00e9l\u00e9phoner. Pour les commandes en grandes quantit\u00e9s, veuillez envoyer un e-mail \u00e0 info@dutchchemlabs.com. Nous nous r\u00e9jouissons de recevoir votre commande !<\/p>\n<h2>Nous fournissons \u00e9galement de grandes quantit\u00e9s<\/h2>\n<p>Wil je graag 4FMA Capsules bestellen in grotere hoeveelheden? Neem dan via de chat contact met ons op. dutchchemlabs.com bied scherpe tarieven voor grotere hoeveelheden. Wacht niet langer en neem vandaag nog contact op.<\/p>\n<div id=\"ConnectiveDocSignExtentionInstalled\" data-extension-version=\"1.0.4\"><\/div>","protected":false},"excerpt":{"rendered":"<ul>\n<li><strong>Exp\u00e9dition discr\u00e8te et anonyme<\/strong><\/li>\n<li><strong>Command\u00e9 avant 18h00 = livr\u00e9 demain !<\/strong><\/li>\n<li><strong>Livraison gratuite \u00e0 partir de 50 euros<\/strong><\/li>\n<\/ul>\n<div id=\"ConnectiveDocSignExtentionInstalled\" data-extension-version=\"1.0.4\"><\/div>","protected":false},"featured_media":8711,"comment_status":"open","ping_status":"closed","template":"","meta":[],"product_brand":[],"product_cat":[137,89],"product_tag":[],"class_list":{"0":"post-8291","1":"product","2":"type-product","3":"status-publish","4":"has-post-thumbnail","6":"product_cat-4fma","7":"product_cat-gefluoreerden","9":"first","10":"instock","11":"sale","12":"taxable","13":"shipping-taxable","14":"purchasable","15":"product-type-variable"},"jetpack_sharing_enabled":true,"_links":{"self":[{"href":"https:\/\/dutchchemlabs.com\/fr\/wp-json\/wp\/v2\/product\/8291","targetHints":{"allow":["GET"]}}],"collection":[{"href":"https:\/\/dutchchemlabs.com\/fr\/wp-json\/wp\/v2\/product"}],"about":[{"href":"https:\/\/dutchchemlabs.com\/fr\/wp-json\/wp\/v2\/types\/product"}],"replies":[{"embeddable":true,"href":"https:\/\/dutchchemlabs.com\/fr\/wp-json\/wp\/v2\/comments?post=8291"}],"version-history":[{"count":2,"href":"https:\/\/dutchchemlabs.com\/fr\/wp-json\/wp\/v2\/product\/8291\/revisions"}],"predecessor-version":[{"id":8712,"href":"https:\/\/dutchchemlabs.com\/fr\/wp-json\/wp\/v2\/product\/8291\/revisions\/8712"}],"wp:featuredmedia":[{"embeddable":true,"href":"https:\/\/dutchchemlabs.com\/fr\/wp-json\/wp\/v2\/media\/8711"}],"wp:attachment":[{"href":"https:\/\/dutchchemlabs.com\/fr\/wp-json\/wp\/v2\/media?parent=8291"}],"wp:term":[{"taxonomy":"product_brand","embeddable":true,"href":"https:\/\/dutchchemlabs.com\/fr\/wp-json\/wp\/v2\/product_brand?post=8291"},{"taxonomy":"product_cat","embeddable":true,"href":"https:\/\/dutchchemlabs.com\/fr\/wp-json\/wp\/v2\/product_cat?post=8291"},{"taxonomy":"product_tag","embeddable":true,"href":"https:\/\/dutchchemlabs.com\/fr\/wp-json\/wp\/v2\/product_tag?post=8291"}],"curies":[{"name":"wp","href":"https:\/\/api.w.org\/{rel}","templated":true}]}}