{"id":8350,"date":"2025-09-20T19:30:45","date_gmt":"2025-09-20T19:30:45","guid":{"rendered":"https:\/\/dutchchemlabs.com\/?post_type=product&#038;p=8350"},"modified":"2025-11-08T07:39:00","modified_gmt":"2025-11-08T07:39:00","slug":"3mmc-poeder-kopen","status":"publish","type":"product","link":"https:\/\/dutchchemlabs.com\/fr\/product\/3mmc-poeder-kopen\/","title":{"rendered":"Acheter la poudre 3MMC"},"content":{"rendered":"<p><strong>3MMC Poeder kopen. Bestel de allerhoogste kwaliteit 3MMC poeder bij dutchchemlabs.com. <em>Voor 18:00 besteld is morgen al in huis!<\/em>\u00a0Wij doen er alles aan om onze producten zo snel mogelijk bij jou te krijgen. Zo kan je zo snel mogelijk beginnen aan jouw onderzoek. Daarnaast kan je gemakkelijk en veilig betalen met iDeal, zoals je gewend bent. 3MMC poeder kopen doe je bij dutchchemlabs.com, de snelste, beste en goedkoopste! Daarnaast bieden wij ook<a href=\"https:\/\/dutchchemlabs.com\/product\/3mmc-kristallen-morgen-in-huis\/\">\u00a03MMC kristallen<\/a>\u00a0aan, evenals\u00a0<a title=\"3MMC capsules\" href=\"https:\/\/dutchchemlabs.com\/product\/3mmc-capsules-morgen-in-huis\/\">3MMC capsules.<\/a><\/strong><\/p>\n<p><strong>\u00a0<\/strong><\/p>\n<h2>3MMC poeder kopen, wat is dat?<\/h2>\n<p>3MMC, ook wel miauw miauw genoemd, is op de markt gekomen als vervanger op het populaire 4MMC. 4MMC valt sinds een tijd onder de opiumwet en is daardoor dus illegaal. 3MMC nog niet en is daarom 100% veilig te bestellen bij dutchchemlabs.com.Door het opwekkende gevoel is het een populair middel om te gebruiken in het uitgaansleven. Gebruikers ervaren een vrolijk, euforisch en opgewekt gevoel. dutchchemlabs.com is niet verantwoordelijk voor het onjuist gebruik van deze Research Chemical die niet voor menselijke consumptie geschikt is. 3MMC bewaar je op een donkere, koele en droge plek. Ook dient 3MMC ten aller tijden buiten het bereik van kinderen en huisdieren gehouden te worden.<\/p>\n<p>&nbsp;<\/p>\n<h2>3MMC poeder kopen voor 18:00 besteld, morgen in huis!<\/h2>\n<p><strong>Command\u00e9 avant 18h00 = livr\u00e9 demain !\u00a0<\/strong>Votre commande sera exp\u00e9di\u00e9e de mani\u00e8re anonyme et discr\u00e8te par notre partenaire habituel, PostNL. En outre, vous pouvez payer facilement et rapidement avec iDeal ou Bancontact. Commandez via le site ou contactez-nous par chat. Si vous avez des questions et\/ou des commentaires, vous pouvez toujours nous appeler, nous envoyer un courriel ou nous t\u00e9l\u00e9phoner. Pour les commandes en grandes quantit\u00e9s, veuillez envoyer un e-mail \u00e0 info@dutchchemlabs.com. Nous nous r\u00e9jouissons de recevoir votre commande !<\/p>","protected":false},"excerpt":{"rendered":"<ul>\n<li><strong>Exp\u00e9dition discr\u00e8te et anonyme<\/strong><\/li>\n<li><strong>Command\u00e9 avant 18h00 = livr\u00e9 demain !<\/strong><\/li>\n<li><strong>Livraison gratuite \u00e0 partir de 50 euros<\/strong><\/li>\n<\/ul>","protected":false},"featured_media":8692,"comment_status":"open","ping_status":"closed","template":"","meta":[],"product_brand":[],"product_cat":[363],"product_tag":[],"class_list":{"0":"post-8350","1":"product","2":"type-product","3":"status-publish","4":"has-post-thumbnail","6":"product_cat-3mmc-kopen","8":"first","9":"instock","10":"sale","11":"taxable","12":"shipping-taxable","13":"purchasable","14":"product-type-variable"},"jetpack_sharing_enabled":true,"_links":{"self":[{"href":"https:\/\/dutchchemlabs.com\/fr\/wp-json\/wp\/v2\/product\/8350","targetHints":{"allow":["GET"]}}],"collection":[{"href":"https:\/\/dutchchemlabs.com\/fr\/wp-json\/wp\/v2\/product"}],"about":[{"href":"https:\/\/dutchchemlabs.com\/fr\/wp-json\/wp\/v2\/types\/product"}],"replies":[{"embeddable":true,"href":"https:\/\/dutchchemlabs.com\/fr\/wp-json\/wp\/v2\/comments?post=8350"}],"version-history":[{"count":4,"href":"https:\/\/dutchchemlabs.com\/fr\/wp-json\/wp\/v2\/product\/8350\/revisions"}],"predecessor-version":[{"id":8720,"href":"https:\/\/dutchchemlabs.com\/fr\/wp-json\/wp\/v2\/product\/8350\/revisions\/8720"}],"wp:featuredmedia":[{"embeddable":true,"href":"https:\/\/dutchchemlabs.com\/fr\/wp-json\/wp\/v2\/media\/8692"}],"wp:attachment":[{"href":"https:\/\/dutchchemlabs.com\/fr\/wp-json\/wp\/v2\/media?parent=8350"}],"wp:term":[{"taxonomy":"product_brand","embeddable":true,"href":"https:\/\/dutchchemlabs.com\/fr\/wp-json\/wp\/v2\/product_brand?post=8350"},{"taxonomy":"product_cat","embeddable":true,"href":"https:\/\/dutchchemlabs.com\/fr\/wp-json\/wp\/v2\/product_cat?post=8350"},{"taxonomy":"product_tag","embeddable":true,"href":"https:\/\/dutchchemlabs.com\/fr\/wp-json\/wp\/v2\/product_tag?post=8350"}],"curies":[{"name":"wp","href":"https:\/\/api.w.org\/{rel}","templated":true}]}}