{"id":2718,"date":"2025-09-20T09:15:28","date_gmt":"2025-09-20T09:15:28","guid":{"rendered":"https:\/\/dutchchemlabs.com\/?post_type=product&#038;p=2718"},"modified":"2025-11-08T07:39:15","modified_gmt":"2025-11-08T07:39:15","slug":"1d-lsd-10mcg-pellet","status":"publish","type":"product","link":"https:\/\/dutchchemlabs.com\/it\/product\/1d-lsd-10mcg-pellet\/","title":{"rendered":"1D-LSD 10mcg Pellet\u00a0"},"content":{"rendered":"<h1><strong>1D-LSD 10mcg Pellet\u00a0<\/strong><\/h1>\n<p>Scoprite i vantaggi del microdosaggio con il nostro 1D-LSD 10 MCG Pellets, disponibile in esclusiva su dutchchemlabs.com. Questa sostanza chimica avanzata per la ricerca \u00e8 stata progettata per aiutare i ricercatori a esplorare i sottili effetti del microdosaggio in un ambiente di laboratorio controllato.<\/p>\n<h2>Che cos'\u00e8 la 1D-LSD?<\/h2>\n<h3>Caratteristiche del prodotto<\/h3>\n<ul>\n<li><strong>Dosaggio<\/strong>Ogni pellet contiene una dose precisa di 10 microgrammi (MCG) di 1D-LSD, perfetta per gli studi di microdosaggio.<\/li>\n<li><strong>Qualit\u00e0<\/strong>: Prodotto con ingredienti puri e di alta qualit\u00e0 per risultati di ricerca coerenti e affidabili.<\/li>\n<li><strong>Imballaggio<\/strong>Confezionato in modo igienico e sicuro per garantire l'integrit\u00e0 e la potenza della sostanza.<\/li>\n<li><strong>Utilizzo<\/strong>: Appositamente progettato per scopi di ricerca. Non destinato al consumo umano.<\/li>\n<li><strong>Immagazzinamento<\/strong>: Conservare in un luogo fresco e asciutto, al riparo dalla luce solare diretta, per una durata e una stabilit\u00e0 ottimali.<\/li>\n<\/ul>\n<h3>Applicazioni<\/h3>\n<ul>\n<li><strong>Ricerca scientifica<\/strong>: Ideale per ricercatori e chimici che vogliono studiare gli effetti del microdosaggio.<\/li>\n<li><strong>Studi accademici<\/strong>Adatto all'uso in laboratori accademici per scopi didattici e progetti di ricerca.<\/li>\n<li><strong>Ricerca farmaceutica<\/strong>Pu\u00f2 essere utilizzato in studi preclinici e in altri progetti di ricerca farmacologica per ottenere nuove conoscenze.<\/li>\n<\/ul>\n<h3>Linee guida per la sicurezza<\/h3>\n<p>Utilizzare l'1D-LSD 10 MCG Pellets solo in un ambiente di ricerca controllato. \u00c8 essenziale seguire i corretti protocolli di sicurezza e assicurarsi che il prodotto non venga utilizzato per il consumo umano. Consultare sempre le schede di sicurezza e utilizzare i dispositivi di protezione individuale.<\/p>\n<h3>Perch\u00e9 scegliere 1D-LSD 10mcg Pellet su dutchchemlabs.com?<\/h3>\n<p>In dutchchemlabs.com, la qualit\u00e0 e l'affidabilit\u00e0 sono fondamentali. I nostri pellet 1D-LSD 10 MCG sono prodotti secondo gli standard pi\u00f9 elevati e sono appositamente progettati per soddisfare le esigenze della ricerca scientifica. Affidatevi a noi per ottenere prodotti chimici per la ricerca coerenti, puri e di alta qualit\u00e0.<\/p>\n<h3>Acquistare 1D-LSD?<\/h3>\n<p>Ordinate ora il vostro 1D-LSD 10 MCG Pellets - Microdose su dutchchemlabs.com e beneficiate di una spedizione rapida e discreta. Vi assicuriamo di ricevere prodotti chimici per la ricerca di alta qualit\u00e0 che soddisfano i pi\u00f9 alti standard di purezza e affidabilit\u00e0.<\/p>","protected":false},"excerpt":{"rendered":"<ul>\n<li><strong>Spedizione discreta e anonima<\/strong><\/li>\n<li><strong>Ordinato prima delle 18:00 = consegnato domani!<\/strong><\/li>\n<li><strong>Spedizione gratuita su 50 euro<\/strong><\/li>\n<\/ul>\n<div id=\"ConnectiveDocSignExtentionInstalled\" data-extension-version=\"1.0.4\"><\/div>","protected":false},"featured_media":8913,"comment_status":"open","ping_status":"closed","template":"","meta":[],"product_brand":[],"product_cat":[220,91,221,222,573],"product_tag":[],"class_list":{"0":"post-2718","1":"product","2":"type-product","3":"status-publish","4":"has-post-thumbnail","6":"product_cat-1d-lsd-pellets","7":"product_cat-lysergamides","8":"product_cat-microdose-lsd","9":"product_cat-microdose-shop","10":"product_cat-pellets","12":"first","13":"instock","14":"taxable","15":"shipping-taxable","16":"purchasable","17":"product-type-variable"},"jetpack_sharing_enabled":true,"_links":{"self":[{"href":"https:\/\/dutchchemlabs.com\/it\/wp-json\/wp\/v2\/product\/2718","targetHints":{"allow":["GET"]}}],"collection":[{"href":"https:\/\/dutchchemlabs.com\/it\/wp-json\/wp\/v2\/product"}],"about":[{"href":"https:\/\/dutchchemlabs.com\/it\/wp-json\/wp\/v2\/types\/product"}],"replies":[{"embeddable":true,"href":"https:\/\/dutchchemlabs.com\/it\/wp-json\/wp\/v2\/comments?post=2718"}],"version-history":[{"count":2,"href":"https:\/\/dutchchemlabs.com\/it\/wp-json\/wp\/v2\/product\/2718\/revisions"}],"predecessor-version":[{"id":8914,"href":"https:\/\/dutchchemlabs.com\/it\/wp-json\/wp\/v2\/product\/2718\/revisions\/8914"}],"wp:featuredmedia":[{"embeddable":true,"href":"https:\/\/dutchchemlabs.com\/it\/wp-json\/wp\/v2\/media\/8913"}],"wp:attachment":[{"href":"https:\/\/dutchchemlabs.com\/it\/wp-json\/wp\/v2\/media?parent=2718"}],"wp:term":[{"taxonomy":"product_brand","embeddable":true,"href":"https:\/\/dutchchemlabs.com\/it\/wp-json\/wp\/v2\/product_brand?post=2718"},{"taxonomy":"product_cat","embeddable":true,"href":"https:\/\/dutchchemlabs.com\/it\/wp-json\/wp\/v2\/product_cat?post=2718"},{"taxonomy":"product_tag","embeddable":true,"href":"https:\/\/dutchchemlabs.com\/it\/wp-json\/wp\/v2\/product_tag?post=2718"}],"curies":[{"name":"wp","href":"https:\/\/api.w.org\/{rel}","templated":true}]}}