{"id":7879,"date":"2025-09-20T19:29:06","date_gmt":"2025-09-20T19:29:06","guid":{"rendered":"https:\/\/dutchchemlabs.com\/?post_type=product&#038;p=7879"},"modified":"2025-11-08T07:39:02","modified_gmt":"2025-11-08T07:39:02","slug":"pirazolam-pellet-3mg","status":"publish","type":"product","link":"https:\/\/dutchchemlabs.com\/it\/product\/pirazolam-pellet-3mg\/","title":{"rendered":"Pirazolam pellet (3 mg)"},"content":{"rendered":"<h1>Comprare Pyrazolam pellet<\/h1>\n<p>Il pirazolam \u00e8 una sostanza chimica di ricerca e non \u00e8 destinato al consumo umano. \u00c8 possibile acquistare Pyrazolam da dutchchemlabs.com. Se l'ordine viene effettuato prima delle 18:00, la consegna avverr\u00e0 il giorno successivo! Con noi potete pagare in modo sicuro e semplice con iDEAL, carta di credito, bonifico bancario e criptovaluta, come siete abituati a fare. Ordina Pyrazolam su dutchchemlabs.com. Offriamo anche <a href=\"https:\/\/dutchchemlabs.com\/product-categorie\/research-chemicals\/cathinonen\/2mmc-kopen\/\">2MMC<\/a>, <a href=\"https:\/\/dutchchemlabs.com\/product-categorie\/research-chemicals\/cathinonen\/pentedrone-nep\/\">Pentedrone (NEP)<\/a>,\u00a0<a href=\"https:\/\/dutchchemlabs.com\/product-categorie\/research-chemicals\/cathinonen\/3fmc\/\">3FMC<\/a> e altre sostanze chimiche per la ricerca.<\/p>\n<h2>Che cos'\u00e8 il pirazolam?<\/h2>\n<p>Il pirazolam, un recente depressore appartenente alla classe delle benzodiazepine, \u00e8 stato originariamente sviluppato da Hoffman-La Roche negli anni '70 e successivamente ha guadagnato attenzione come sostanza chimica di ricerca a partire dal 2012. Rispetto ad altre benzodiazepine, il pirazolam \u00e8 noto per la sua enfasi sulla sedazione e per i ridotti effetti euforici, il che rende interessante la ricerca su di esso.<\/p>\n<h2>Effetti del pirazolam<\/h2>\n<p>Gli effetti del pirazolam sono spesso descritti come una significativa sedazione e riduzione dell'ansia. Le persone che condividono le loro esperienze online spesso sperimentano un senso di rilassamento e di riduzione dell'ansia, che pu\u00f2 portare a un miglioramento dell'umore e a un senso di calma. Inoltre, il pirazolam \u00e8 noto per la sua capacit\u00e0 di rilassare i muscoli, il che pu\u00f2 contribuire a una sensazione di comfort fisico e di sollievo dalla tensione.<\/p>\n<p>Attenzione! Tuttavia, \u00e8 molto importante notare che il pirazolam non \u00e8 privo di rischi. In alcuni casi, durante la ricerca possono verificarsi reazioni paradossali, come aumento dell'ansia, aggressivit\u00e0, perdita del controllo degli impulsi e persino tendenze suicide. Sebbene queste reazioni siano rare nella popolazione generale, possono essere pi\u00f9 comuni nei consumatori occasionali, nei soggetti con disturbi mentali, nei bambini e in coloro che utilizzano dosi elevate. Pertanto, si raccomanda cautela nell'uso del pirazolam in laboratorio, che deve essere sempre assunto secondo il dosaggio prescritto e sotto controllo medico per ridurre al minimo i possibili effetti collaterali e i rischi per la salute.<\/p>\n<h2>Ordinato prima delle 18:00 = consegnato domani!<\/h2>\n<p><strong>Ordinato prima delle 18:00 = consegnato domani! <\/strong>Il vostro ordine sar\u00e0 spedito in modo anonimo e discreto. Inoltre, \u00e8 possibile pagare in modo semplice e veloce con iDEAL o Bancontact. Ordinate tramite il sito o contattateci via chat. Se avete domande o commenti, potete sempre chiamarci, inviarci un'e-mail o una mail. Per ordini in grandi quantit\u00e0, inviate un'e-mail a info@dutchchemlabs.com. Saremo lieti di ricevere il vostro ordine!<\/p>\n<h2>Forniamo anche grandi quantit\u00e0<\/h2>\n<p>Desidera ordinare Pyrazolam Pellets in quantit\u00e0 maggiori? Allora contattateci via chat. dutchchemlabs.com offre tariffe competitive per quantit\u00e0 maggiori. Non aspettate oltre e contattateci oggi stesso.<\/p>\n<div id=\"ConnectiveDocSignExtentionInstalled\" data-extension-version=\"1.0.4\"><\/div>","protected":false},"excerpt":{"rendered":"<ul>\n<li><strong>Spedizione discreta e anonima<\/strong><\/li>\n<li><strong>Ordinato prima delle 18:00 = consegnato domani!<\/strong><\/li>\n<li><strong>Spedizione gratuita su 50 euro<\/strong><\/li>\n<\/ul>\n<div id=\"ConnectiveDocSignExtentionInstalled\" data-extension-version=\"1.0.4\"><\/div>","protected":false},"featured_media":8792,"comment_status":"open","ping_status":"closed","template":"","meta":[],"product_brand":[],"product_cat":[323,573,187,358],"product_tag":[],"class_list":{"0":"post-7879","1":"product","2":"type-product","3":"status-publish","4":"has-post-thumbnail","6":"product_cat-benzodiazepinen","7":"product_cat-pellets","8":"product_cat-populair","9":"product_cat-pyrazolam","11":"first","12":"instock","13":"taxable","14":"shipping-taxable","15":"purchasable","16":"product-type-variable"},"jetpack_sharing_enabled":true,"_links":{"self":[{"href":"https:\/\/dutchchemlabs.com\/it\/wp-json\/wp\/v2\/product\/7879","targetHints":{"allow":["GET"]}}],"collection":[{"href":"https:\/\/dutchchemlabs.com\/it\/wp-json\/wp\/v2\/product"}],"about":[{"href":"https:\/\/dutchchemlabs.com\/it\/wp-json\/wp\/v2\/types\/product"}],"replies":[{"embeddable":true,"href":"https:\/\/dutchchemlabs.com\/it\/wp-json\/wp\/v2\/comments?post=7879"}],"version-history":[{"count":2,"href":"https:\/\/dutchchemlabs.com\/it\/wp-json\/wp\/v2\/product\/7879\/revisions"}],"predecessor-version":[{"id":8793,"href":"https:\/\/dutchchemlabs.com\/it\/wp-json\/wp\/v2\/product\/7879\/revisions\/8793"}],"wp:featuredmedia":[{"embeddable":true,"href":"https:\/\/dutchchemlabs.com\/it\/wp-json\/wp\/v2\/media\/8792"}],"wp:attachment":[{"href":"https:\/\/dutchchemlabs.com\/it\/wp-json\/wp\/v2\/media?parent=7879"}],"wp:term":[{"taxonomy":"product_brand","embeddable":true,"href":"https:\/\/dutchchemlabs.com\/it\/wp-json\/wp\/v2\/product_brand?post=7879"},{"taxonomy":"product_cat","embeddable":true,"href":"https:\/\/dutchchemlabs.com\/it\/wp-json\/wp\/v2\/product_cat?post=7879"},{"taxonomy":"product_tag","embeddable":true,"href":"https:\/\/dutchchemlabs.com\/it\/wp-json\/wp\/v2\/product_tag?post=7879"}],"curies":[{"name":"wp","href":"https:\/\/api.w.org\/{rel}","templated":true}]}}