{"id":3665,"date":"2025-09-20T09:20:23","date_gmt":"2025-09-20T09:20:23","guid":{"rendered":"https:\/\/dutchchemlabs.com\/?post_type=product&#038;p=3665"},"modified":"2025-11-08T07:39:13","modified_gmt":"2025-11-08T07:39:13","slug":"high-class-gold-10ml","status":"publish","type":"product","link":"https:\/\/dutchchemlabs.com\/lt\/produktas\/high-class-gold-10ml\/","title":{"rendered":"High Class Gold 10ml"},"content":{"rendered":"<h1><strong>High Class Gold 10ml<\/strong><\/h1>\n<p>Betreed de wereld van luxe en genot met Poppers High Class Gold 10ml, verkrijgbaar bij dutchchemlabs.com! Deze hoogwaardige poppers zijn speciaal ontworpen om je te verwennen met een onge\u00ebvenaarde sensatie die je naar nieuwe hoogten van plezier zal brengen.<\/p>\n<p>Met zijn exclusieve formule van isopropyl nitriet biedt Poppers High Class Gold een snelle en intense rush die je zintuigen zal prikkelen en je zal laten genieten van een onvergetelijke ervaring. Of je nu op zoek bent naar een extra stimulans tijdens intieme momenten of naar een spannende toevoeging aan je feestjes, deze poppers zijn jouw ultieme metgezel.<\/p>\n<p>Dankzij de handige fles van 10ml is Poppers High Class Gold perfect voor onderweg. Of je nu een avondje uitgaat met vrienden, een feestje hebt of gewoon wat extra pit wilt toevoegen aan je priv\u00e9momenten, deze poppers zijn altijd binnen handbereik.<\/p>\n<p>Kies voor ultieme luxe met Poppers High Class Gold 10ml van dutchchemlabs.com. Bestel vandaag nog en trakteer jezelf op de verfijnde genoegens van deze sensationele poppers!<\/p>\n<h2>U\u017esakyta iki 18:00 = pristatyta rytoj!<\/h2>\n<p><strong>U\u017esakyta iki 18:00 = pristatyta rytoj! <\/strong>J\u016bs\u0173 u\u017esakymas bus i\u0161si\u0173stas anonimi\u0161kai ir diskreti\u0161kai per m\u016bs\u0173 nuolatin\u012f partner\u012f \"PostNL\". Be to, galite lengvai ir greitai atsiskaityti naudodamiesi iDEAL arba \"Bancontact\". U\u017esisakykite svetain\u0117je arba susisiekite su mumis per pokalb\u012f. Jei turite klausim\u0173 ir (arba) pastab\u0173, visada galite mums paskambinti, para\u0161yti el. lai\u0161k\u0105 arba paskambinti. Nor\u0117dami u\u017esisakyti didesn\u012f kiek\u012f, ra\u0161ykite el. pa\u0161tu info@dutchchemlabs.com. Laukiame j\u016bs\u0173 u\u017esakymo!<\/p>\n<p>Si\u016blome keli\u0173 tip\u0173<a href=\"https:\/\/dutchchemlabs.com\/product-categorie\/poppers\/\">\u00a0Poppers<\/a>\u00a0\u012f. Mes taip pat esame\u00a0<a href=\"https:\/\/dutchchemlabs.com\/product-categorie\/research-chemicals\/\">Tyrim\u0173 chemin\u0117s med\u017eiagos<\/a>\u00a0Specialistas.<\/p>\n<div id=\"ConnectiveDocSignExtentionInstalled\" data-extension-version=\"1.0.4\"><\/div>","protected":false},"excerpt":{"rendered":"<ul>\n<li><strong>Diskreti\u0161kas ir anoniminis pristatymas<\/strong><\/li>\n<li><strong>U\u017esakyta iki 18:00 = pristatyta rytoj!<\/strong><\/li>\n<li><strong>Nemokamas pristatymas nuo 50 \u20ac<\/strong><\/li>\n<\/ul>\n<div id=\"ConnectiveDocSignExtentionInstalled\" data-extension-version=\"1.0.4\"><\/div>","protected":false},"featured_media":3720,"comment_status":"open","ping_status":"closed","template":"","meta":[],"product_brand":[],"product_cat":[206,209],"product_tag":[],"class_list":{"0":"post-3665","1":"product","2":"type-product","3":"status-publish","4":"has-post-thumbnail","6":"product_cat-poppers","7":"product_cat-poppers-small","9":"first","10":"instock","11":"taxable","12":"shipping-taxable","13":"purchasable","14":"product-type-simple"},"jetpack_sharing_enabled":true,"_links":{"self":[{"href":"https:\/\/dutchchemlabs.com\/lt\/wp-json\/wp\/v2\/product\/3665","targetHints":{"allow":["GET"]}}],"collection":[{"href":"https:\/\/dutchchemlabs.com\/lt\/wp-json\/wp\/v2\/product"}],"about":[{"href":"https:\/\/dutchchemlabs.com\/lt\/wp-json\/wp\/v2\/types\/product"}],"replies":[{"embeddable":true,"href":"https:\/\/dutchchemlabs.com\/lt\/wp-json\/wp\/v2\/comments?post=3665"}],"version-history":[{"count":1,"href":"https:\/\/dutchchemlabs.com\/lt\/wp-json\/wp\/v2\/product\/3665\/revisions"}],"predecessor-version":[{"id":3721,"href":"https:\/\/dutchchemlabs.com\/lt\/wp-json\/wp\/v2\/product\/3665\/revisions\/3721"}],"wp:featuredmedia":[{"embeddable":true,"href":"https:\/\/dutchchemlabs.com\/lt\/wp-json\/wp\/v2\/media\/3720"}],"wp:attachment":[{"href":"https:\/\/dutchchemlabs.com\/lt\/wp-json\/wp\/v2\/media?parent=3665"}],"wp:term":[{"taxonomy":"product_brand","embeddable":true,"href":"https:\/\/dutchchemlabs.com\/lt\/wp-json\/wp\/v2\/product_brand?post=3665"},{"taxonomy":"product_cat","embeddable":true,"href":"https:\/\/dutchchemlabs.com\/lt\/wp-json\/wp\/v2\/product_cat?post=3665"},{"taxonomy":"product_tag","embeddable":true,"href":"https:\/\/dutchchemlabs.com\/lt\/wp-json\/wp\/v2\/product_tag?post=3665"}],"curies":[{"name":"wp","href":"https:\/\/api.w.org\/{rel}","templated":true}]}}