{"id":3759,"date":"2025-09-20T09:20:38","date_gmt":"2025-09-20T09:20:38","guid":{"rendered":"https:\/\/dutchchemlabs.com\/?post_type=product&#038;p=3759"},"modified":"2025-11-08T07:39:12","modified_gmt":"2025-11-08T07:39:12","slug":"poppers-iron-horse-tall-20ml","status":"publish","type":"product","link":"https:\/\/dutchchemlabs.com\/lt\/produktas\/poppers-iron-horse-tall-20ml\/","title":{"rendered":"Poppers Iron Horse Tall 20ml"},"content":{"rendered":"<h1><strong>Poppers Iron Horse Tall 20ml<\/strong><\/h1>\n<p>\u017denkite \u012f jaudulio ir malonumo pasaul\u012f su \"Poppers Iron Horse Tall\" 20 ml, kur\u012f galite \u012fsigyti dutchchemlabs.com! \u0160ie galingi popperiai sukurti taip, kad nustebint\u0173 jus intensyviu ir stimuliuojan\u010diu poj\u016b\u010diu, o j\u016bs\u0173 nuotykiai pakilt\u0173 \u012f naujas auk\u0161tumas.<\/p>\n<p>Unikali izopropilo nitrito formul\u0117 \"Poppers Iron Horse Tall\" suteikia greit\u0105 ir galing\u0105 svaigul\u012f, kuris su\u017eadins j\u016bs\u0173 poj\u016b\u010dius ir pakyl\u0117s \u012f nereg\u0117tas auk\u0161tumas. Nesvarbu, ar ie\u0161kote papildomo impulso intymiomis akimirkomis, ar jaudinan\u010dio papildymo savo vakar\u0117liuose, \u0161ie poppers si\u016blo nepamir\u0161tam\u0105 patirt\u012f.<\/p>\n<p>Patogus 20 ml buteliukas u\u017etikrina, kad visada tur\u0117site pakankamai popperi\u0173 visiems nuotykiams. Nesvarbu, ar ruo\u0161iat\u0117s vakarui su draugais, vakar\u0117liui, ar tiesiog norite suteikti daugiau d\u017eiaugsmo asmenin\u0117ms akimirkoms, \"Poppers Iron Horse Tall\" yra geriausias j\u016bs\u0173 palydovas.<\/p>\n<p>Pasirinkite malonum\u0105 ir jaudul\u012f su \"Poppers Iron Horse Tall 20ml\" i\u0161 dutchchemlabs.com. U\u017esisakykite \u0161iandien ir atraskite neribotas malonumo ir stimuliacijos galimybes su \u0161iais sensacingais popperiais!<\/p>\n<h2>Pirkti poppers i\u0161 dutchchemlabs.com?<\/h2>\n<p>Vis dar aktyviai ple\u010diame savo produkt\u0173 asortiment\u0105. Ar turite pasi\u016blym\u0173, kokius popperius ar kitus produktus gal\u0117tume pasi\u016blyti? <a href=\"https:\/\/dutchchemlabs.com\/contact\">Susisiekite su mumis<\/a> ir prane\u0161kite mums!<\/p>\n<h2>U\u017esakyta iki 18:00 = pristatyta rytoj!<\/h2>\n<p><strong>U\u017esakyta iki 18:00 = pristatyta rytoj! <\/strong>J\u016bs\u0173 u\u017esakymas bus i\u0161si\u0173stas anonimi\u0161kai ir diskreti\u0161kai per m\u016bs\u0173 nuolatin\u012f partner\u012f \"PostNL\". Be to, galite lengvai ir greitai atsiskaityti naudodamiesi iDEAL arba \"Bancontact\". Nor\u0117dami u\u017esisakyti didesn\u012f kiek\u012f, ra\u0161ykite el. pa\u0161tu info@dutchchemlabs.com. Laukiame j\u016bs\u0173 u\u017esakymo!<\/p>\n<p>dutchchemlabs.com parduoda <a href=\"https:\/\/dutchchemlabs.com\/product-categorie\/research-chemicals\/\">Tyrim\u0173 chemin\u0117s med\u017eiagos<\/a> ir dar daugiau.<\/p>\n<div id=\"ConnectiveDocSignExtentionInstalled\" data-extension-version=\"1.0.4\"><\/div>","protected":false},"excerpt":{"rendered":"<ul>\n<li><strong>Diskreti\u0161kas ir anoniminis pristatymas<\/strong><\/li>\n<li><strong>U\u017esakyta iki 18:00 = pristatyta rytoj!<\/strong><\/li>\n<li><strong>Nemokamas pristatymas nuo 50 \u20ac<\/strong><\/li>\n<\/ul>\n<div id=\"ConnectiveDocSignExtentionInstalled\" data-extension-version=\"1.0.4\"><\/div>","protected":false},"featured_media":3797,"comment_status":"open","ping_status":"closed","template":"","meta":[],"product_brand":[],"product_cat":[206,207,208],"product_tag":[],"class_list":{"0":"post-3759","1":"product","2":"type-product","3":"status-publish","4":"has-post-thumbnail","6":"product_cat-poppers","7":"product_cat-poppers-large","8":"product_cat-poppers-medium","10":"first","11":"instock","12":"taxable","13":"shipping-taxable","14":"purchasable","15":"product-type-simple"},"jetpack_sharing_enabled":true,"_links":{"self":[{"href":"https:\/\/dutchchemlabs.com\/lt\/wp-json\/wp\/v2\/product\/3759","targetHints":{"allow":["GET"]}}],"collection":[{"href":"https:\/\/dutchchemlabs.com\/lt\/wp-json\/wp\/v2\/product"}],"about":[{"href":"https:\/\/dutchchemlabs.com\/lt\/wp-json\/wp\/v2\/types\/product"}],"replies":[{"embeddable":true,"href":"https:\/\/dutchchemlabs.com\/lt\/wp-json\/wp\/v2\/comments?post=3759"}],"version-history":[{"count":1,"href":"https:\/\/dutchchemlabs.com\/lt\/wp-json\/wp\/v2\/product\/3759\/revisions"}],"predecessor-version":[{"id":3798,"href":"https:\/\/dutchchemlabs.com\/lt\/wp-json\/wp\/v2\/product\/3759\/revisions\/3798"}],"wp:featuredmedia":[{"embeddable":true,"href":"https:\/\/dutchchemlabs.com\/lt\/wp-json\/wp\/v2\/media\/3797"}],"wp:attachment":[{"href":"https:\/\/dutchchemlabs.com\/lt\/wp-json\/wp\/v2\/media?parent=3759"}],"wp:term":[{"taxonomy":"product_brand","embeddable":true,"href":"https:\/\/dutchchemlabs.com\/lt\/wp-json\/wp\/v2\/product_brand?post=3759"},{"taxonomy":"product_cat","embeddable":true,"href":"https:\/\/dutchchemlabs.com\/lt\/wp-json\/wp\/v2\/product_cat?post=3759"},{"taxonomy":"product_tag","embeddable":true,"href":"https:\/\/dutchchemlabs.com\/lt\/wp-json\/wp\/v2\/product_tag?post=3759"}],"curies":[{"name":"wp","href":"https:\/\/api.w.org\/{rel}","templated":true}]}}