{"id":3765,"date":"2025-09-20T09:20:38","date_gmt":"2025-09-20T09:20:38","guid":{"rendered":"https:\/\/dutchchemlabs.com\/?post_type=product&#038;p=3765"},"modified":"2025-11-08T07:39:12","modified_gmt":"2025-11-08T07:39:12","slug":"poppers-rush-extreme-tall-30ml","status":"publish","type":"product","link":"https:\/\/dutchchemlabs.com\/lt\/produktas\/poppers-rush-extreme-tall-30ml\/","title":{"rendered":"Poppers Rush Extreme Tall 30ml"},"content":{"rendered":"<h1><strong>Poppers Rush Extreme Tall 30ml<\/strong><\/h1>\n<p>Ervaar een sensationele kick met de Poppers Rush Extreme EU 30ml, verkrijgbaar bij dutchchemlabs.com! Deze krachtige en intense poppers zijn de perfecte keuze voor liefhebbers van een onvergetelijke en stimulerende ervaring.<\/p>\n<p>Met zijn geavanceerde formule van isopropyl nitriet biedt de Poppers Rush Extreme EU een snelle en intense rush die je naar nieuwe hoogten van genot zal brengen. Of je nu op zoek bent naar een extra kick tijdens intieme momenten of naar een nieuwe dimensie in je nachtelijke avonturen, deze poppers leveren gegarandeerd een explosieve ervaring.<\/p>\n<p>De handige fles van 30ml zorgt ervoor dat je altijd voldoende poppers bij de hand hebt voor al je behoeften. Of je nu een feestje hebt met vrienden, een avondje uitgaat of gewoon wat extra spanning wilt toevoegen aan je priv\u00e9momenten, de Poppers Rush Extreme EU is jouw ultieme metgezel.<\/p>\n<p>Kies voor sensatie en opwinding met de Poppers Rush Extreme EU 30ml van dutchchemlabs.com. Bestel vandaag nog en ontdek de grenzeloze mogelijkheden van plezier en stimulatie met deze krachtige poppers!<\/p>\n<h2>Pirkti poppers i\u0161 dutchchemlabs.com?<\/h2>\n<p>Vis dar aktyviai ple\u010diame savo produkt\u0173 asortiment\u0105. Ar turite pasi\u016blym\u0173, kokius popperius ar kitus produktus gal\u0117tume pasi\u016blyti? <a href=\"https:\/\/dutchchemlabs.com\/contact\">Susisiekite su mumis<\/a> ir prane\u0161kite mums!<\/p>\n<h2>U\u017esakyta iki 18:00 = pristatyta rytoj!<\/h2>\n<p><strong>U\u017esakyta iki 18:00 = pristatyta rytoj! <\/strong>J\u016bs\u0173 u\u017esakymas bus i\u0161si\u0173stas anonimi\u0161kai ir diskreti\u0161kai per m\u016bs\u0173 nuolatin\u012f partner\u012f \"PostNL\". Be to, galite lengvai ir greitai atsiskaityti naudodamiesi iDEAL arba \"Bancontact\". Nor\u0117dami u\u017esisakyti didesn\u012f kiek\u012f, ra\u0161ykite el. pa\u0161tu info@dutchchemlabs.com. Laukiame j\u016bs\u0173 u\u017esakymo!<\/p>\n<p>dutchchemlabs.com parduoda <a href=\"https:\/\/dutchchemlabs.com\/product-categorie\/research-chemicals\/\">Tyrim\u0173 chemin\u0117s med\u017eiagos<\/a> ir dar daugiau.<\/p>\n<div id=\"ConnectiveDocSignExtentionInstalled\" data-extension-version=\"1.0.4\"><\/div>","protected":false},"excerpt":{"rendered":"<ul>\n<li><strong>Diskreti\u0161kas ir anoniminis pristatymas<\/strong><\/li>\n<li><strong>U\u017esakyta iki 18:00 = pristatyta rytoj!<\/strong><\/li>\n<li><strong>Nemokamas pristatymas nuo 50 \u20ac<\/strong><\/li>\n<\/ul>\n<div id=\"ConnectiveDocSignExtentionInstalled\" data-extension-version=\"1.0.4\"><\/div>","protected":false},"featured_media":3809,"comment_status":"open","ping_status":"closed","template":"","meta":[],"product_brand":[],"product_cat":[206,207],"product_tag":[],"class_list":{"0":"post-3765","1":"product","2":"type-product","3":"status-publish","4":"has-post-thumbnail","6":"product_cat-poppers","7":"product_cat-poppers-large","9":"first","10":"instock","11":"taxable","12":"shipping-taxable","13":"purchasable","14":"product-type-simple"},"jetpack_sharing_enabled":true,"_links":{"self":[{"href":"https:\/\/dutchchemlabs.com\/lt\/wp-json\/wp\/v2\/product\/3765","targetHints":{"allow":["GET"]}}],"collection":[{"href":"https:\/\/dutchchemlabs.com\/lt\/wp-json\/wp\/v2\/product"}],"about":[{"href":"https:\/\/dutchchemlabs.com\/lt\/wp-json\/wp\/v2\/types\/product"}],"replies":[{"embeddable":true,"href":"https:\/\/dutchchemlabs.com\/lt\/wp-json\/wp\/v2\/comments?post=3765"}],"version-history":[{"count":1,"href":"https:\/\/dutchchemlabs.com\/lt\/wp-json\/wp\/v2\/product\/3765\/revisions"}],"predecessor-version":[{"id":3810,"href":"https:\/\/dutchchemlabs.com\/lt\/wp-json\/wp\/v2\/product\/3765\/revisions\/3810"}],"wp:featuredmedia":[{"embeddable":true,"href":"https:\/\/dutchchemlabs.com\/lt\/wp-json\/wp\/v2\/media\/3809"}],"wp:attachment":[{"href":"https:\/\/dutchchemlabs.com\/lt\/wp-json\/wp\/v2\/media?parent=3765"}],"wp:term":[{"taxonomy":"product_brand","embeddable":true,"href":"https:\/\/dutchchemlabs.com\/lt\/wp-json\/wp\/v2\/product_brand?post=3765"},{"taxonomy":"product_cat","embeddable":true,"href":"https:\/\/dutchchemlabs.com\/lt\/wp-json\/wp\/v2\/product_cat?post=3765"},{"taxonomy":"product_tag","embeddable":true,"href":"https:\/\/dutchchemlabs.com\/lt\/wp-json\/wp\/v2\/product_tag?post=3765"}],"curies":[{"name":"wp","href":"https:\/\/api.w.org\/{rel}","templated":true}]}}