{"id":5733,"date":"2025-09-20T11:30:51","date_gmt":"2025-09-20T11:30:51","guid":{"rendered":"https:\/\/dutchchemlabs.com\/?post_type=product&#038;p=5733"},"modified":"2025-11-08T07:39:10","modified_gmt":"2025-11-08T07:39:10","slug":"black-friday-deal-5-gram-pentedrone-nep","status":"publish","type":"product","link":"https:\/\/dutchchemlabs.com\/lt\/produktas\/black-friday-deal-5-gram-pentedrone-nep\/","title":{"rendered":"Juodojo penktadienio sandoris: 5 gramai Pentedrono (NEP)"},"content":{"rendered":"<h2>Juodojo penktadienio sandoris: 5 gramai Pentedrono (NEP)<\/h2>\n<p><strong>\ud83c\udf1f Black Friday Deal: 5 gram Pentedrone (NEP) voor slechts 54,95! \ud83c\udf1f<\/strong><\/p>\n<p>Mis deze ongekende Black Friday Deal niet! Deze week bieden we je 5 gram hoogwaardige Pentedrone (NEP) aan voor een onverslaanbare prijs van slechts 54,95. Dit is een exclusieve actie, waarbij kortingscodes helaas niet geldig zijn. Grijp nu je kans en haal dit opmerkelijke product in huis.<\/p>\n<p>Houd er rekening mee dat NEP een krachtig product is en verantwoord gebruik ervan in jouw onderzoek van essentieel belang is. Zorg ervoor dat je op de hoogte bent van de lokale wetgeving en voorschriften voordat je dit product koopt.<\/p>\n<p>Wacht niet langer! Deze Black Friday Deal is slechts voor een beperkte tijd beschikbaar. Bestel vandaag nog je 5 gram NEP voor slechts 54,95 en beleef een onvergetelijke ervaring. Profiteer nu en maak van deze Black Friday een bijzondere gelegenheid!<\/p>\n<h2>U\u017esakyta iki 18:00 = pristatyta rytoj!<\/h2>\n<p><strong>U\u017esakyta iki 18:00 = pristatyta rytoj!\u00a0<\/strong>J\u016bs\u0173 u\u017esakymas bus i\u0161si\u0173stas anonimi\u0161kai ir diskreti\u0161kai per m\u016bs\u0173 nuolatin\u012f partner\u012f \"PostNL\". Be to, galite lengvai ir greitai atsiskaityti naudodamiesi iDEAL arba \"Bancontact\". U\u017esisakykite svetain\u0117je arba susisiekite su mumis per pokalb\u012f. Kilus klausimams ir (arba) pastaboms, visada galite mums paskambinti, para\u0161yti el. lai\u0161k\u0105 arba paskambinti. Nor\u0117dami u\u017esisakyti didesn\u012f kiek\u012f, ra\u0161ykite el. pa\u0161tu info@dutchchemlabs.com. Laukiame j\u016bs\u0173 u\u017esakymo!<\/p>\n<h2>Pirkite mokslini\u0173 tyrim\u0173 chemines med\u017eiagas urmu<\/h2>\n<p>Ar nor\u0117tum\u0117te u\u017esisakyti didesn\u012f kiek\u012f? Tada susisiekite su mumis per pokalb\u012f. dutchchemlabs.com si\u016blo konkurencingus tarifus didesniems kiekiams. Nelaukite ilgiau ir susisiekite su mumis \u0161iandien.<\/p>","protected":false},"excerpt":{"rendered":"<ul>\n<li><strong>Diskreti\u0161kas ir anoniminis pristatymas<\/strong><\/li>\n<li><strong>U\u017esakyta iki 18:00 = pristatyta rytoj!<\/strong><\/li>\n<li><strong>Nemokamas pristatymas nuo 50 \u20ac<\/strong><\/li>\n<\/ul>","protected":false},"featured_media":8882,"comment_status":"open","ping_status":"closed","template":"","meta":[],"product_brand":[],"product_cat":[84],"product_tag":[],"class_list":{"0":"post-5733","1":"product","2":"type-product","3":"status-publish","4":"has-post-thumbnail","6":"product_cat-sale","8":"first","9":"instock","10":"sale","11":"taxable","12":"shipping-taxable","13":"purchasable","14":"product-type-variable"},"jetpack_sharing_enabled":true,"_links":{"self":[{"href":"https:\/\/dutchchemlabs.com\/lt\/wp-json\/wp\/v2\/product\/5733","targetHints":{"allow":["GET"]}}],"collection":[{"href":"https:\/\/dutchchemlabs.com\/lt\/wp-json\/wp\/v2\/product"}],"about":[{"href":"https:\/\/dutchchemlabs.com\/lt\/wp-json\/wp\/v2\/types\/product"}],"replies":[{"embeddable":true,"href":"https:\/\/dutchchemlabs.com\/lt\/wp-json\/wp\/v2\/comments?post=5733"}],"version-history":[{"count":2,"href":"https:\/\/dutchchemlabs.com\/lt\/wp-json\/wp\/v2\/product\/5733\/revisions"}],"predecessor-version":[{"id":8883,"href":"https:\/\/dutchchemlabs.com\/lt\/wp-json\/wp\/v2\/product\/5733\/revisions\/8883"}],"wp:featuredmedia":[{"embeddable":true,"href":"https:\/\/dutchchemlabs.com\/lt\/wp-json\/wp\/v2\/media\/8882"}],"wp:attachment":[{"href":"https:\/\/dutchchemlabs.com\/lt\/wp-json\/wp\/v2\/media?parent=5733"}],"wp:term":[{"taxonomy":"product_brand","embeddable":true,"href":"https:\/\/dutchchemlabs.com\/lt\/wp-json\/wp\/v2\/product_brand?post=5733"},{"taxonomy":"product_cat","embeddable":true,"href":"https:\/\/dutchchemlabs.com\/lt\/wp-json\/wp\/v2\/product_cat?post=5733"},{"taxonomy":"product_tag","embeddable":true,"href":"https:\/\/dutchchemlabs.com\/lt\/wp-json\/wp\/v2\/product_tag?post=5733"}],"curies":[{"name":"wp","href":"https:\/\/api.w.org\/{rel}","templated":true}]}}