{"id":6374,"date":"2025-09-20T11:34:09","date_gmt":"2025-09-20T11:34:09","guid":{"rendered":"https:\/\/dutchchemlabs.com\/?post_type=product&#038;p=6374"},"modified":"2025-11-08T07:39:08","modified_gmt":"2025-11-08T07:39:08","slug":"gefluoreerden-combi-pack","status":"publish","type":"product","link":"https:\/\/dutchchemlabs.com\/lt\/produktas\/gefluoreerden-combi-pack\/","title":{"rendered":"Fluorintas kombinuotasis paketas"},"content":{"rendered":"<p><strong>Gefluoreerden Combi Pack kopen? Weet jij niet welke Gefluoreerden het beste bij jou passen? Bestel dan vandaag nog het Gefluoreerden Combi Pack. In de combi pack vind je 5 verschillende Gefluoreerden terug.<br \/>\n<\/strong><\/p>\n<p>Gefluoreerden zijn zijn een Research Chemical en is niet voor menselijke consumptie geschikt. Voor 18:00 besteld is morgen al in huis! Je kan bij ons gemakkelijk en veilig betalen met iDEAL, zoals je gewend bent. Gefluoreerden kopen doe je bij dutchchemlabs.com, de snelste, beste en goedkoopste Research Chemicals specialist van Nederland! Daarnaast bieden wij ook andere <a href=\"https:\/\/dutchchemlabs.com\/product-categorie\/research-chemicals\/\"> Tyrim\u0173 chemin\u0117s med\u017eiagos<\/a> \u012f.<\/p>\n<p>Taip pat si\u016blome <a href=\"https:\/\/dutchchemlabs.com\/product-categorie\/research-chemicals\/cathinonen\/2mmc-kopen\/\">2MMC<\/a>, <a href=\"https:\/\/dutchchemlabs.com\/product-categorie\/research-chemicals\/cathinonen\/pentedrone-nep\/\">Pentedronas (NEP)<\/a>,\u00a0<a href=\"https:\/\/dutchchemlabs.com\/product\/dck-deschloroketamine-kristallen-kopen\/\">DCK Poeder<\/a>\u00a0ir kit\u0173 mokslini\u0173 tyrim\u0173 chemini\u0173 med\u017eiag\u0173.<\/p>\n<h2>Gefluoreerden Combi Pack, wat zit er in?<\/h2>\n<h4>Gefluoreerden Combi Pack Small:<\/h4>\n<ul>\n<li>1 gram 4F-MPH Poeder<\/li>\n<li>1 gram 2-FEA Poeder<\/li>\n<li>1 gram 3-MMA Poeder<\/li>\n<li>5x 4F-MPH 25mg Pellets<\/li>\n<li>5x 3-FPM 60mg Pellets<\/li>\n<\/ul>\n<h4>Gefluoreerden Combi Pack Medium:<\/h4>\n<ul>\n<li>2 gram 4F-MPH Poeder<\/li>\n<li>2 gram 2-FEA Poeder<\/li>\n<li>2 gram 3-MMA Poeder<\/li>\n<li>10x 4F-MPH 25mg Pellets<\/li>\n<li>10x 3-FPM 60mg Pellets<\/li>\n<\/ul>\n<h4>Gefluoreerden Combi Pack\u00a0Large:<\/h4>\n<ul>\n<li>5 gram 4F-MPH Poeder<\/li>\n<li>5 gram 2-FEA Poeder<\/li>\n<li>5 gram 3-MMA Poeder<\/li>\n<li>20x 4F-MPH 25mg Pellets<\/li>\n<li>20x 3-FPM 60mg Pellets<\/li>\n<\/ul>\n<h2>Gefluoreerden kopen<\/h2>\n<p>Het Gefluoreerden Pack is een geweldige oplossing voor mensen die verschillende soorten Gefluoreerden willen ontdekken. Dit pakket bevat een verscheidenheid aan verschillende Gefluoreerden, zo kun je er meerdere proberen om degene te vinden die het beste bij je past. Met het Gefluoreerden Combi Pack vind je de Gefluoreerde die het beste bij je past, zonder dat je verschillende pakketten hoeft te bestellen.<\/p>\n<h2>U\u017esakyta iki 18:00 = pristatyta rytoj!<\/h2>\n<p><strong>U\u017esakyta iki 18:00 = pristatyta rytoj! <\/strong>J\u016bs\u0173 u\u017esakymas bus i\u0161si\u0173stas anonimi\u0161kai ir diskreti\u0161kai. Be to, galite lengvai ir greitai atsiskaityti naudodamiesi iDEAL arba \"Bancontact\". U\u017esisakykite svetain\u0117je arba susisiekite su mumis per pokalb\u012f. Jei turite klausim\u0173 ir (arba) pastab\u0173, visada galite mums paskambinti, para\u0161yti el. lai\u0161k\u0105 arba paskambinti. Nor\u0117dami u\u017esisakyti didesn\u012f kiek\u012f, ra\u0161ykite el. pa\u0161tu info@dutchchemlabs.com. Laukiame j\u016bs\u0173 u\u017esakymo! M\u016bs\u0173 benzodiazepinai yra laboratori\u0161kai i\u0161tirti ir 100% gryni.<\/p>\n<h2>Taip pat tiekiame didelius kiekius<\/h2>\n<p>Wil je graag Benzodiazepinen bestellen in grotere hoeveelheden? Neem dan via de chat contact met ons op. dutchchemlabs.com bied scherpe tarieven voor grotere hoeveelheden. Wacht niet langer en neem vandaag nog contact op. <a href=\"https:\/\/dutchchemlabs.com\/contact\">Klik hier om direct met ons in contact te komen.<\/a><\/p>\n<div id=\"ConnectiveDocSignExtentionInstalled\" data-extension-version=\"1.0.4\"><\/div>","protected":false},"excerpt":{"rendered":"<ul>\n<li><strong>Diskreti\u0161kas ir anoniminis pristatymas<\/strong><\/li>\n<li><strong>U\u017esakyta iki 18:00 = pristatyta rytoj!<\/strong><\/li>\n<li><strong>Nemokamas pristatymas nuo 50 \u20ac<\/strong><\/li>\n<\/ul>\n<div id=\"ConnectiveDocSignExtentionInstalled\" data-extension-version=\"1.0.4\"><\/div>","protected":false},"featured_media":8768,"comment_status":"open","ping_status":"closed","template":"","meta":[],"product_brand":[],"product_cat":[216,325,336,326,190,89,189,187,84],"product_tag":[],"class_list":{"0":"post-6374","1":"product","2":"type-product","3":"status-publish","4":"has-post-thumbnail","6":"product_cat-2fea","7":"product_cat-3fpm","8":"product_cat-3mma","9":"product_cat-4fmph","10":"product_cat-combi-packs","11":"product_cat-gefluoreerden","12":"product_cat-overig","13":"product_cat-populair","14":"product_cat-sale","16":"first","17":"instock","18":"sale","19":"taxable","20":"shipping-taxable","21":"purchasable","22":"product-type-variable"},"jetpack_sharing_enabled":true,"_links":{"self":[{"href":"https:\/\/dutchchemlabs.com\/lt\/wp-json\/wp\/v2\/product\/6374","targetHints":{"allow":["GET"]}}],"collection":[{"href":"https:\/\/dutchchemlabs.com\/lt\/wp-json\/wp\/v2\/product"}],"about":[{"href":"https:\/\/dutchchemlabs.com\/lt\/wp-json\/wp\/v2\/types\/product"}],"replies":[{"embeddable":true,"href":"https:\/\/dutchchemlabs.com\/lt\/wp-json\/wp\/v2\/comments?post=6374"}],"version-history":[{"count":2,"href":"https:\/\/dutchchemlabs.com\/lt\/wp-json\/wp\/v2\/product\/6374\/revisions"}],"predecessor-version":[{"id":8772,"href":"https:\/\/dutchchemlabs.com\/lt\/wp-json\/wp\/v2\/product\/6374\/revisions\/8772"}],"wp:featuredmedia":[{"embeddable":true,"href":"https:\/\/dutchchemlabs.com\/lt\/wp-json\/wp\/v2\/media\/8768"}],"wp:attachment":[{"href":"https:\/\/dutchchemlabs.com\/lt\/wp-json\/wp\/v2\/media?parent=6374"}],"wp:term":[{"taxonomy":"product_brand","embeddable":true,"href":"https:\/\/dutchchemlabs.com\/lt\/wp-json\/wp\/v2\/product_brand?post=6374"},{"taxonomy":"product_cat","embeddable":true,"href":"https:\/\/dutchchemlabs.com\/lt\/wp-json\/wp\/v2\/product_cat?post=6374"},{"taxonomy":"product_tag","embeddable":true,"href":"https:\/\/dutchchemlabs.com\/lt\/wp-json\/wp\/v2\/product_tag?post=6374"}],"curies":[{"name":"wp","href":"https:\/\/api.w.org\/{rel}","templated":true}]}}