{"id":6517,"date":"2025-09-20T19:25:01","date_gmt":"2025-09-20T19:25:01","guid":{"rendered":"https:\/\/dutchchemlabs.com\/?post_type=product&#038;p=6517"},"modified":"2025-11-08T07:39:08","modified_gmt":"2025-11-08T07:39:08","slug":"1v-lsd-blotters-150mcg","status":"publish","type":"product","link":"https:\/\/dutchchemlabs.com\/lt\/produktas\/1v-lsd-blotters-150mcg\/","title":{"rendered":"1V-LSD Blotters (150mcg)"},"content":{"rendered":"<p>1V-LSD kopen? Bestel vandaag nog de allerhoogste kwaliteit 1V-LSD Art Blotters bij dutchchemlabs.com. Voor 18:00 besteld is morgen al in huis! We doen er alles aan om onze producten zo snel mogelijk bij je te krijgen. Daarnaast kun je gemakkelijk en veilig betalen met iDEAL. 1V-LSD Art Blotters kopen doe je bij dutchchemlabs.com, de snelste, beste en goedkoopste!<\/p>\n<h2>Wat is 1V-LSD?<\/h2>\n<p>1-Valeroyl-d-lysergic acid diethylamide, ook bekend als 1V-LSD of Valerie, is een nieuw psychedelisch middel uit de lysergamideklasse. Het staat nauw in verband met LSD en 1P-LSD en zou naar verluidt vrijwel identieke effecten produceren. Hoewel de farmacologie niet volledig bekend is, lijkt het waarschijnlijk vergelijkbaar met die van LSD, dat werkt op serotonine-, dopamine- en noradrenaline-receptoren in de hersenen. Deze research chemical lijkt voor het eerst te zijn gesynthetiseerd in juni of juli 2021.<\/p>\n<p>Taip pat si\u016blome <a href=\"https:\/\/dutchchemlabs.com\/product-categorie\/research-chemicals\/cathinonen\/2mmc-kopen\/\">2MMC<\/a>, <a href=\"https:\/\/dutchchemlabs.com\/product-categorie\/research-chemicals\/cathinonen\/pentedrone-nep\/\">Pentedronas (NEP)<\/a>,\u00a0<a href=\"https:\/\/dutchchemlabs.com\/product-categorie\/research-chemicals\/cathinonen\/3fmc\/\">3FMC<\/a> ir kit\u0173 mokslini\u0173 tyrim\u0173 chemini\u0173 med\u017eiag\u0173.<\/p>\n<h2>1V-LSD effecten<\/h2>\n<p>Gebruikers melden dat de subjectieve effecten van 1V-LSD vrijwel identiek zijn aan die van LSD, met weinig onderscheid tussen de twee. Vergeleken met andere psychedelica, zoals psilocybine, LSA en ayahuasca, wordt 1V-LSD als significant meer stimulerend en energiek ervaren in zowel fysieke als cognitieve effecten.<\/p>\n<p>De positieve effecten omvatten een sterke stimulatie, een intens lichamelijk gevoel dat wordt omschreven als een extatische, snelle, scherpe tinteling die opkomt en piekt met de trip. Er is een verhoogde tactiele waarneming en uithoudingsvermogen, terwijl eetlust wordt onderdrukt. Het kan echter ook leiden tot onplezierige fysieke effecten, waaronder milde misselijkheid, verhoogde hartslag en spierspasmen.<\/p>\n<p>Visueel veroorzaakt 1V-LSD versterkte kleuren, patronen en scherpte, met langzame, cartoonachtige bewegende visuele vervormingen. Hallucinatoire effecten, zoals interne en externe visuele hallucinaties, zijn zeldzaam en inconsistent, en 1V-LSD leidt meestal tot complexe geometrische patronen. Bij hogere doses kan het zeer intense en minder voorspelbare effecten veroorzaken, zoals machinescapes.<\/p>\n<p>Let op! Het is belangrijk om op te merken dat de effecten van 1V-LSD niet altijd voorspelbaar zijn en bij hogere doses negatieve effecten kunnen optreden, zoals misselijkheid, spierspasmen en zelfs epileptische aanvallen, vooral bij personen die daar genetisch vatbaar voor zijn. Voorzichtigheid is geboden bij het gebruik van deze stof bij het uitvoeren van jouw onderzoek.<\/p>\n<h2>U\u017esakyta iki 18:00 = pristatyta rytoj!<\/h2>\n<p><strong>U\u017esakyta iki 18:00 = pristatyta rytoj! <\/strong>J\u016bs\u0173 u\u017esakymas bus i\u0161si\u0173stas anonimi\u0161kai ir diskreti\u0161kai per m\u016bs\u0173 nuolatin\u012f partner\u012f \"PostNL\". Be to, galite lengvai ir greitai atsiskaityti naudodamiesi iDEAL arba \"Bancontact\". U\u017esisakykite svetain\u0117je arba susisiekite su mumis per pokalb\u012f. Jei turite klausim\u0173 ir (arba) pastab\u0173, visada galite mums paskambinti, para\u0161yti el. lai\u0161k\u0105 arba paskambinti. Nor\u0117dami u\u017esisakyti didesn\u012f kiek\u012f, ra\u0161ykite el. pa\u0161tu info@dutchchemlabs.com. Laukiame j\u016bs\u0173 u\u017esakymo!<\/p>\n<div id=\"ConnectiveDocSignExtentionInstalled\" data-extension-version=\"1.0.4\"><\/div>","protected":false},"excerpt":{"rendered":"<ul>\n<li><strong>Diskreti\u0161kas ir anoniminis pristatymas<\/strong><\/li>\n<li><strong>U\u017esakyta iki 18:00 = pristatyta rytoj!<\/strong><\/li>\n<li><strong>Nemokamas pristatymas nuo 50 \u20ac<\/strong><\/li>\n<\/ul>\n<div id=\"ConnectiveDocSignExtentionInstalled\" data-extension-version=\"1.0.4\"><\/div>","protected":false},"featured_media":8958,"comment_status":"open","ping_status":"closed","template":"","meta":[],"product_brand":[],"product_cat":[341,574,91],"product_tag":[],"class_list":{"0":"post-6517","1":"product","2":"type-product","3":"status-publish","4":"has-post-thumbnail","6":"product_cat-1v-lsd","7":"product_cat-blotters","8":"product_cat-lysergamides","10":"first","11":"instock","12":"taxable","13":"shipping-taxable","14":"purchasable","15":"product-type-variable"},"jetpack_sharing_enabled":true,"_links":{"self":[{"href":"https:\/\/dutchchemlabs.com\/lt\/wp-json\/wp\/v2\/product\/6517","targetHints":{"allow":["GET"]}}],"collection":[{"href":"https:\/\/dutchchemlabs.com\/lt\/wp-json\/wp\/v2\/product"}],"about":[{"href":"https:\/\/dutchchemlabs.com\/lt\/wp-json\/wp\/v2\/types\/product"}],"replies":[{"embeddable":true,"href":"https:\/\/dutchchemlabs.com\/lt\/wp-json\/wp\/v2\/comments?post=6517"}],"version-history":[{"count":2,"href":"https:\/\/dutchchemlabs.com\/lt\/wp-json\/wp\/v2\/product\/6517\/revisions"}],"predecessor-version":[{"id":8959,"href":"https:\/\/dutchchemlabs.com\/lt\/wp-json\/wp\/v2\/product\/6517\/revisions\/8959"}],"wp:featuredmedia":[{"embeddable":true,"href":"https:\/\/dutchchemlabs.com\/lt\/wp-json\/wp\/v2\/media\/8958"}],"wp:attachment":[{"href":"https:\/\/dutchchemlabs.com\/lt\/wp-json\/wp\/v2\/media?parent=6517"}],"wp:term":[{"taxonomy":"product_brand","embeddable":true,"href":"https:\/\/dutchchemlabs.com\/lt\/wp-json\/wp\/v2\/product_brand?post=6517"},{"taxonomy":"product_cat","embeddable":true,"href":"https:\/\/dutchchemlabs.com\/lt\/wp-json\/wp\/v2\/product_cat?post=6517"},{"taxonomy":"product_tag","embeddable":true,"href":"https:\/\/dutchchemlabs.com\/lt\/wp-json\/wp\/v2\/product_tag?post=6517"}],"curies":[{"name":"wp","href":"https:\/\/api.w.org\/{rel}","templated":true}]}}