{"id":6887,"date":"2025-09-20T19:26:08","date_gmt":"2025-09-20T19:26:08","guid":{"rendered":"https:\/\/dutchchemlabs.com\/?post_type=product&#038;p=6887"},"modified":"2025-11-08T07:39:06","modified_gmt":"2025-11-08T07:39:06","slug":"black-tiger-silver-popper-30ml","status":"publish","type":"product","link":"https:\/\/dutchchemlabs.com\/lt\/produktas\/black-tiger-silver-popper-30ml\/","title":{"rendered":"\"Black Tiger Silver Popper\" (30 ml)"},"content":{"rendered":"<h2>Black Tiger Silver poppers bestellen<\/h2>\n<p>Bij dutchchemlabs.com hebben wij een popper die jouw seksleven naar een hoger niveau kan tillen: Black Tiger Silver 24ml poppers! Met Black Tiger Silver poppers kun jij binnen enkele seconden een geweldige rush ervaren, waarbij al jouw gevoelens worden versterkt.<\/p>\n<p>Het gebruik van Black Tiger Silver poppers is heel eenvoudig. De geur van de poppers wordt direct uit het flesje via de neus opgesnoven. Het effect is vrijwel meteen merkbaar en houdt twee tot maximaal vijf minuten aan. Dit maakt het de perfecte oplossing voor mensen die op zoek zijn naar een kortdurende maar krachtige ervaring.<\/p>\n<p>Maar er is meer! Black Tiger Silver poppers kunnen ook helpen om de bloedvaten te ontspannen en de bloedtoevoer naar de penis te vergroten, waardoor de erectie verbetert. Hierdoor kun jij langer en intenser genieten van jouw seksuele ervaringen.<\/p>\n<p>Bij dutchchemlabs.com kun jij eenvoudig Black Tiger Silver poppers kopen en bestellen. Wij bieden een ruim assortiment aan van verschillende soorten poppers, zodat jij altijd de juiste keuze kunt maken. Onze poppers zijn van hoge kwaliteit en worden snel en discreet bij jou thuis bezorgd. Waar wacht je nog op? Bestel nu bij dutchchemlabs.com en geniet van de krachtige en intense ervaring van Black Tiger Silver poppers!<\/p>\n<h2>Black Tiger Silver review<\/h2>\n<p>Ervaar de opwindende kracht van Black Tiger Silver Poppers, gebaseerd op de originele pentyl nitriet. Laat de tijger in je ontwaken en word de koning van de jungle met deze klassieke editie. Deze poppers bieden een lustopwekkende sensatie, ontspannen de spieren en geven een stimulerend gevoel. Ze zorgen voor een korte maar intense daling van de bloeddruk, wat resulteert in gewenste effecten. Black Tiger Silver Poppers laten je lustgevoel versterken en brengen je naar nieuwe hoogten van genot. Grijp deze zilveren editie op een intiem moment en ervaar een intense sensuele ervaring die je prikkelt en opwindt.<\/p>\n<h2>Pirkite poppers i\u0161 dutchchemlabs.com<\/h2>\n<p>Svetain\u0117je dutchchemlabs.com galite neseniai u\u017esisakyti poppers. Vis dar intensyviai ple\u010diame savo gamini\u0173 asortiment\u0105. Gal turite pasi\u016blym\u0173, koki\u0173 popperi\u0173 ar kit\u0173 gamini\u0173 gal\u0117tume pasi\u016blyti? <a href=\"https:\/\/dutchchemlabs.com\/contact\">Susisiekite su mumis<\/a> op en laat het ons weten! Naast de Black Tiger Silver 30ml bieden wij <a href=\"https:\/\/dutchchemlabs.com\/product-categorie\/poppers\/\">keli\u0173 tip\u0173 popperiai<\/a>.<\/p>\n<h2>U\u017esakyta iki 18:00 = pristatyta rytoj!<\/h2>\n<p><strong>U\u017esakyta iki 18:00 = pristatyta rytoj! <\/strong>J\u016bs\u0173 u\u017esakymas bus i\u0161si\u0173stas anonimi\u0161kai ir diskreti\u0161kai per m\u016bs\u0173 nuolatin\u012f partner\u012f \"PostNL\". Be to, galite lengvai ir greitai atsiskaityti naudodamiesi iDEAL arba \"Bancontact\". U\u017esisakykite svetain\u0117je arba susisiekite su mumis per pokalb\u012f. Jei turite klausim\u0173 ir (arba) pastab\u0173, visada galite mums paskambinti, para\u0161yti el. lai\u0161k\u0105 arba paskambinti. Nor\u0117dami u\u017esisakyti didesn\u012f kiek\u012f, ra\u0161ykite el. pa\u0161tu info@dutchchemlabs.com. Laukiame j\u016bs\u0173 u\u017esakymo!<\/p>\n<p>Si\u016blome keli\u0173 tip\u0173 <a href=\"https:\/\/dutchchemlabs.com\/product-categorie\/poppers\/\">Poppers<\/a>\u00a0\u012f. Mes taip pat esame\u00a0<a href=\"https:\/\/dutchchemlabs.com\/product-categorie\/research-chemicals\/\">Tyrim\u0173 chemin\u0117s med\u017eiagos<\/a>\u00a0Specialistas.<\/p>\n<div id=\"ConnectiveDocSignExtentionInstalled\" data-extension-version=\"1.0.4\"><\/div>","protected":false},"excerpt":{"rendered":"<ul>\n<li><strong>Diskreti\u0161kas ir anoniminis pristatymas<\/strong><\/li>\n<li><strong>U\u017esakyta iki 18:00 = pristatyta rytoj!<\/strong><\/li>\n<li><strong>Nemokamas pristatymas nuo 50 \u20ac<\/strong><\/li>\n<\/ul>\n<div id=\"ConnectiveDocSignExtentionInstalled\" data-extension-version=\"1.0.4\"><\/div>","protected":false},"featured_media":6922,"comment_status":"open","ping_status":"closed","template":"","meta":[],"product_brand":[],"product_cat":[206,207],"product_tag":[],"class_list":{"0":"post-6887","1":"product","2":"type-product","3":"status-publish","4":"has-post-thumbnail","6":"product_cat-poppers","7":"product_cat-poppers-large","9":"first","10":"instock","11":"taxable","12":"shipping-taxable","13":"purchasable","14":"product-type-simple"},"jetpack_sharing_enabled":true,"_links":{"self":[{"href":"https:\/\/dutchchemlabs.com\/lt\/wp-json\/wp\/v2\/product\/6887","targetHints":{"allow":["GET"]}}],"collection":[{"href":"https:\/\/dutchchemlabs.com\/lt\/wp-json\/wp\/v2\/product"}],"about":[{"href":"https:\/\/dutchchemlabs.com\/lt\/wp-json\/wp\/v2\/types\/product"}],"replies":[{"embeddable":true,"href":"https:\/\/dutchchemlabs.com\/lt\/wp-json\/wp\/v2\/comments?post=6887"}],"version-history":[{"count":1,"href":"https:\/\/dutchchemlabs.com\/lt\/wp-json\/wp\/v2\/product\/6887\/revisions"}],"predecessor-version":[{"id":6923,"href":"https:\/\/dutchchemlabs.com\/lt\/wp-json\/wp\/v2\/product\/6887\/revisions\/6923"}],"wp:featuredmedia":[{"embeddable":true,"href":"https:\/\/dutchchemlabs.com\/lt\/wp-json\/wp\/v2\/media\/6922"}],"wp:attachment":[{"href":"https:\/\/dutchchemlabs.com\/lt\/wp-json\/wp\/v2\/media?parent=6887"}],"wp:term":[{"taxonomy":"product_brand","embeddable":true,"href":"https:\/\/dutchchemlabs.com\/lt\/wp-json\/wp\/v2\/product_brand?post=6887"},{"taxonomy":"product_cat","embeddable":true,"href":"https:\/\/dutchchemlabs.com\/lt\/wp-json\/wp\/v2\/product_cat?post=6887"},{"taxonomy":"product_tag","embeddable":true,"href":"https:\/\/dutchchemlabs.com\/lt\/wp-json\/wp\/v2\/product_tag?post=6887"}],"curies":[{"name":"wp","href":"https:\/\/api.w.org\/{rel}","templated":true}]}}