{"id":6898,"date":"2025-09-20T19:26:08","date_gmt":"2025-09-20T19:26:08","guid":{"rendered":"https:\/\/dutchchemlabs.com\/?post_type=product&#038;p=6898"},"modified":"2025-11-08T07:39:07","modified_gmt":"2025-11-08T07:39:07","slug":"highrise-city-30ml-poppers","status":"publish","type":"product","link":"https:\/\/dutchchemlabs.com\/lt\/produktas\/highrise-city-30ml-poppers\/","title":{"rendered":"\"Highrise City\" 30ml poppers"},"content":{"rendered":"<h2>Lockerroom Poppers Highrise City bestellen<\/h2>\n<p>Bent u op zoek naar een intense en sensationele ervaring? Dan is Lockerroom Poppers Highrise City 30ml het product dat u zoekt! Deze hoogwaardige poppers zijn speciaal ontwikkeld om u te helpen ontspannen en uw grenzen te verleggen, en zijn verkrijgbaar om te kopen of te bestellen bij dutchchemlabs.com.<\/p>\n<p>Lockerroom Poppers Highrise City 30ml is gemaakt van hoogwaardige ingredi\u00ebnten en biedt een snelle en effectieve rush. Deze krachtige formule is perfect voor mensen die op zoek zijn naar een intens gevoel van warmte en opwinding. Of u nu wilt ontspannen na een lange dag of gewoon een spannende ervaring wilt beleven, deze poppers zijn de ideale keuze.<\/p>\n<p>Bij dutchchemlabs.com kunt u eenvoudig en veilig poppers kopen of bestellen. Wij bieden een snelle en discrete verzending, zodat u snel kunt genieten van uw Lockerroom Poppers Highrise City 30ml. Wacht niet langer en ervaar zelf waarom deze poppers zo populair zijn bij onze klanten. Bestel nu en beleef een onvergetelijke ervaring!<\/p>\n<h2>Lockerroom Poppers Highrise City review<\/h2>\n<p>Lockerroom Poppers Highrise City is een opwindende toevoeging aan het assortiment poppers van Lockerroom. Met deze poppers kun je jezelf onderdompelen in de opwinding van de stad en genieten van een intense ervaring. Highrise City is speciaal ontworpen om je zintuigen te stimuleren en je naar nieuwe hoogten te brengen. De krachtige formule van deze poppers zorgt voor een snelle en langdurige werking, waardoor je kunt genieten van een langere en intensere roes. Of je nu op zoek bent naar een boost tijdens je feestavonden of een extra tintje wilt geven aan je intieme momenten, Lockerroom Poppers Highrise City biedt een betrouwbare en bevredigende ervaring. Vergeet niet om de aanwijzingen op te volgen en deze poppers alleen te gebruiken zoals voorgeschreven. Ontdek de opwindende wereld van Lockerroom Poppers Highrise City en laat je meeslepen door de sensaties van de stad.<\/p>\n<h2>Pirkite poppers i\u0161 dutchchemlabs.com<\/h2>\n<p>Svetain\u0117je dutchchemlabs.com galite neseniai u\u017esisakyti poppers. Vis dar intensyviai ple\u010diame savo gamini\u0173 asortiment\u0105. Gal turite pasi\u016blym\u0173, koki\u0173 popperi\u0173 ar kit\u0173 gamini\u0173 gal\u0117tume pasi\u016blyti? <a href=\"https:\/\/dutchchemlabs.com\/contact\">Susisiekite su mumis<\/a> op en laat het ons weten! Naast de Lockerroom Poppers Highrise City 30ml poppers bieden wij <a href=\"https:\/\/dutchchemlabs.com\/product-categorie\/poppers\/\">keli\u0173 tip\u0173 popperiai<\/a>.<\/p>\n<h2>U\u017esakyta iki 18:00 = pristatyta rytoj!<\/h2>\n<p><strong>U\u017esakyta iki 18:00 = pristatyta rytoj! <\/strong>J\u016bs\u0173 u\u017esakymas bus i\u0161si\u0173stas anonimi\u0161kai ir diskreti\u0161kai per m\u016bs\u0173 nuolatin\u012f partner\u012f \"PostNL\". Be to, galite lengvai ir greitai atsiskaityti naudodamiesi iDEAL arba \"Bancontact\". U\u017esisakykite svetain\u0117je arba susisiekite su mumis per pokalb\u012f. Jei turite klausim\u0173 ir (arba) pastab\u0173, visada galite mums paskambinti, para\u0161yti el. lai\u0161k\u0105 arba paskambinti. Nor\u0117dami u\u017esisakyti didesn\u012f kiek\u012f, ra\u0161ykite el. pa\u0161tu info@dutchchemlabs.com. Laukiame j\u016bs\u0173 u\u017esakymo!<\/p>\n<p>Si\u016blome keli\u0173 tip\u0173 <a href=\"https:\/\/dutchchemlabs.com\/product-categorie\/poppers\/\">Poppers<\/a>\u00a0\u012f. Mes taip pat esame\u00a0<a href=\"https:\/\/dutchchemlabs.com\/product-categorie\/research-chemicals\/\">Tyrim\u0173 chemin\u0117s med\u017eiagos<\/a>\u00a0Specialistas.<\/p>\n<div id=\"ConnectiveDocSignExtentionInstalled\" data-extension-version=\"1.0.4\"><\/div>","protected":false},"excerpt":{"rendered":"<ul>\n<li><strong>Diskreti\u0161kas ir anoniminis pristatymas<\/strong><\/li>\n<li><strong>U\u017esakyta iki 18:00 = pristatyta rytoj!<\/strong><\/li>\n<li><strong>Nemokamas pristatymas nuo 50 \u20ac<\/strong><\/li>\n<\/ul>\n<div id=\"ConnectiveDocSignExtentionInstalled\" data-extension-version=\"1.0.4\"><\/div>","protected":false},"featured_media":6947,"comment_status":"open","ping_status":"closed","template":"","meta":[],"product_brand":[],"product_cat":[206,207],"product_tag":[],"class_list":{"0":"post-6898","1":"product","2":"type-product","3":"status-publish","4":"has-post-thumbnail","6":"product_cat-poppers","7":"product_cat-poppers-large","9":"first","10":"instock","11":"taxable","12":"shipping-taxable","13":"purchasable","14":"product-type-simple"},"jetpack_sharing_enabled":true,"_links":{"self":[{"href":"https:\/\/dutchchemlabs.com\/lt\/wp-json\/wp\/v2\/product\/6898","targetHints":{"allow":["GET"]}}],"collection":[{"href":"https:\/\/dutchchemlabs.com\/lt\/wp-json\/wp\/v2\/product"}],"about":[{"href":"https:\/\/dutchchemlabs.com\/lt\/wp-json\/wp\/v2\/types\/product"}],"replies":[{"embeddable":true,"href":"https:\/\/dutchchemlabs.com\/lt\/wp-json\/wp\/v2\/comments?post=6898"}],"version-history":[{"count":1,"href":"https:\/\/dutchchemlabs.com\/lt\/wp-json\/wp\/v2\/product\/6898\/revisions"}],"predecessor-version":[{"id":6948,"href":"https:\/\/dutchchemlabs.com\/lt\/wp-json\/wp\/v2\/product\/6898\/revisions\/6948"}],"wp:featuredmedia":[{"embeddable":true,"href":"https:\/\/dutchchemlabs.com\/lt\/wp-json\/wp\/v2\/media\/6947"}],"wp:attachment":[{"href":"https:\/\/dutchchemlabs.com\/lt\/wp-json\/wp\/v2\/media?parent=6898"}],"wp:term":[{"taxonomy":"product_brand","embeddable":true,"href":"https:\/\/dutchchemlabs.com\/lt\/wp-json\/wp\/v2\/product_brand?post=6898"},{"taxonomy":"product_cat","embeddable":true,"href":"https:\/\/dutchchemlabs.com\/lt\/wp-json\/wp\/v2\/product_cat?post=6898"},{"taxonomy":"product_tag","embeddable":true,"href":"https:\/\/dutchchemlabs.com\/lt\/wp-json\/wp\/v2\/product_tag?post=6898"}],"curies":[{"name":"wp","href":"https:\/\/api.w.org\/{rel}","templated":true}]}}