{"id":7361,"date":"2025-09-20T19:27:36","date_gmt":"2025-09-20T19:27:36","guid":{"rendered":"https:\/\/dutchchemlabs.com\/?post_type=product&#038;p=7361"},"modified":"2025-11-08T07:39:04","modified_gmt":"2025-11-08T07:39:04","slug":"popper-inhaler","status":"publish","type":"product","link":"https:\/\/dutchchemlabs.com\/lt\/produktas\/popper-inhaler\/","title":{"rendered":"Popper Inhaler"},"content":{"rendered":"<h2>Poppers inhaler<\/h2>\n<p>De Popper inhaler is ideaal te gebruiken om jouw favoriete popper in te nemen. Gemakkelijk te gebruiken. Vul het flesje met jouw popper en neem het overal mee! Dat is leuk voor op feestjes of tussen de lakens. Poppers maken jouw intieme momenten nog leuker en spannender! Wanneer je direct uit het flesje snuift voel je direct het effect. Het effect duurt een aantal minuten. Let op: Gebruik poppers niet in combinatie met erectiemiddelen.<\/p>\n<p>Ar taip pat norite <a href=\"https:\/\/dutchchemlabs.com\/product-categorie\/research-chemicals\/cathinonen\/pentedrone-nep\/\"><span class=\"breadcrumb_last\" aria-current=\"page\">Pentedronas (NEP)<\/span><\/a> arba <a href=\"https:\/\/dutchchemlabs.com\/product-categorie\/research-chemicals\/cathinonen\/2mmc-kopen\/\">Pirkti 2MMC<\/a> ar? \"dutchchemlabs.com\" taip pat prekiaujame keli\u0173 r\u016b\u0161i\u0173 chemin\u0117mis med\u017eiagomis, skirtomis moksliniams tyrimams.<\/p>\n<h2>Hoe werkt een popper inhaler?<\/h2>\n<p>Met een popper inhaler kun je poppers veilig en discreet consumeren. Een popper inhaler is een apparaatje dat is ontworpen om een geconcentreerde dosis poppers of alkylnitrieten af te geven, meestal door inhalatie. De inhaler biedt een snelle en gemakkelijke manier om het medicijn toe te dienen, waarbij de effecten bijna onmiddellijk voelbaar zijn. De poppers inhaler kan gebruikers een aangenaam, euforisch gevoel en een gevoel van ontspanning geven. Een popper inhaler is met andere woorden een apparaatje dat is ontworpen voor het inhaleren van poppers, dit zijn vloeibare middelen die worden ingeademd voor een onmiddellijke high.<\/p>\n<h2>U\u017esakyta iki 18:00 = pristatyta rytoj!<\/h2>\n<p><strong>U\u017esakyta iki 18:00 = pristatyta rytoj! <\/strong>J\u016bs\u0173 u\u017esakymas bus i\u0161si\u0173stas anonimi\u0161kai ir diskreti\u0161kai per m\u016bs\u0173 nuolatin\u012f partner\u012f \"PostNL\". Be to, galite lengvai ir greitai atsiskaityti naudodamiesi iDEAL arba \"Bancontact\". Nor\u0117dami u\u017esisakyti didesn\u012f kiek\u012f, ra\u0161ykite el. pa\u0161tu info@dutchchemlabs.com. Laukiame j\u016bs\u0173 u\u017esakymo!<\/p>\n<p>dutchchemlabs.com verkoopt meerdere soorten <a href=\"https:\/\/dutchchemlabs.com\/product-categorie\/poppers\/\">poppers<\/a>, <a href=\"https:\/\/dutchchemlabs.com\/product-categorie\/research-chemicals\/\">Tyrim\u0173 chemin\u0117s med\u017eiagos<\/a> ir dar daugiau.<\/p>\n<p>&nbsp;<\/p>\n<div id=\"ConnectiveDocSignExtentionInstalled\" data-extension-version=\"1.0.4\"><\/div>","protected":false},"excerpt":{"rendered":"<ul>\n<li><strong>Diskreti\u0161kas ir anoniminis pristatymas<\/strong><\/li>\n<li><strong>U\u017esakyta iki 18:00 = pristatyta rytoj!<\/strong><\/li>\n<li><strong>Nemokamas pristatymas nuo 50 \u20ac<\/strong><\/li>\n<\/ul>\n<div id=\"ConnectiveDocSignExtentionInstalled\" data-extension-version=\"1.0.4\"><\/div>","protected":false},"featured_media":7384,"comment_status":"open","ping_status":"closed","template":"","meta":[],"product_brand":[],"product_cat":[206,207,208,209],"product_tag":[],"class_list":{"0":"post-7361","1":"product","2":"type-product","3":"status-publish","4":"has-post-thumbnail","6":"product_cat-poppers","7":"product_cat-poppers-large","8":"product_cat-poppers-medium","9":"product_cat-poppers-small","11":"first","12":"instock","13":"taxable","14":"shipping-taxable","15":"purchasable","16":"product-type-variable"},"jetpack_sharing_enabled":true,"_links":{"self":[{"href":"https:\/\/dutchchemlabs.com\/lt\/wp-json\/wp\/v2\/product\/7361","targetHints":{"allow":["GET"]}}],"collection":[{"href":"https:\/\/dutchchemlabs.com\/lt\/wp-json\/wp\/v2\/product"}],"about":[{"href":"https:\/\/dutchchemlabs.com\/lt\/wp-json\/wp\/v2\/types\/product"}],"replies":[{"embeddable":true,"href":"https:\/\/dutchchemlabs.com\/lt\/wp-json\/wp\/v2\/comments?post=7361"}],"version-history":[{"count":1,"href":"https:\/\/dutchchemlabs.com\/lt\/wp-json\/wp\/v2\/product\/7361\/revisions"}],"predecessor-version":[{"id":7385,"href":"https:\/\/dutchchemlabs.com\/lt\/wp-json\/wp\/v2\/product\/7361\/revisions\/7385"}],"wp:featuredmedia":[{"embeddable":true,"href":"https:\/\/dutchchemlabs.com\/lt\/wp-json\/wp\/v2\/media\/7384"}],"wp:attachment":[{"href":"https:\/\/dutchchemlabs.com\/lt\/wp-json\/wp\/v2\/media?parent=7361"}],"wp:term":[{"taxonomy":"product_brand","embeddable":true,"href":"https:\/\/dutchchemlabs.com\/lt\/wp-json\/wp\/v2\/product_brand?post=7361"},{"taxonomy":"product_cat","embeddable":true,"href":"https:\/\/dutchchemlabs.com\/lt\/wp-json\/wp\/v2\/product_cat?post=7361"},{"taxonomy":"product_tag","embeddable":true,"href":"https:\/\/dutchchemlabs.com\/lt\/wp-json\/wp\/v2\/product_tag?post=7361"}],"curies":[{"name":"wp","href":"https:\/\/api.w.org\/{rel}","templated":true}]}}