{"id":7857,"date":"2025-09-20T19:29:05","date_gmt":"2025-09-20T19:29:05","guid":{"rendered":"https:\/\/dutchchemlabs.com\/?post_type=product&#038;p=7857"},"modified":"2025-11-08T07:39:02","modified_gmt":"2025-11-08T07:39:02","slug":"benzo-kombinuotoji-pakuote","status":"publish","type":"product","link":"https:\/\/dutchchemlabs.com\/lt\/produktas\/benzo-kombinuotoji-pakuote\/","title":{"rendered":"Benzo Combi pakuot\u0117"},"content":{"rendered":"<p><strong>Pirkti \"Benzo Combi Pack\"? Nesate tikri, kurie benzo preparatai jums geriausiai tinka? Tuomet u\u017esisakykite \"Benzo Combi Pack\" \u0161iandien. Kombinuotojoje pakuot\u0117je rasite 5 skirtingus benzodiazepinus.<br \/>\n<\/strong><\/p>\n<p>Benzodiazepinai yra mokslini\u0173 tyrim\u0173 chemin\u0117 med\u017eiaga, netinkama vartoti \u017emon\u0117ms. U\u017esakytas iki 18:00 pristatomas rytoj! Su mumis galite lengvai ir saugiai atsiskaityti naudodamiesi iDEAL, kaip esate \u012fprat\u0119. Pirkite benzodiazepinus dutchchemlabs.com, grei\u010diausiame, geriausiame ir pigiausiame mokslini\u0173 tyrim\u0173 chemini\u0173 med\u017eiag\u0173 specialist\u0173 Nyderlanduose! Mes taip pat si\u016blome kit\u0173 <a href=\"https:\/\/dutchchemlabs.com\/product-categorie\/research-chemicals\/\"> Tyrim\u0173 chemin\u0117s med\u017eiagos<\/a> \u012f.<\/p>\n<h2>Kas yra \"Benzo Combi Pack\" pakuot\u0117je?<\/h2>\n<h4>\"Benzo Combi Pack Small\" pakuot\u0117:<\/h4>\n<ul>\n<li>5x pirazolamo granul\u0117s 3mg<\/li>\n<li>5x Norflurazepamo granul\u0117s 5mg<\/li>\n<li>5x Gidazepamo granul\u0117s 3mg<\/li>\n<li>5x Flubromazepamo granul\u0117s 8mg<\/li>\n<li>5x bromazolamo granul\u0117s 3mg<\/li>\n<\/ul>\n<h4>Didel\u0117 \"Benzo Combi Pack\" pakuot\u0117:<\/h4>\n<ul>\n<li>10x pirazolamo granul\u0117s 3mg<\/li>\n<li>10x Norflurazepamo granul\u0117s 5mg<\/li>\n<li>10x Gidazepamo granul\u0117s 3mg<\/li>\n<li>10x Flubromazepamo granul\u0117s 8mg<\/li>\n<li>10x bromazolamo granul\u0117s 3mg<\/li>\n<\/ul>\n<h2>Pirkti benzodiazepin\u0173<\/h2>\n<p>\"Benzo Combi Pack\" yra puikus sprendimas \u017emon\u0117ms, norintiems i\u0161bandyti \u012fvairi\u0173 r\u016b\u0161i\u0173 benzodiazepinus. \u0160ioje pakuot\u0117je yra \u012fvairi\u0173 benzodiazepin\u0173, tod\u0117l galite i\u0161bandyti kelis, kad rastum\u0117te sau tinkamiausi\u0105. Naudodami \"Benzo Combi Pack\" galite rasti jums tinkamiausi\u0105 benzodiazepin\u0105, neu\u017esisakydami skirting\u0173 pakuo\u010di\u0173.<\/p>\n<h2>U\u017esakyta iki 18:00 = pristatyta rytoj!<\/h2>\n<p><strong>U\u017esakyta iki 18:00 = pristatyta rytoj! <\/strong>J\u016bs\u0173 u\u017esakymas bus i\u0161si\u0173stas anonimi\u0161kai ir diskreti\u0161kai. Be to, galite lengvai ir greitai atsiskaityti naudodamiesi iDEAL arba \"Bancontact\". U\u017esisakykite svetain\u0117je arba susisiekite su mumis per pokalb\u012f. Jei turite klausim\u0173 ir (arba) pastab\u0173, visada galite mums paskambinti, para\u0161yti el. lai\u0161k\u0105 arba paskambinti. Nor\u0117dami u\u017esisakyti didesn\u012f kiek\u012f, ra\u0161ykite el. pa\u0161tu info@dutchchemlabs.com. Laukiame j\u016bs\u0173 u\u017esakymo! M\u016bs\u0173 benzodiazepinai yra laboratori\u0161kai i\u0161tirti ir 100% gryni.<\/p>\n<h2>Taip pat tiekiame didelius kiekius<\/h2>\n<p>Ar nor\u0117tum\u0117te u\u017esisakyti benzodiazepin\u0173 didesniais kiekiais? Tada susisiekite su mumis per pokalb\u012f. dutchchemlabs.com si\u016blo konkurencingas kainas didesniems kiekiams.Tada susisiekite su mumis per pokalb\u012f. dutchchemlabs.com si\u016blo konkurencingas kainas didesniems kiekiams. Nelaukite ilgiau ir susisiekite su mumis dar \u0161iandien.<\/p>\n<div id=\"ConnectiveDocSignExtentionInstalled\" data-extension-version=\"1.0.4\"><\/div>","protected":false},"excerpt":{"rendered":"<ul>\n<li><strong>Diskreti\u0161kas ir anoniminis pristatymas<\/strong><\/li>\n<li><strong>U\u017esakyta iki 18:00 = pristatyta rytoj!<\/strong><\/li>\n<li><strong>Nemokamas pristatymas nuo 50 \u20ac<\/strong><\/li>\n<\/ul>\n<div id=\"ConnectiveDocSignExtentionInstalled\" data-extension-version=\"1.0.4\"><\/div>","protected":false},"featured_media":8794,"comment_status":"open","ping_status":"closed","template":"","meta":[],"product_brand":[],"product_cat":[323,354,190,355,356,357,189,573,187,358,84],"product_tag":[],"class_list":{"0":"post-7857","1":"product","2":"type-product","3":"status-publish","4":"has-post-thumbnail","6":"product_cat-benzodiazepinen","7":"product_cat-bromazolam","8":"product_cat-combi-packs","9":"product_cat-flubromazepam","10":"product_cat-gidazepam","11":"product_cat-norflurazepam","12":"product_cat-overig","13":"product_cat-pellets","14":"product_cat-populair","15":"product_cat-pyrazolam","16":"product_cat-sale","18":"first","19":"instock","20":"sale","21":"taxable","22":"shipping-taxable","23":"purchasable","24":"product-type-variable"},"jetpack_sharing_enabled":true,"_links":{"self":[{"href":"https:\/\/dutchchemlabs.com\/lt\/wp-json\/wp\/v2\/product\/7857","targetHints":{"allow":["GET"]}}],"collection":[{"href":"https:\/\/dutchchemlabs.com\/lt\/wp-json\/wp\/v2\/product"}],"about":[{"href":"https:\/\/dutchchemlabs.com\/lt\/wp-json\/wp\/v2\/types\/product"}],"replies":[{"embeddable":true,"href":"https:\/\/dutchchemlabs.com\/lt\/wp-json\/wp\/v2\/comments?post=7857"}],"version-history":[{"count":2,"href":"https:\/\/dutchchemlabs.com\/lt\/wp-json\/wp\/v2\/product\/7857\/revisions"}],"predecessor-version":[{"id":8795,"href":"https:\/\/dutchchemlabs.com\/lt\/wp-json\/wp\/v2\/product\/7857\/revisions\/8795"}],"wp:featuredmedia":[{"embeddable":true,"href":"https:\/\/dutchchemlabs.com\/lt\/wp-json\/wp\/v2\/media\/8794"}],"wp:attachment":[{"href":"https:\/\/dutchchemlabs.com\/lt\/wp-json\/wp\/v2\/media?parent=7857"}],"wp:term":[{"taxonomy":"product_brand","embeddable":true,"href":"https:\/\/dutchchemlabs.com\/lt\/wp-json\/wp\/v2\/product_brand?post=7857"},{"taxonomy":"product_cat","embeddable":true,"href":"https:\/\/dutchchemlabs.com\/lt\/wp-json\/wp\/v2\/product_cat?post=7857"},{"taxonomy":"product_tag","embeddable":true,"href":"https:\/\/dutchchemlabs.com\/lt\/wp-json\/wp\/v2\/product_tag?post=7857"}],"curies":[{"name":"wp","href":"https:\/\/api.w.org\/{rel}","templated":true}]}}