{"id":3746,"date":"2025-09-20T09:20:37","date_gmt":"2025-09-20T09:20:37","guid":{"rendered":"https:\/\/dutchchemlabs.com\/?post_type=product&#038;p=3746"},"modified":"2025-11-08T07:39:12","modified_gmt":"2025-11-08T07:39:12","slug":"jungle-juice-platinum-15ml","status":"publish","type":"product","link":"https:\/\/dutchchemlabs.com\/lv\/product\/jungle-juice-platinum-15ml\/","title":{"rendered":"Jungle Juice Platinum 15ml"},"content":{"rendered":"<h1><strong>Jungle Juice Platinum 15ml<\/strong><\/h1>\n<p>Laat je zintuigen ontvlammen met de Jungle Juice Platinum 15ml, verkrijgbaar bij dutchchemlabs.com! Deze krachtige poppers zijn samengesteld met een unieke mix van isopropyl nitriet en zijn ontworpen om je avonturen naar nieuwe hoogten van genot te tillen.<\/p>\n<p>Met de Jungle Juice Platinum 15ml krijg je een snelle en intense rush die je zintuigen zal prikkelen en je in een staat van zalige extase zal brengen. Of je nu op zoek bent naar een extra stimulans tijdens intieme momenten of naar een spannende toevoeging aan je feestjes, deze poppers bieden een onvergetelijke ervaring.<\/p>\n<p>Dankzij de handige fles van 15ml kun je de Jungle Juice Platinum overal mee naartoe nemen. Of je nu een avondje uitgaat met vrienden, een feestje hebt of gewoon wat extra pit wilt toevoegen aan je priv\u00e9momenten, deze poppers zijn jouw ultieme metgezel.<\/p>\n<p>Kies voor plezier en opwinding met de Jungle Juice Platinum 15ml van dutchchemlabs.com. Bestel vandaag nog en ontdek de grenzeloze mogelijkheden van genot en stimulatie met deze sensationele poppers!<\/p>\n<h2>Pas\u016bt\u012bts pirms 18:00 = pieg\u0101d\u0101ts r\u012bt!<\/h2>\n<p><strong>Pas\u016bt\u012bts pirms 18:00 = pieg\u0101d\u0101ts r\u012bt! <\/strong>Je bestelling wordt anoniem en discreet verzonden met onze vaste partner, PostNL. Daarnaast kun je gemakkelijk en snel betalen met iDEAL of Bancontact. Bestel via de site of neem contact met ons op via de chat. Ook voor vragen en\/of opmerkingen kun je ons altijd bellen, appen of mailen. Voor bestellingen in grotere hoeveelheden kun je een mail sturen naar info@dutchchemlabs.com. We zien graag je bestelling tegemoet!<\/p>\n<p>dutchchemlabs.com p\u0101rdod <a href=\"https:\/\/dutchchemlabs.com\/product-categorie\/research-chemicals\/\">P\u0113tniec\u012bbas \u0137imik\u0101lijas<\/a> un daudz ko citu.<\/p>\n<div id=\"ConnectiveDocSignExtentionInstalled\" data-extension-version=\"1.0.4\"><\/div>","protected":false},"excerpt":{"rendered":"<ul>\n<li><strong>Diskr\u0113ta un anon\u012bma pieg\u0101de<\/strong><\/li>\n<li><strong>Pas\u016bt\u012bts pirms 18:00 = pieg\u0101d\u0101ts r\u012bt!<\/strong><\/li>\n<li><strong>Bezmaksas pieg\u0101de virs 50 \u20ac<\/strong><\/li>\n<\/ul>\n<div id=\"ConnectiveDocSignExtentionInstalled\" data-extension-version=\"1.0.4\"><\/div>","protected":false},"featured_media":3771,"comment_status":"open","ping_status":"closed","template":"","meta":[],"product_brand":[],"product_cat":[206,208],"product_tag":[],"class_list":{"0":"post-3746","1":"product","2":"type-product","3":"status-publish","4":"has-post-thumbnail","6":"product_cat-poppers","7":"product_cat-poppers-medium","9":"first","10":"instock","11":"taxable","12":"shipping-taxable","13":"purchasable","14":"product-type-simple"},"jetpack_sharing_enabled":true,"_links":{"self":[{"href":"https:\/\/dutchchemlabs.com\/lv\/wp-json\/wp\/v2\/product\/3746","targetHints":{"allow":["GET"]}}],"collection":[{"href":"https:\/\/dutchchemlabs.com\/lv\/wp-json\/wp\/v2\/product"}],"about":[{"href":"https:\/\/dutchchemlabs.com\/lv\/wp-json\/wp\/v2\/types\/product"}],"replies":[{"embeddable":true,"href":"https:\/\/dutchchemlabs.com\/lv\/wp-json\/wp\/v2\/comments?post=3746"}],"version-history":[{"count":1,"href":"https:\/\/dutchchemlabs.com\/lv\/wp-json\/wp\/v2\/product\/3746\/revisions"}],"predecessor-version":[{"id":3772,"href":"https:\/\/dutchchemlabs.com\/lv\/wp-json\/wp\/v2\/product\/3746\/revisions\/3772"}],"wp:featuredmedia":[{"embeddable":true,"href":"https:\/\/dutchchemlabs.com\/lv\/wp-json\/wp\/v2\/media\/3771"}],"wp:attachment":[{"href":"https:\/\/dutchchemlabs.com\/lv\/wp-json\/wp\/v2\/media?parent=3746"}],"wp:term":[{"taxonomy":"product_brand","embeddable":true,"href":"https:\/\/dutchchemlabs.com\/lv\/wp-json\/wp\/v2\/product_brand?post=3746"},{"taxonomy":"product_cat","embeddable":true,"href":"https:\/\/dutchchemlabs.com\/lv\/wp-json\/wp\/v2\/product_cat?post=3746"},{"taxonomy":"product_tag","embeddable":true,"href":"https:\/\/dutchchemlabs.com\/lv\/wp-json\/wp\/v2\/product_tag?post=3746"}],"curies":[{"name":"wp","href":"https:\/\/api.w.org\/{rel}","templated":true}]}}