{"id":3748,"date":"2025-09-20T09:20:37","date_gmt":"2025-09-20T09:20:37","guid":{"rendered":"https:\/\/dutchchemlabs.com\/?post_type=product&#038;p=3748"},"modified":"2025-11-08T07:39:12","modified_gmt":"2025-11-08T07:39:12","slug":"poppers-dzelzs-zirgs-30ml","status":"publish","type":"product","link":"https:\/\/dutchchemlabs.com\/lv\/product\/poppers-dzelzs-zirgs-30ml\/","title":{"rendered":"Poppers Iron Horse 30ml"},"content":{"rendered":"<h1><strong>Poppers Iron Horse 30ml<\/strong><\/h1>\n<p>Izbaudiet sp\u0113c\u012bgu un uzmundrino\u0161u saj\u016btu ar Iron Horse 30ml Poppers, kas pieejams vietn\u0113 dutchchemlabs.com! \u0160ie popperi ir izstr\u0101d\u0101ti, lai ar savu unik\u0101lo un stimul\u0113jo\u0161o formulu paceltu j\u016bsu piedz\u012bvojumus jaun\u0101 baudas augstum\u0101.<\/p>\n<p>Poppers Iron Horse pied\u0101v\u0101 \u0101tru un intens\u012bvu uzbudin\u0101jumu, pateicoties unik\u0101lajam izopropilnitr\u012bta mais\u012bjumam, kas stimul\u0113 j\u016bsu saj\u016btas un liek jums izjust v\u0113l nebiju\u0161u uzbudin\u0101juma saj\u016btu. Neatkar\u012bgi no t\u0101, vai mekl\u0113jat papildu uzmundrin\u0101jumu int\u012bmos br\u012b\u017eos vai aizraujo\u0161u papildin\u0101jumu sav\u0101m ball\u012bt\u0113m, \u0161ie popperi sniedz neaizmirstamu pieredzi.<\/p>\n<p>Ar \u0113rto 30 ml pudel\u012bti jums vienm\u0113r b\u016bs pa rokai pietiekami daudz Poppers Iron Horse visiem j\u016bsu piedz\u012bvojumiem. Neatkar\u012bgi no t\u0101, vai jums ir nakts izpriecas ar draugiem, ball\u012bte vai vienk\u0101r\u0161i v\u0113laties pievienot papildu jautr\u012bbu saviem priv\u0101tajiem br\u012b\u017eiem, \u0161ie popperi ir j\u016bsu lieliskais sabiedrotais.<\/p>\n<p>Izv\u0113lieties jaudu un uztraukumu ar Poppers Iron Horse 30ml no dutchchemlabs.com. Pas\u016btiet jau \u0161odien un atkl\u0101jiet neierobe\u017eot\u0101s baudas un stimul\u0101cijas iesp\u0113jas ar \u0161iem sensacion\u0101lajiem popperiem!<\/p>\n<h2>Pas\u016bt\u012bts pirms 18:00 = pieg\u0101d\u0101ts r\u012bt!<\/h2>\n<p><strong>Pas\u016bt\u012bts pirms 18:00 = pieg\u0101d\u0101ts r\u012bt! <\/strong>J\u016bsu pas\u016bt\u012bjums tiks nos\u016bt\u012bts anon\u012bmi un diskr\u0113ti ar m\u016bsu past\u0101v\u012bg\u0101 partnera PostNL starpniec\u012bbu. Turkl\u0101t j\u016bs varat viegli un \u0101tri nor\u0113\u0137in\u0101ties ar iDEAL vai Bancontact. Lai pas\u016bt\u012btu liel\u0101kus daudzumus, l\u016bdzu, s\u016btiet e-pastu uz info@dutchchemlabs.com. Gaid\u0101m j\u016bsu pas\u016bt\u012bjumu!<\/p>\n<p>dutchchemlabs.com p\u0101rdod <a href=\"https:\/\/dutchchemlabs.com\/product-categorie\/research-chemicals\/\">P\u0113tniec\u012bbas \u0137imik\u0101lijas<\/a> un daudz ko citu.<\/p>\n<p>&nbsp;<\/p>\n<div id=\"ConnectiveDocSignExtentionInstalled\" data-extension-version=\"1.0.4\"><\/div>","protected":false},"excerpt":{"rendered":"<ul>\n<li><strong>Diskr\u0113ta un anon\u012bma pieg\u0101de<\/strong><\/li>\n<li><strong>Pas\u016bt\u012bts pirms 18:00 = pieg\u0101d\u0101ts r\u012bt!<\/strong><\/li>\n<li><strong>Bezmaksas pieg\u0101de virs 50 \u20ac<\/strong><\/li>\n<\/ul>\n<div id=\"ConnectiveDocSignExtentionInstalled\" data-extension-version=\"1.0.4\"><\/div>","protected":false},"featured_media":3775,"comment_status":"open","ping_status":"closed","template":"","meta":[],"product_brand":[],"product_cat":[206,207],"product_tag":[],"class_list":{"0":"post-3748","1":"product","2":"type-product","3":"status-publish","4":"has-post-thumbnail","6":"product_cat-poppers","7":"product_cat-poppers-large","9":"first","10":"instock","11":"taxable","12":"shipping-taxable","13":"purchasable","14":"product-type-simple"},"jetpack_sharing_enabled":true,"_links":{"self":[{"href":"https:\/\/dutchchemlabs.com\/lv\/wp-json\/wp\/v2\/product\/3748","targetHints":{"allow":["GET"]}}],"collection":[{"href":"https:\/\/dutchchemlabs.com\/lv\/wp-json\/wp\/v2\/product"}],"about":[{"href":"https:\/\/dutchchemlabs.com\/lv\/wp-json\/wp\/v2\/types\/product"}],"replies":[{"embeddable":true,"href":"https:\/\/dutchchemlabs.com\/lv\/wp-json\/wp\/v2\/comments?post=3748"}],"version-history":[{"count":1,"href":"https:\/\/dutchchemlabs.com\/lv\/wp-json\/wp\/v2\/product\/3748\/revisions"}],"predecessor-version":[{"id":3776,"href":"https:\/\/dutchchemlabs.com\/lv\/wp-json\/wp\/v2\/product\/3748\/revisions\/3776"}],"wp:featuredmedia":[{"embeddable":true,"href":"https:\/\/dutchchemlabs.com\/lv\/wp-json\/wp\/v2\/media\/3775"}],"wp:attachment":[{"href":"https:\/\/dutchchemlabs.com\/lv\/wp-json\/wp\/v2\/media?parent=3748"}],"wp:term":[{"taxonomy":"product_brand","embeddable":true,"href":"https:\/\/dutchchemlabs.com\/lv\/wp-json\/wp\/v2\/product_brand?post=3748"},{"taxonomy":"product_cat","embeddable":true,"href":"https:\/\/dutchchemlabs.com\/lv\/wp-json\/wp\/v2\/product_cat?post=3748"},{"taxonomy":"product_tag","embeddable":true,"href":"https:\/\/dutchchemlabs.com\/lv\/wp-json\/wp\/v2\/product_tag?post=3748"}],"curies":[{"name":"wp","href":"https:\/\/api.w.org\/{rel}","templated":true}]}}